{"id":826,"date":"2017-10-10T12:37:00","date_gmt":"2017-10-10T10:37:00","guid":{"rendered":"http:\/\/materlivres.org\/?page_id=826"},"modified":"2017-10-10T13:47:05","modified_gmt":"2017-10-10T11:47:05","slug":"calendrier","status":"publish","type":"page","link":"https:\/\/materlivres.org\/?page_id=826","title":{"rendered":"Calendrier"},"content":{"rendered":"<h3><a href=\"https:\/\/materlivres.org\/wp-content\/uploads\/2017\/10\/Calendrier.jpg\"><img loading=\"lazy\" decoding=\"async\" class=\"wp-image-831 alignright\" src=\"https:\/\/materlivres.org\/wp-content\/uploads\/2017\/10\/Calendrier.jpg\" alt=\"\" width=\"197\" height=\"247\" srcset=\"https:\/\/materlivres.org\/wp-content\/uploads\/2017\/10\/Calendrier.jpg 964w, https:\/\/materlivres.org\/wp-content\/uploads\/2017\/10\/Calendrier-240x300.jpg 240w, https:\/\/materlivres.org\/wp-content\/uploads\/2017\/10\/Calendrier-768x961.jpg 768w, https:\/\/materlivres.org\/wp-content\/uploads\/2017\/10\/Calendrier-819x1024.jpg 819w, https:\/\/materlivres.org\/wp-content\/uploads\/2017\/10\/Calendrier-600x751.jpg 600w\" sizes=\"(max-width: 197px) 100vw, 197px\" \/><\/a>Les changements climatiques<\/h3>\n<p><strong>Jusqu&#8217;au 20 f\u00e9vrier<\/strong> \u00a0 <a href=\"https:\/\/materlivres.org\/?p=804\">Inscriptions<\/a><\/p>\n<p>Pendant cette p\u00e9riode, les classes sont invit\u00e9e \u00e0 pr\u00e9parer un court texte de pr\u00e9sentation<\/p>\n<p><strong>Du 21 f\u00e9vrier au 10 mars<\/strong><\/p>\n<ul>\n<li>Constitution des groupes<\/li>\n<li>Diffusions des informations \u00e0 chaque groupe<\/li>\n<li>Cr\u00e9ation des identifiants et mots de passe<\/li>\n<li>V\u00e9rifications des calendriers d&#8217;intervention de chaque classe<\/li>\n<\/ul>\n<p><strong>Du 12 mars au 20 avril<\/strong><\/p>\n<p>R\u00e9daction des classes suivant le calendrier :<br \/>\n3 possibilit\u00e9s d&#8217;interventions\u00a0 Classe A \/ Classe B \/ Classe C<\/p>\n<ul>\n<li>Semaine 1\u00a0 (12 mars\/16 mars) :\u00a0\u00a0 premi\u00e8re intervention Classe A\n<ul>\n<li>Semaine 2\u00a0 (19 mars\/23 mars) :\u00a0 premi\u00e8re intervention Classe B\n<ul>\n<li>Semaine 3\u00a0 (26 mars\/30 mars) :\u00a0 premi\u00e8re intervention Classe C<\/li>\n<\/ul>\n<\/li>\n<\/ul>\n<\/li>\n<li>Semaine 4\u00a0 (2 avril\/6 avril) :\u00a0 seconde intervention Classe A\n<ul>\n<li>Semaine 5\u00a0 (9 avril\/13avril) :\u00a0 seconde intervention Classe B\n<ul>\n<li>Semaine 6\u00a0 (16 avril\/20 avril) : seconde intervention Classe C<\/li>\n<\/ul>\n<\/li>\n<\/ul>\n<\/li>\n<\/ul>\n<p>&nbsp;<\/p>\n<p>&nbsp;<\/p>\n","protected":false},"excerpt":{"rendered":"<p>Les changements climatiques Jusqu&#8217;au 20 f\u00e9vrier \u00a0 Inscriptions Pendant cette p\u00e9riode, les classes sont invit\u00e9e \u00e0 pr\u00e9parer un court texte de pr\u00e9sentation Du 21 f\u00e9vrier au 10 mars Constitution des groupes Diffusions des informations \u00e0 chaque groupe Cr\u00e9ation des identifiants et mots de passe V\u00e9rifications des calendriers d&#8217;intervention de chaque classe Du 12 mars au &hellip; <\/p>\n<p class=\"link-more\"><a href=\"https:\/\/materlivres.org\/?page_id=826\" class=\"more-link\">Continuer la lecture<span class=\"screen-reader-text\"> de &laquo;&nbsp;Calendrier&nbsp;&raquo;<\/span><\/a><\/p>\n","protected":false},"author":2,"featured_media":0,"parent":0,"menu_order":0,"comment_status":"closed","ping_status":"closed","template":"","meta":{"footnotes":""},"_links":{"self":[{"href":"https:\/\/materlivres.org\/index.php?rest_route=\/wp\/v2\/pages\/826"}],"collection":[{"href":"https:\/\/materlivres.org\/index.php?rest_route=\/wp\/v2\/pages"}],"about":[{"href":"https:\/\/materlivres.org\/index.php?rest_route=\/wp\/v2\/types\/page"}],"author":[{"embeddable":true,"href":"https:\/\/materlivres.org\/index.php?rest_route=\/wp\/v2\/users\/2"}],"replies":[{"embeddable":true,"href":"https:\/\/materlivres.org\/index.php?rest_route=%2Fwp%2Fv2%2Fcomments&post=826"}],"version-history":[{"count":4,"href":"https:\/\/materlivres.org\/index.php?rest_route=\/wp\/v2\/pages\/826\/revisions"}],"predecessor-version":[{"id":832,"href":"https:\/\/materlivres.org\/index.php?rest_route=\/wp\/v2\/pages\/826\/revisions\/832"}],"wp:attachment":[{"href":"https:\/\/materlivres.org\/index.php?rest_route=%2Fwp%2Fv2%2Fmedia&parent=826"}],"curies":[{"name":"wp","href":"https:\/\/api.w.org\/{rel}","templated":true}]}}