{"id":807,"date":"2017-10-10T11:56:02","date_gmt":"2017-10-10T09:56:02","guid":{"rendered":"http:\/\/materlivres.org\/?page_id=807"},"modified":"2018-01-17T23:16:09","modified_gmt":"2018-01-17T22:16:09","slug":"inscriptions","status":"publish","type":"page","link":"https:\/\/materlivres.org\/?page_id=807","title":{"rendered":"Pr\u00e9sentation"},"content":{"rendered":"<h3>Illustrations \u00e0 la mani\u00e8re de&#8230;<\/h3>\n<p>CHRISTIAN VOLTZ<\/p>\n<p><strong>D\u00e9roulement :<a href=\"https:\/\/materlivres.org\/wp-content\/uploads\/2017\/06\/1.jpg\"><img loading=\"lazy\" decoding=\"async\" class=\" wp-image-498 alignright\" src=\"https:\/\/materlivres.org\/wp-content\/uploads\/2017\/06\/1.jpg\" alt=\"\" width=\"139\" height=\"165\" srcset=\"https:\/\/materlivres.org\/wp-content\/uploads\/2017\/06\/1.jpg 259w, https:\/\/materlivres.org\/wp-content\/uploads\/2017\/06\/1-253x300.jpg 253w\" sizes=\"(max-width: 139px) 100vw, 139px\" \/><\/a><br \/>\n<\/strong><\/p>\n<p>Le mois de janvier est pr\u00e9vu pour un travail autour de l&#8217;auteur, son style ses r\u00e9alisations et plus particuli\u00e8rement sur son album &#8220;C&#8217;est pas ma faute&#8221;,\u00a0 d&#8217;o\u00f9 est tir\u00e9 le personnage de la fermi\u00e8re.<\/p>\n<p>Le site vous donne quelques renseignements sur <a href=\"https:\/\/materlivres.org\/?page_id=495\">l&#8217;auteur<\/a> et quelques<\/p>\n<p>exemples de <a href=\"https:\/\/materlivres.org\/?p=912\">r\u00e9alisations<\/a><\/p>\n<p><strong>Cette premi\u00e8re phase<\/strong> se conclura par la production d&#8217;une \u0153uvre collective,\u00a0 \u00e0 photographier et \u00e0 transmettre par messagerie pour <u>le 8 f\u00e9vrier<\/u> (Plus t\u00f4t si la r\u00e9alisation est pr\u00eate) pour la publication dans la galerie.<\/p>\n<p><strong>Commence alors la seconde phase<\/strong> (<u>Jusqu&#8217;au 23 f\u00e9vrier<\/u>) qui\u00a0 permettra aux participants de consulter les \u0153uvres r\u00e9alis\u00e9es et de les commenter avec les classes. L\u00e0 encore le format collectif est \u00e0 privil\u00e9gier, que ce soit en groupe classe ou en groupe de langage. Comme tout commentaire sur internet, ils resteront dans la partie priv\u00e9e et n&#8217;apparaitront qu&#8217;apr\u00e8s validation.<\/p>\n<h3><img loading=\"lazy\" decoding=\"async\" class=\"alignnone wp-image-975 size-full\" src=\"https:\/\/materlivres.org\/wp-content\/uploads\/2017\/10\/animaux.jpg\" alt=\"\" width=\"940\" height=\"466\" srcset=\"https:\/\/materlivres.org\/wp-content\/uploads\/2017\/10\/animaux.jpg 940w, https:\/\/materlivres.org\/wp-content\/uploads\/2017\/10\/animaux-300x149.jpg 300w, https:\/\/materlivres.org\/wp-content\/uploads\/2017\/10\/animaux-768x381.jpg 768w, https:\/\/materlivres.org\/wp-content\/uploads\/2017\/10\/animaux-600x297.jpg 600w\" sizes=\"(max-width: 706px) 89vw, (max-width: 767px) 82vw, 740px\" \/><\/h3>\n<p><strong>La troisi\u00e8me phase<\/strong> (<u>Apr\u00e8s le 23 f\u00e9vrier<\/u>) permettra \u00e0 tous, parents d&#8217;\u00e9l\u00e8ves, simple visiteurs et surtout \u00e0 Christian Voltz de laisser \u00e0 leur tour des commentaires.<\/p>\n<p>L&#8217;association a exp\u00e9riment\u00e9 cette formule avec une petite activit\u00e9 autour du gentil dragon. Elles est disponible sous la galerie intitul\u00e9e :<a href=\"https:\/\/materlivres.org\/?p=525\"> le repaire des dragons<\/a><\/p>\n<p>Vous pouvez aussi consulter la petite <a href=\"https:\/\/materlivres.org\/?page_id=927\">pr\u00e9sentation collective<\/a> des classes participantes.<\/p>\n<p>&nbsp;<\/p>\n<p>&nbsp;<\/p>\n<p>&nbsp;<\/p>\n","protected":false},"excerpt":{"rendered":"<p>Illustrations \u00e0 la mani\u00e8re de&#8230; CHRISTIAN VOLTZ D\u00e9roulement : Le mois de janvier est pr\u00e9vu pour un travail autour de l&#8217;auteur, son style ses r\u00e9alisations et plus particuli\u00e8rement sur son album &#8220;C&#8217;est pas ma faute&#8221;,\u00a0 d&#8217;o\u00f9 est tir\u00e9 le personnage de la fermi\u00e8re. Le site vous donne quelques renseignements sur l&#8217;auteur et quelques exemples de &hellip; <\/p>\n<p class=\"link-more\"><a href=\"https:\/\/materlivres.org\/?page_id=807\" class=\"more-link\">Continuer la lecture<span class=\"screen-reader-text\"> de &laquo;&nbsp;Pr\u00e9sentation&nbsp;&raquo;<\/span><\/a><\/p>\n","protected":false},"author":2,"featured_media":0,"parent":0,"menu_order":0,"comment_status":"closed","ping_status":"closed","template":"","meta":{"footnotes":""},"_links":{"self":[{"href":"https:\/\/materlivres.org\/index.php?rest_route=\/wp\/v2\/pages\/807"}],"collection":[{"href":"https:\/\/materlivres.org\/index.php?rest_route=\/wp\/v2\/pages"}],"about":[{"href":"https:\/\/materlivres.org\/index.php?rest_route=\/wp\/v2\/types\/page"}],"author":[{"embeddable":true,"href":"https:\/\/materlivres.org\/index.php?rest_route=\/wp\/v2\/users\/2"}],"replies":[{"embeddable":true,"href":"https:\/\/materlivres.org\/index.php?rest_route=%2Fwp%2Fv2%2Fcomments&post=807"}],"version-history":[{"count":11,"href":"https:\/\/materlivres.org\/index.php?rest_route=\/wp\/v2\/pages\/807\/revisions"}],"predecessor-version":[{"id":981,"href":"https:\/\/materlivres.org\/index.php?rest_route=\/wp\/v2\/pages\/807\/revisions\/981"}],"wp:attachment":[{"href":"https:\/\/materlivres.org\/index.php?rest_route=%2Fwp%2Fv2%2Fmedia&parent=807"}],"curies":[{"name":"wp","href":"https:\/\/api.w.org\/{rel}","templated":true}]}}