{"id":793,"date":"2017-10-07T18:23:33","date_gmt":"2017-10-07T16:23:33","guid":{"rendered":"http:\/\/materlivres.org\/?page_id=793"},"modified":"2017-10-08T10:32:11","modified_gmt":"2017-10-08T08:32:11","slug":"materzique","status":"publish","type":"page","link":"https:\/\/materlivres.org\/?page_id=793","title":{"rendered":"Materzique"},"content":{"rendered":"<p><a href=\"https:\/\/materlivres.org\/wp-content\/uploads\/2017\/10\/materzique-logo.jpg\"><img loading=\"lazy\" decoding=\"async\" class=\"size-full wp-image-798 alignright\" src=\"https:\/\/materlivres.org\/wp-content\/uploads\/2017\/10\/materzique-logo.jpg\" alt=\"\" width=\"430\" height=\"286\" srcset=\"https:\/\/materlivres.org\/wp-content\/uploads\/2017\/10\/materzique-logo.jpg 430w, https:\/\/materlivres.org\/wp-content\/uploads\/2017\/10\/materzique-logo-300x200.jpg 300w\" sizes=\"(max-width: 430px) 100vw, 430px\" \/><\/a>C&#8217;est le nouveau projet musical de l&#8217;association<\/p>\n<p>Le but : permettre aux enfants de maternelle d&#8217;entrer en contact avec des vrais instruments \u00e0 observer, manipuler, comprendre&#8230;<\/p>\n<p>Ce sont certes des instruments en fin de vie, mais qui permettront aux enfants une entr\u00e9e concr\u00e8te dans la sph\u00e8re musicale,\u00a0 de cr\u00e9er des sons, de comparer des instruments, de frapper, souffler, frotter, pincer, etc&#8230;<\/p>\n<p>Bonnaventure, le magasin de musique \u00e0 Caen, est notre partenaire dans cette nouvelle aventure et nous a d\u00e9j\u00e0 permis de r\u00e9cup\u00e9rer des instruments&#8230; Merci \u00e0 lui et au g\u00e9n\u00e9reux musiciens<\/p>\n","protected":false},"excerpt":{"rendered":"<p>C&#8217;est le nouveau projet musical de l&#8217;association Le but : permettre aux enfants de maternelle d&#8217;entrer en contact avec des vrais instruments \u00e0 observer, manipuler, comprendre&#8230; Ce sont certes des instruments en fin de vie, mais qui permettront aux enfants une entr\u00e9e concr\u00e8te dans la sph\u00e8re musicale,\u00a0 de cr\u00e9er des sons, de comparer des instruments, &hellip; <\/p>\n<p class=\"link-more\"><a href=\"https:\/\/materlivres.org\/?page_id=793\" class=\"more-link\">Continuer la lecture<span class=\"screen-reader-text\"> de &laquo;&nbsp;Materzique&nbsp;&raquo;<\/span><\/a><\/p>\n","protected":false},"author":2,"featured_media":0,"parent":0,"menu_order":0,"comment_status":"closed","ping_status":"closed","template":"","meta":{"footnotes":""},"_links":{"self":[{"href":"https:\/\/materlivres.org\/index.php?rest_route=\/wp\/v2\/pages\/793"}],"collection":[{"href":"https:\/\/materlivres.org\/index.php?rest_route=\/wp\/v2\/pages"}],"about":[{"href":"https:\/\/materlivres.org\/index.php?rest_route=\/wp\/v2\/types\/page"}],"author":[{"embeddable":true,"href":"https:\/\/materlivres.org\/index.php?rest_route=\/wp\/v2\/users\/2"}],"replies":[{"embeddable":true,"href":"https:\/\/materlivres.org\/index.php?rest_route=%2Fwp%2Fv2%2Fcomments&post=793"}],"version-history":[{"count":2,"href":"https:\/\/materlivres.org\/index.php?rest_route=\/wp\/v2\/pages\/793\/revisions"}],"predecessor-version":[{"id":800,"href":"https:\/\/materlivres.org\/index.php?rest_route=\/wp\/v2\/pages\/793\/revisions\/800"}],"wp:attachment":[{"href":"https:\/\/materlivres.org\/index.php?rest_route=%2Fwp%2Fv2%2Fmedia&parent=793"}],"curies":[{"name":"wp","href":"https:\/\/api.w.org\/{rel}","templated":true}]}}