{"id":680,"date":"2017-08-31T20:19:34","date_gmt":"2017-08-31T18:19:34","guid":{"rendered":"http:\/\/materlivres.org\/?page_id=680"},"modified":"2017-08-31T20:23:48","modified_gmt":"2017-08-31T18:23:48","slug":"presentation-pedagogique","status":"publish","type":"page","link":"https:\/\/materlivres.org\/?page_id=680","title":{"rendered":"Pr\u00e9sentation p\u00e9dagogique"},"content":{"rendered":"<h3>Des histoires pour comprendre<\/h3>\n<p>Ces\u00a0 histoires permettent d&#8217;aborder d&#8217;une fa\u00e7on ludique et conviviale des th\u00e8mes forts du monde moderne qui baignent les enfants sans que ces derniers ne les comprennent. Ils auront ainsi l&#8217;occasion d&#8217;\u00e9changer et de partager une histoire leur permettant d&#8217;appr\u00e9hender ces probl\u00e8mes et de d\u00e9velopper leur esprit citoyen.<\/p>\n<p>Les probl\u00e9matiques abord\u00e9es par ces histoires :<\/p>\n<h3>Plapla le rat inond\u00e9 :<\/h3>\n<ul>\n<li>Le racisme (Rat noir n&#8217;acceptant pas les rats blancs)<\/li>\n<li>L&#8217;\u00e9migration climatique (Le rat cherche refuge chez son voisin)<\/li>\n<li>Le partage et la solidarit\u00e9 (Le rat \u00e9pargn\u00e9 et le rat d\u00e9muni)<\/li>\n<li>Les catastrophes naturelles<\/li>\n<\/ul>\n<h3>La tablette de TOM<\/h3>\n<ul>\n<li>Addiction aux \u00e9crans (Tom passe son temps avec sa tablette)<\/li>\n<li>Solitude et relation humaine (il d\u00e9laisse sa s\u0153ur et reste seul)<\/li>\n<li>Manque d&#8217;empathie (la tristesse de sa s\u0153ur ne l&#8217;atteint pas)<\/li>\n<\/ul>\n<h3>La fonte de la banquise<\/h3>\n<ul>\n<li>Le r\u00e9chauffement climatique (La glace qui fond)<\/li>\n<li>Le r\u00e9chauffement climatique ( la mont\u00e9e des eaux)<\/li>\n<li>L&#8217;\u00e9migration climatique (disparition de certaines \u00eeles et de la banquise)<\/li>\n<li>Le partage et la solidarit\u00e9 (comment surmonter les difficult\u00e9s)<\/li>\n<\/ul>\n<p>&nbsp;<\/p>\n<p>&nbsp;<\/p>\n<p>&nbsp;<\/p>\n","protected":false},"excerpt":{"rendered":"<p>Des histoires pour comprendre Ces\u00a0 histoires permettent d&#8217;aborder d&#8217;une fa\u00e7on ludique et conviviale des th\u00e8mes forts du monde moderne qui baignent les enfants sans que ces derniers ne les comprennent. Ils auront ainsi l&#8217;occasion d&#8217;\u00e9changer et de partager une histoire leur permettant d&#8217;appr\u00e9hender ces probl\u00e8mes et de d\u00e9velopper leur esprit citoyen. Les probl\u00e9matiques abord\u00e9es par &hellip; <\/p>\n<p class=\"link-more\"><a href=\"https:\/\/materlivres.org\/?page_id=680\" class=\"more-link\">Continuer la lecture<span class=\"screen-reader-text\"> de &laquo;&nbsp;Pr\u00e9sentation p\u00e9dagogique&nbsp;&raquo;<\/span><\/a><\/p>\n","protected":false},"author":2,"featured_media":0,"parent":653,"menu_order":0,"comment_status":"closed","ping_status":"closed","template":"","meta":{"footnotes":""},"_links":{"self":[{"href":"https:\/\/materlivres.org\/index.php?rest_route=\/wp\/v2\/pages\/680"}],"collection":[{"href":"https:\/\/materlivres.org\/index.php?rest_route=\/wp\/v2\/pages"}],"about":[{"href":"https:\/\/materlivres.org\/index.php?rest_route=\/wp\/v2\/types\/page"}],"author":[{"embeddable":true,"href":"https:\/\/materlivres.org\/index.php?rest_route=\/wp\/v2\/users\/2"}],"replies":[{"embeddable":true,"href":"https:\/\/materlivres.org\/index.php?rest_route=%2Fwp%2Fv2%2Fcomments&post=680"}],"version-history":[{"count":6,"href":"https:\/\/materlivres.org\/index.php?rest_route=\/wp\/v2\/pages\/680\/revisions"}],"predecessor-version":[{"id":693,"href":"https:\/\/materlivres.org\/index.php?rest_route=\/wp\/v2\/pages\/680\/revisions\/693"}],"up":[{"embeddable":true,"href":"https:\/\/materlivres.org\/index.php?rest_route=\/wp\/v2\/pages\/653"}],"wp:attachment":[{"href":"https:\/\/materlivres.org\/index.php?rest_route=%2Fwp%2Fv2%2Fmedia&parent=680"}],"curies":[{"name":"wp","href":"https:\/\/api.w.org\/{rel}","templated":true}]}}