{"id":653,"date":"2017-08-26T16:42:32","date_gmt":"2017-08-26T14:42:32","guid":{"rendered":"http:\/\/materlivres.org\/?page_id=653"},"modified":"2017-08-31T20:22:57","modified_gmt":"2017-08-31T18:22:57","slug":"les-changements-climatiques","status":"publish","type":"page","link":"https:\/\/materlivres.org\/?page_id=653","title":{"rendered":"La session 2018"},"content":{"rendered":"<h3>Les changements climatiques<\/h3>\n<figure id=\"attachment_655\" aria-describedby=\"caption-attachment-655\" style=\"width: 300px\" class=\"wp-caption alignright\"><a href=\"https:\/\/materlivres.org\/wp-content\/uploads\/2017\/08\/4a.jpg\"><img loading=\"lazy\" decoding=\"async\" class=\"wp-image-655 size-medium\" src=\"https:\/\/materlivres.org\/wp-content\/uploads\/2017\/08\/4a-300x194.jpg\" alt=\"\" width=\"300\" height=\"194\" srcset=\"https:\/\/materlivres.org\/wp-content\/uploads\/2017\/08\/4a-300x194.jpg 300w, https:\/\/materlivres.org\/wp-content\/uploads\/2017\/08\/4a.jpg 317w\" sizes=\"(max-width: 300px) 100vw, 300px\" \/><\/a><figcaption id=\"caption-attachment-655\" class=\"wp-caption-text\">Illustration issue d&#8217;une session pr\u00e9c\u00e9dente<\/figcaption><\/figure>\n<p>Cette ann\u00e9e l&#8217;\u00e9criture collaborative se d\u00e9cline selon le th\u00e8me actuel de l&#8217;\u00e9volution du climat. 3 aspects seront principalement trait\u00e9s :<\/p>\n<ul>\n<li>Les inondations et l&#8217;immigration climatique<\/li>\n<li>La fonte des glaces ou la s\u00e9cheresse<\/li>\n<li>les catastrophes climatiques<\/li>\n<\/ul>\n<p>&nbsp;<\/p>\n<p>Le th\u00e8me de l&#8217;emprise du num\u00e9rique sur les jeunes enfants sera aussi ajout\u00e9s.<\/p>\n<figure id=\"attachment_657\" aria-describedby=\"caption-attachment-657\" style=\"width: 300px\" class=\"wp-caption alignright\"><a href=\"https:\/\/materlivres.org\/wp-content\/uploads\/2017\/08\/4.jpg\"><img loading=\"lazy\" decoding=\"async\" class=\"wp-image-657 size-medium\" src=\"https:\/\/materlivres.org\/wp-content\/uploads\/2017\/08\/4-300x215.jpg\" alt=\"\" width=\"300\" height=\"215\" srcset=\"https:\/\/materlivres.org\/wp-content\/uploads\/2017\/08\/4-300x215.jpg 300w, https:\/\/materlivres.org\/wp-content\/uploads\/2017\/08\/4.jpg 500w\" sizes=\"(max-width: 300px) 100vw, 300px\" \/><\/a><figcaption id=\"caption-attachment-657\" class=\"wp-caption-text\">Illustration issue d&#8217;une pr\u00e9c\u00e9dente session.<\/figcaption><\/figure>\n<p>Ces histoires permettront d&#8217;aborder de nombreux sujets d\u00e9licats avec les enfants sous formes d&#8217;histoires amusantes et rassurantes. Ils permettront une recherche en classe et de nombreux d\u00e9bats et phases de langage collectives, et bien s\u00fbr le partage avec les enfants du monde entier.<\/p>\n<p><a href=\"https:\/\/materlivres.org\/?page_id=673\"><strong>LiEN POUR LA PR\u00c9SENTATION DES\u00a0\u00a0 HISTOIRES <\/strong><\/a><\/p>\n","protected":false},"excerpt":{"rendered":"<p>Les changements climatiques Cette ann\u00e9e l&#8217;\u00e9criture collaborative se d\u00e9cline selon le th\u00e8me actuel de l&#8217;\u00e9volution du climat. 3 aspects seront principalement trait\u00e9s : Les inondations et l&#8217;immigration climatique La fonte des glaces ou la s\u00e9cheresse les catastrophes climatiques &nbsp; Le th\u00e8me de l&#8217;emprise du num\u00e9rique sur les jeunes enfants sera aussi ajout\u00e9s. Ces histoires permettront &hellip; <\/p>\n<p class=\"link-more\"><a href=\"https:\/\/materlivres.org\/?page_id=653\" class=\"more-link\">Continuer la lecture<span class=\"screen-reader-text\"> de &laquo;&nbsp;La session 2018&nbsp;&raquo;<\/span><\/a><\/p>\n","protected":false},"author":2,"featured_media":0,"parent":0,"menu_order":0,"comment_status":"closed","ping_status":"closed","template":"","meta":{"footnotes":""},"_links":{"self":[{"href":"https:\/\/materlivres.org\/index.php?rest_route=\/wp\/v2\/pages\/653"}],"collection":[{"href":"https:\/\/materlivres.org\/index.php?rest_route=\/wp\/v2\/pages"}],"about":[{"href":"https:\/\/materlivres.org\/index.php?rest_route=\/wp\/v2\/types\/page"}],"author":[{"embeddable":true,"href":"https:\/\/materlivres.org\/index.php?rest_route=\/wp\/v2\/users\/2"}],"replies":[{"embeddable":true,"href":"https:\/\/materlivres.org\/index.php?rest_route=%2Fwp%2Fv2%2Fcomments&post=653"}],"version-history":[{"count":16,"href":"https:\/\/materlivres.org\/index.php?rest_route=\/wp\/v2\/pages\/653\/revisions"}],"predecessor-version":[{"id":692,"href":"https:\/\/materlivres.org\/index.php?rest_route=\/wp\/v2\/pages\/653\/revisions\/692"}],"wp:attachment":[{"href":"https:\/\/materlivres.org\/index.php?rest_route=%2Fwp%2Fv2%2Fmedia&parent=653"}],"curies":[{"name":"wp","href":"https:\/\/api.w.org\/{rel}","templated":true}]}}