{"id":635,"date":"2017-07-11T14:32:31","date_gmt":"2017-07-11T12:32:31","guid":{"rendered":"http:\/\/materlivres.org\/?page_id=635"},"modified":"2017-09-17T17:20:29","modified_gmt":"2017-09-17T15:20:29","slug":"lillustratrice-deuts","status":"publish","type":"page","link":"https:\/\/materlivres.org\/?page_id=635","title":{"rendered":"L&#8217;illustratrice : Bleuts"},"content":{"rendered":"<p>Cette pages est d\u00e9di\u00e9e \u00e0 la pr\u00e9sentation de l&#8217;artiste.<\/p>\n<p>Elle est en cours de d\u00e9veloppement.<\/p>\n<p>Au festival &#8220;Cidre et dragon&#8221; devant notre affiche, elle pose pour nous&#8230;<\/p>\n<p>Merci Bleuts<a href=\"https:\/\/materlivres.org\/wp-content\/uploads\/2017\/07\/bleuts.jpg\"><img loading=\"lazy\" decoding=\"async\" class=\"size-full wp-image-759 aligncenter\" src=\"https:\/\/materlivres.org\/wp-content\/uploads\/2017\/07\/bleuts.jpg\" alt=\"\" width=\"2448\" height=\"3264\" srcset=\"https:\/\/materlivres.org\/wp-content\/uploads\/2017\/07\/bleuts.jpg 2448w, https:\/\/materlivres.org\/wp-content\/uploads\/2017\/07\/bleuts-225x300.jpg 225w, https:\/\/materlivres.org\/wp-content\/uploads\/2017\/07\/bleuts-768x1024.jpg 768w, https:\/\/materlivres.org\/wp-content\/uploads\/2017\/07\/bleuts-600x800.jpg 600w\" sizes=\"(max-width: 706px) 89vw, (max-width: 767px) 82vw, 740px\" \/><\/a><\/p>\n<p>Liens vers les sites et les r\u00e9seaux sociaux : \u00e0 venir<\/p>\n<p>&nbsp;<\/p>\n","protected":false},"excerpt":{"rendered":"<p>Cette pages est d\u00e9di\u00e9e \u00e0 la pr\u00e9sentation de l&#8217;artiste. Elle est en cours de d\u00e9veloppement. Au festival &#8220;Cidre et dragon&#8221; devant notre affiche, elle pose pour nous&#8230; Merci Bleuts Liens vers les sites et les r\u00e9seaux sociaux : \u00e0 venir &nbsp;<\/p>\n","protected":false},"author":2,"featured_media":633,"parent":0,"menu_order":0,"comment_status":"closed","ping_status":"closed","template":"","meta":{"footnotes":""},"_links":{"self":[{"href":"https:\/\/materlivres.org\/index.php?rest_route=\/wp\/v2\/pages\/635"}],"collection":[{"href":"https:\/\/materlivres.org\/index.php?rest_route=\/wp\/v2\/pages"}],"about":[{"href":"https:\/\/materlivres.org\/index.php?rest_route=\/wp\/v2\/types\/page"}],"author":[{"embeddable":true,"href":"https:\/\/materlivres.org\/index.php?rest_route=\/wp\/v2\/users\/2"}],"replies":[{"embeddable":true,"href":"https:\/\/materlivres.org\/index.php?rest_route=%2Fwp%2Fv2%2Fcomments&post=635"}],"version-history":[{"count":7,"href":"https:\/\/materlivres.org\/index.php?rest_route=\/wp\/v2\/pages\/635\/revisions"}],"predecessor-version":[{"id":760,"href":"https:\/\/materlivres.org\/index.php?rest_route=\/wp\/v2\/pages\/635\/revisions\/760"}],"wp:featuredmedia":[{"embeddable":true,"href":"https:\/\/materlivres.org\/index.php?rest_route=\/wp\/v2\/media\/633"}],"wp:attachment":[{"href":"https:\/\/materlivres.org\/index.php?rest_route=%2Fwp%2Fv2%2Fmedia&parent=635"}],"curies":[{"name":"wp","href":"https:\/\/api.w.org\/{rel}","templated":true}]}}