{"id":627,"date":"2017-07-10T19:14:29","date_gmt":"2017-07-10T17:14:29","guid":{"rendered":"http:\/\/materlivres.org\/?page_id=627"},"modified":"2017-07-10T19:15:13","modified_gmt":"2017-07-10T17:15:13","slug":"pedagogie","status":"publish","type":"page","link":"https:\/\/materlivres.org\/?page_id=627","title":{"rendered":"P\u00e9dagogie"},"content":{"rendered":"<div class=\"entry-content\">\n<div class=\"entry-content\">\n<p>C\u2019est une activit\u00e9 collective de cr\u00e9ation artistique et de partage langagier autour d\u2019une \u0153uvre d\u2019un auteur de litt\u00e9rature enfantine.<\/p>\n<p>Les enfants et leurs parents auront la possibilit\u00e9 de rencontrer l&#8217;illustratrice au festival &#8220;Cidre &amp; Dragon&#8221; et d&#8217;\u00e9changer avec elle, et de s\u2019impr\u00e9gner de l&#8217;atmosph\u00e8re particuli\u00e8re du festival.<\/p>\n<h3>Plusieurs niveaux de partages sont n\u00e9cessaires :<\/h3>\n<p>\u2013 Entre l\u2019auteur faisant d\u00e9couvrir son \u0153uvre aux enfants<br \/>\n&#8211; Entre les enfants ayant ou n&#8217;ayant pas\u00a0 particip\u00e9 au festival<br \/>\n\u2013 Entre les enfants d\u2019une m\u00eame classe pour la r\u00e9alisation de l\u2019\u0153uvre collective<br \/>\n\u2013 Entre les classes participantes avec la publication dans la galerie<br \/>\n\u2013 Entre les enfants et l\u2019auteur d\u00e9couvrant les multiples r\u00e9alisations<\/p>\n<h3>Objectifs p\u00e9dagogiques :<\/h3>\n<p><strong><em>Permettre des \u00e9changes langagiers<\/em> pour analyser<\/strong> et comprendre une \u0153uvre, rep\u00e9rer les techniques graphiques, la d\u00e9marche artistique et appr\u00e9hender les intentions de l\u2019auteur. Offrir une multiplicit\u00e9 d\u2019avis diff\u00e9rents pour partager, tol\u00e9rer, \u00e9voluer et s\u2019enrichir.<\/p>\n<p><em><strong>Permettre de nouvelles pratiques artistiques<\/strong><\/em> par la r\u00e9alisation d&#8217;une \u0153uvre artistique collective impos\u00e9e sur le fond et sur la forme.<\/p>\n<p><strong><em>Commencer ou poursuivre une appropriation culturelle<\/em><\/strong> plus g\u00e9n\u00e9rale, autour de la litt\u00e9rature enfantine, pouvant en partie \u00eatre associ\u00e9e au v\u00e9cu.<\/p>\n<p><strong><em>Participer \u00e0 un projet d\u2019envergure<\/em><\/strong> o\u00f9 l\u2019\u0153uvre r\u00e9alis\u00e9e par la classe s\u2019ins\u00e9rera dans un ensemble aux multiples facettes, permettant de d\u00e9couvrir et de s\u2019enrichir d\u2019autres d\u00e9marches, diff\u00e9rentes mais tout aussi pertinentes.<\/p>\n<p><strong><em>Favoriser les \u00ab\u00a0bons usages d\u2019Internet\u00a0\u00bb<\/em><\/strong> avec l\u2019utilisation des \u0153uvres, la mise en avant de d\u00e9marches collaboratives et de partages, dans une d\u00e9marche respectueuse, citoyenne et active.<\/p>\n<\/div>\n<\/div>\n","protected":false},"excerpt":{"rendered":"<p>C\u2019est une activit\u00e9 collective de cr\u00e9ation artistique et de partage langagier autour d\u2019une \u0153uvre d\u2019un auteur de litt\u00e9rature enfantine. Les enfants et leurs parents auront la possibilit\u00e9 de rencontrer l&#8217;illustratrice au festival &#8220;Cidre &amp; Dragon&#8221; et d&#8217;\u00e9changer avec elle, et de s\u2019impr\u00e9gner de l&#8217;atmosph\u00e8re particuli\u00e8re du festival. Plusieurs niveaux de partages sont n\u00e9cessaires : \u2013 &hellip; <\/p>\n<p class=\"link-more\"><a href=\"https:\/\/materlivres.org\/?page_id=627\" class=\"more-link\">Continuer la lecture<span class=\"screen-reader-text\"> de &laquo;&nbsp;P\u00e9dagogie&nbsp;&raquo;<\/span><\/a><\/p>\n","protected":false},"author":2,"featured_media":0,"parent":0,"menu_order":0,"comment_status":"closed","ping_status":"closed","template":"","meta":{"footnotes":""},"_links":{"self":[{"href":"https:\/\/materlivres.org\/index.php?rest_route=\/wp\/v2\/pages\/627"}],"collection":[{"href":"https:\/\/materlivres.org\/index.php?rest_route=\/wp\/v2\/pages"}],"about":[{"href":"https:\/\/materlivres.org\/index.php?rest_route=\/wp\/v2\/types\/page"}],"author":[{"embeddable":true,"href":"https:\/\/materlivres.org\/index.php?rest_route=\/wp\/v2\/users\/2"}],"replies":[{"embeddable":true,"href":"https:\/\/materlivres.org\/index.php?rest_route=%2Fwp%2Fv2%2Fcomments&post=627"}],"version-history":[{"count":1,"href":"https:\/\/materlivres.org\/index.php?rest_route=\/wp\/v2\/pages\/627\/revisions"}],"predecessor-version":[{"id":628,"href":"https:\/\/materlivres.org\/index.php?rest_route=\/wp\/v2\/pages\/627\/revisions\/628"}],"wp:attachment":[{"href":"https:\/\/materlivres.org\/index.php?rest_route=%2Fwp%2Fv2%2Fmedia&parent=627"}],"curies":[{"name":"wp","href":"https:\/\/api.w.org\/{rel}","templated":true}]}}