{"id":603,"date":"2017-07-09T23:59:43","date_gmt":"2017-07-09T21:59:43","guid":{"rendered":"http:\/\/materlivres.org\/?page_id=603"},"modified":"2017-11-15T22:04:35","modified_gmt":"2017-11-15T21:04:35","slug":"decouverte-musicale","status":"publish","type":"page","link":"https:\/\/materlivres.org\/?page_id=603","title":{"rendered":"D\u00e9couverte musicale"},"content":{"rendered":"<div>\n<h3>M@termusique<\/h3>\n<p>l&#8217;association \u00ab M@terlivres\u00a0\u00bb\u00a0 projette de mettre en contact les enfants de maternelle du Calvados, avec de v\u00e9ritables instruments \u00e0 d\u00e9couvrir, manipuler, entendre, comparer\u2026<\/p>\n<p>Elle souhaite constituer des packs d&#8217;instruments accompagn\u00e9s de fiches p\u00e9dagogiques et de s\u00e9ances types pour des utilisation en \u00e9coles maternelles. Issus principalement de donations des professionnels ou des particuliers, ses instruments retrouveront une seconde vie entre les mains des jeunes enfants.<\/p>\n<p><a href=\"https:\/\/materlivres.org\/wp-content\/uploads\/2017\/07\/instruments2.jpg\"> <img loading=\"lazy\" decoding=\"async\" class=\"size-full wp-image-606 aligncenter\" src=\"https:\/\/materlivres.org\/wp-content\/uploads\/2017\/07\/instruments2.jpg\" alt=\"\" width=\"1614\" height=\"878\" srcset=\"https:\/\/materlivres.org\/wp-content\/uploads\/2017\/07\/instruments2.jpg 1614w, https:\/\/materlivres.org\/wp-content\/uploads\/2017\/07\/instruments2-300x163.jpg 300w, https:\/\/materlivres.org\/wp-content\/uploads\/2017\/07\/instruments2-768x418.jpg 768w, https:\/\/materlivres.org\/wp-content\/uploads\/2017\/07\/instruments2-1024x557.jpg 1024w, https:\/\/materlivres.org\/wp-content\/uploads\/2017\/07\/instruments2-600x326.jpg 600w\" sizes=\"(max-width: 706px) 89vw, (max-width: 767px) 82vw, 740px\" \/><\/a><\/p>\n<p>Dans un premier temps ils serviront de sujet d&#8217;\u00e9tude et de langage\u00a0:<\/p>\n<ul>\n<li>regarder et d\u00e9crire<\/li>\n<li>classer et caract\u00e9riser<\/li>\n<li>d\u00e9couvrir le lexique correspondant<\/li>\n<\/ul>\n<p>Par la suite ils induiront une phase questionnement puis d&#8217;exp\u00e9rimentation scientifique :<\/p>\n<ul>\n<li>pourquoi on entend du bruit<\/li>\n<li>qu&#8217;est-ce qui le produit<\/li>\n<li>comment le modifier<\/li>\n<li>que se passe-t-il si :\n<ul>\n<li>on appuie<\/li>\n<li>on pince<\/li>\n<li>on tourne<\/li>\n<li>on gratte<\/li>\n<li>on souffle<\/li>\n<li>on bouche<\/li>\n<li>on fait plusieurs choses \u00e0 la fois<\/li>\n<li>etc&#8230;<\/li>\n<\/ul>\n<\/li>\n<\/ul>\n<p>Pour finir une manipulation musicale :<\/p>\n<ul>\n<li>Prise en main des instruments<\/li>\n<li>manipulation libre, mais adapt\u00e9e<\/li>\n<li>Essai de produire des sons<\/li>\n<li>Production de sons d\u00e9finis \u00e0 l&#8217;avance<\/li>\n<li>codage d\u00e9codage<a href=\"https:\/\/materlivres.org\/wp-content\/uploads\/2017\/07\/instruments.jpg\"><img loading=\"lazy\" decoding=\"async\" class=\"size-full wp-image-605 aligncenter\" src=\"https:\/\/materlivres.org\/wp-content\/uploads\/2017\/07\/instruments.jpg\" alt=\"\" width=\"1614\" height=\"878\" srcset=\"https:\/\/materlivres.org\/wp-content\/uploads\/2017\/07\/instruments.jpg 1614w, https:\/\/materlivres.org\/wp-content\/uploads\/2017\/07\/instruments-300x163.jpg 300w, https:\/\/materlivres.org\/wp-content\/uploads\/2017\/07\/instruments-768x418.jpg 768w, https:\/\/materlivres.org\/wp-content\/uploads\/2017\/07\/instruments-1024x557.jpg 1024w, https:\/\/materlivres.org\/wp-content\/uploads\/2017\/07\/instruments-600x326.jpg 600w\" sizes=\"(max-width: 706px) 89vw, (max-width: 767px) 82vw, 740px\" \/><\/a><\/li>\n<\/ul>\n<\/div>\n<div>Une trace pourra \u00eatre r\u00e9alis\u00e9e sous diverses formes<\/div>\n<div>\n<ul>\n<li>des photos<\/li>\n<li>des enregistrements<\/li>\n<li>des vid\u00e9os<\/li>\n<li>des publications sur Internet<br \/>\n&#8211; sur le site de l&#8217;\u00e9cole<br \/>\n&#8211; sur le site de l&#8217;association<br \/>\n&#8211; sur les cahiers des enfants<\/li>\n<\/ul>\n<\/div>\n<div>Ce projet musical\u00a0 pourrait contribuer \u00e0 d\u00e9velopper chez les enfants de 2 \u00e0 6 ans, (notamment ruraux), une app\u00e9tence musicale. Pour parfaire cette int\u00e9r\u00eat musical les pack pourront \u00eatre identifi\u00e9s et adapt\u00e9s aux offres musicales locales&#8230;<\/div>\n","protected":false},"excerpt":{"rendered":"<p>M@termusique l&#8217;association \u00ab M@terlivres\u00a0\u00bb\u00a0 projette de mettre en contact les enfants de maternelle du Calvados, avec de v\u00e9ritables instruments \u00e0 d\u00e9couvrir, manipuler, entendre, comparer\u2026 Elle souhaite constituer des packs d&#8217;instruments accompagn\u00e9s de fiches p\u00e9dagogiques et de s\u00e9ances types pour des utilisation en \u00e9coles maternelles. Issus principalement de donations des professionnels ou des particuliers, ses instruments &hellip; <\/p>\n<p class=\"link-more\"><a href=\"https:\/\/materlivres.org\/?page_id=603\" class=\"more-link\">Continuer la lecture<span class=\"screen-reader-text\"> de &laquo;&nbsp;D\u00e9couverte musicale&nbsp;&raquo;<\/span><\/a><\/p>\n","protected":false},"author":2,"featured_media":0,"parent":0,"menu_order":0,"comment_status":"closed","ping_status":"closed","template":"","meta":{"footnotes":""},"_links":{"self":[{"href":"https:\/\/materlivres.org\/index.php?rest_route=\/wp\/v2\/pages\/603"}],"collection":[{"href":"https:\/\/materlivres.org\/index.php?rest_route=\/wp\/v2\/pages"}],"about":[{"href":"https:\/\/materlivres.org\/index.php?rest_route=\/wp\/v2\/types\/page"}],"author":[{"embeddable":true,"href":"https:\/\/materlivres.org\/index.php?rest_route=\/wp\/v2\/users\/2"}],"replies":[{"embeddable":true,"href":"https:\/\/materlivres.org\/index.php?rest_route=%2Fwp%2Fv2%2Fcomments&post=603"}],"version-history":[{"count":8,"href":"https:\/\/materlivres.org\/index.php?rest_route=\/wp\/v2\/pages\/603\/revisions"}],"predecessor-version":[{"id":863,"href":"https:\/\/materlivres.org\/index.php?rest_route=\/wp\/v2\/pages\/603\/revisions\/863"}],"wp:attachment":[{"href":"https:\/\/materlivres.org\/index.php?rest_route=%2Fwp%2Fv2%2Fmedia&parent=603"}],"curies":[{"name":"wp","href":"https:\/\/api.w.org\/{rel}","templated":true}]}}