{"id":53,"date":"2017-04-24T10:51:44","date_gmt":"2017-04-24T08:51:44","guid":{"rendered":"http:\/\/materlivres.org\/?page_id=53"},"modified":"2025-11-07T19:06:32","modified_gmt":"2025-11-07T18:06:32","slug":"bienvenue","status":"publish","type":"page","link":"https:\/\/materlivres.org\/","title":{"rendered":"Accueil"},"content":{"rendered":"\n<h3 class=\"wp-block-heading\">Le vivre ensemble, le partage, la culture et la francophonie&#8230;<\/h3>\n\n\n<div class=\"wp-block-image\">\n<figure class=\"alignright\"><a href=\"http:\/\/www.afb-group.fr\/\"><img loading=\"lazy\" decoding=\"async\" width=\"300\" height=\"200\" src=\"https:\/\/materlivres.org\/wp-content\/uploads\/2018\/04\/Logo_AfB-300x200.jpg\" alt=\"\" class=\"wp-image-1279\" srcset=\"https:\/\/materlivres.org\/wp-content\/uploads\/2018\/04\/Logo_AfB-300x200.jpg 300w, https:\/\/materlivres.org\/wp-content\/uploads\/2018\/04\/Logo_AfB-768x513.jpg 768w, https:\/\/materlivres.org\/wp-content\/uploads\/2018\/04\/Logo_AfB-1024x684.jpg 1024w, https:\/\/materlivres.org\/wp-content\/uploads\/2018\/04\/Logo_AfB-600x401.jpg 600w\" sizes=\"(max-width: 300px) 100vw, 300px\" \/><\/a><figcaption class=\"wp-element-caption\">AfB donne une seconde vie au mat\u00e9riel informatique et un nouveau d\u00e9part \u00e0 des personnes en situation de handicap. Une d\u00e9marche que M@terlivres appr\u00e9cie particuli\u00e8rement.<\/figcaption><\/figure><\/div>\n\n\n<p>L\u2019association, propose de nombreux projets culturels aux classes maternelles de la francophonie, tous bas\u00e9s sur la citoyennet\u00e9, le partage et une utilisation raisonn\u00e9e du num\u00e9rique.<\/p>\n\n\n\n<p><strong>Le partage culturel<\/strong> <strong>des classes maternelles<\/strong><\/p>\n\n\n\n<p><strong>M@termonde 2026 :&nbsp; l&#8217;\u00e9criture collaborative,<\/strong><br>sur le th\u00e8me de l&#8217;environnement<\/p>\n\n\n\n<p>Le respect de la nature<\/p>\n\n\n\n<p>la pollution des plastiques<\/p>\n\n\n\n<p>La pollution chimique.<\/p>\n\n\n\n<p>Le gaspillage<\/p>\n\n\n\n<p>Les personnages des histoires qui permettront de faire vivre ces histoires :<\/p>\n\n\n\n<ul>\n<li><strong>Turalo le lapin<\/strong> <\/li>\n\n\n\n<li><strong>Delou le dauphin<\/strong><\/li>\n\n\n\n<li><strong>Dable, la petite fourmi<\/strong><\/li>\n\n\n\n<li><strong>Obeur, la grenouille.<\/strong><\/li>\n<\/ul>\n\n\n\n<h1 class=\"wp-block-heading\"><a href=\"https:\/\/framaforms.org\/inscriptions-2026-lenvironnement-1757515689\">Inscriptions <\/a> 2026 : (jusqu&#8217;au 31 janvier 2026 )<\/h1>\n\n\n\n<p>(En cas de forte affluence d&#8217;un pays les derni\u00e8res inscriptions pourront \u00eatre enregistr\u00e9es sur liste compl\u00e9mentaire)<\/p>\n\n\n\n<p><\/p>\n\n\n\n<p> <\/p>\n\n\n\n<p> Le projet<strong> &#8220;Matertri&#8221;<\/strong> <\/p>\n\n\n\n<p class=\"has-text-align-left\">&nbsp;Sur le plan local, le projet p\u00e9dagogique \u00e0 destination des \u00e9coles maternelles de l&#8217;ouest du Calvados <strong><a href=\"https:\/\/materlivres.org\/?page_id=2407\">3,2,1 Trions<\/a><\/strong><\/p>\n\n\n<div class=\"wp-block-image\">\n<figure class=\"alignright is-resized\"><img loading=\"lazy\" decoding=\"async\" width=\"744\" height=\"1024\" src=\"https:\/\/materlivres.org\/wp-content\/uploads\/2021\/08\/FILLETTE-8-ans-bras-\u00e0-droite-744x1024.png\" alt=\"\" class=\"wp-image-2416\" style=\"width:89px;height:122px\" srcset=\"https:\/\/materlivres.org\/wp-content\/uploads\/2021\/08\/FILLETTE-8-ans-bras-\u00e0-droite-744x1024.png 744w, https:\/\/materlivres.org\/wp-content\/uploads\/2021\/08\/FILLETTE-8-ans-bras-\u00e0-droite-218x300.png 218w, https:\/\/materlivres.org\/wp-content\/uploads\/2021\/08\/FILLETTE-8-ans-bras-\u00e0-droite-768x1057.png 768w, https:\/\/materlivres.org\/wp-content\/uploads\/2021\/08\/FILLETTE-8-ans-bras-\u00e0-droite-600x826.png 600w, https:\/\/materlivres.org\/wp-content\/uploads\/2021\/08\/FILLETTE-8-ans-bras-\u00e0-droite-1320x1817.png 1320w, https:\/\/materlivres.org\/wp-content\/uploads\/2021\/08\/FILLETTE-8-ans-bras-\u00e0-droite.png 1879w\" sizes=\"(max-width: 706px) 89vw, (max-width: 767px) 82vw, 740px\" \/><figcaption class=\"wp-element-caption\"> <\/figcaption><\/figure><\/div>\n\n\n<p> <a href=\"https:\/\/materlivres.org\/?page_id=2407\">3,2,1 Trions<\/a> est un jeu \u00e9labor\u00e9 pour promouvoir le tri s\u00e9lectif en maternelle. Il a \u00e9t\u00e9 test\u00e9 et mis au point \u00e0 la maternelle d\u2019Audrieu dans le Calvados. <br><span class=\"im\">Le but du projet commun avec le <a href=\"https:\/\/seroc14.fr\/\">SEROC<\/a> est d\u2019en \u00e9quiper localement et <strong>gratuitement<\/strong> , les \u00e9coles maternelles du secteur\u2026<\/span><\/p>\n\n\n\n<p><strong>L&#8217;association cherche des partenaires pour le diffuser plus largement.<\/strong><\/p>\n\n\n\n<h2 class=\"wp-block-heading\">Qu&#8217;est-ce que &#8220;l&#8217;\u00e9criture collaborative&#8221; :<\/h2>\n\n\n<div class=\"wp-block-image\">\n<figure class=\"alignleft is-resized\"><a href=\"https:\/\/materlivres.org\/wp-content\/uploads\/2017\/04\/logoC.jpg\"><img loading=\"lazy\" decoding=\"async\" width=\"200\" height=\"263\" src=\"https:\/\/materlivres.org\/wp-content\/uploads\/2017\/04\/logo2.jpg\" alt=\"\" class=\"wp-image-2002\" style=\"width:166px;height:218px\"\/><\/a><\/figure><\/div>\n\n\n<p>Chaque ann\u00e9e, des classes de la francophonie inscrites au projet,  partagent<br>une aventure litt\u00e9raire et artistique, en vue d&#8217;une cr\u00e9ation commune.<br> Autour des apprentissages disciplinaires, les jeunes enfants d\u00e9couvrent  et interagissent&nbsp; avec leurs homologues issus de tous les continents. Les  enfants vivent leur premi\u00e8re aventure d&#8217;<em>\u00e9criture collaborative<\/em>, appr\u00e9hendant peu \u00e0 peu le monde num\u00e9rique et ses bons usages. <\/p>\n\n\n\n<h2 class=\"wp-block-heading\">Une \u00e9criture collaborative \u00e0 plusieurs niveaux :<\/h2>\n\n\n\n<ul>\n<li>dans la classe<\/li>\n\n\n\n<li>avec le groupe<\/li>\n\n\n\n<li>autour du projet<\/li>\n\n\n\n<li>dans le monde entier<\/li>\n<\/ul>\n\n\n\n<h2 class=\"wp-block-heading\">De nombreux objectifs p\u00e9dagogiques<\/h2>\n\n\n<div class=\"wp-block-image\">\n<figure class=\"alignright\"><a href=\"https:\/\/materlivres.org\/wp-content\/uploads\/2017\/04\/lilo.jpg\"><img loading=\"lazy\" decoding=\"async\" width=\"242\" height=\"143\" src=\"https:\/\/materlivres.org\/wp-content\/uploads\/2017\/04\/lilo.jpg\" alt=\"\" class=\"wp-image-702\"\/><\/a><figcaption class=\"wp-element-caption\">Lilo un moteur de recherche, solidaire, recommand\u00e9 par m@terlivres.<\/figcaption><\/figure><\/div>\n\n\n<ul>\n<li>Un projet valorisant le partage<\/li>\n\n\n\n<li>Une approche culturelle<\/li>\n\n\n\n<li>Une dimension de production artistique<\/li>\n\n\n\n<li>De multiples formes d&#8217;\u00e9changes langagiers<\/li>\n\n\n\n<li>la mise en avant de bonnes pratiques d&#8217;Internet<\/li>\n<\/ul>\n\n\n\n<p>Des prolongements p\u00e9dagogiques et ludiques permettront de poursuivre l&#8217;aventure, en classe ou en famille.<\/p>\n\n\n\n<p><\/p>\n","protected":false},"excerpt":{"rendered":"<p>Le vivre ensemble, le partage, la culture et la francophonie&#8230; L\u2019association, propose de nombreux projets culturels aux classes maternelles de la francophonie, tous bas\u00e9s sur la citoyennet\u00e9, le partage et une utilisation raisonn\u00e9e du num\u00e9rique. Le partage culturel des classes maternelles M@termonde 2026 :&nbsp; l&#8217;\u00e9criture collaborative,sur le th\u00e8me de l&#8217;environnement Le respect de la nature &hellip; <\/p>\n<p class=\"link-more\"><a href=\"https:\/\/materlivres.org\/\" class=\"more-link\">Continuer la lecture<span class=\"screen-reader-text\"> de &laquo;&nbsp;Accueil&nbsp;&raquo;<\/span><\/a><\/p>\n","protected":false},"author":1,"featured_media":0,"parent":0,"menu_order":0,"comment_status":"closed","ping_status":"closed","template":"","meta":{"footnotes":""},"_links":{"self":[{"href":"https:\/\/materlivres.org\/index.php?rest_route=\/wp\/v2\/pages\/53"}],"collection":[{"href":"https:\/\/materlivres.org\/index.php?rest_route=\/wp\/v2\/pages"}],"about":[{"href":"https:\/\/materlivres.org\/index.php?rest_route=\/wp\/v2\/types\/page"}],"author":[{"embeddable":true,"href":"https:\/\/materlivres.org\/index.php?rest_route=\/wp\/v2\/users\/1"}],"replies":[{"embeddable":true,"href":"https:\/\/materlivres.org\/index.php?rest_route=%2Fwp%2Fv2%2Fcomments&post=53"}],"version-history":[{"count":107,"href":"https:\/\/materlivres.org\/index.php?rest_route=\/wp\/v2\/pages\/53\/revisions"}],"predecessor-version":[{"id":3871,"href":"https:\/\/materlivres.org\/index.php?rest_route=\/wp\/v2\/pages\/53\/revisions\/3871"}],"wp:attachment":[{"href":"https:\/\/materlivres.org\/index.php?rest_route=%2Fwp%2Fv2%2Fmedia&parent=53"}],"curies":[{"name":"wp","href":"https:\/\/api.w.org\/{rel}","templated":true}]}}