{"id":528,"date":"2017-06-21T10:41:05","date_gmt":"2017-06-21T08:41:05","guid":{"rendered":"http:\/\/materlivres.org\/?page_id=528"},"modified":"2017-07-10T18:12:30","modified_gmt":"2017-07-10T16:12:30","slug":"activites","status":"publish","type":"page","link":"https:\/\/materlivres.org\/?page_id=528","title":{"rendered":"Activit\u00e9s"},"content":{"rendered":"<h3>Les galeries :<\/h3>\n<ul>\n<li>Des illustrateurs nous pr\u00eatent leurs personnages et leurs d\u00e9marches artistiques<\/li>\n<li>Chaque classe choisit une approche pour s&#8217;approprier le personnage et le restituer en une \u0153uvre collective originale<\/li>\n<li>Chaque classe participante observe et produit deux commentaires criticit\u00e9s sur les productions produites par les autres participants<\/li>\n<\/ul>\n<p><a href=\"https:\/\/www.cidreetdragon.eu\/\"><strong>Cidre et dragons<\/strong><\/a> : Les classes de grande section du Calvados accompagnent le festival et<span style=\"color: #333333;\"> proposent<\/span>\u00a0leur vision du \u00ab\u00a0gentil dragon\u00a0\u00bb. C\u2019est une activit\u00e9 de partage m\u00ealant l\u2019art et les \u00e9changes langagiers. Bien s\u00fbr la dimension du vivre ensemble sera pr\u00e9sente avec la bienveillance (on ne parle que de ce que l\u2019on\u00a0 <i>a <\/i><span style=\"color: #333333;\">aim\u00e9 ) et le partage des \u00e9motions.<\/span><\/p>\n<p><strong>Les petits illustrateurs<\/strong> :<\/p>\n<p>A la mani\u00e8re de Christian Votlz et ses surprenants personnages<\/p>\n<h3>Pr\u00e9sentation<\/h3>\n<p>Les projets s&#8217;organisent selon 3 phases, m\u00ealant la production langagi\u00e8re et artistique et le partage<\/p>\n<ol>\n<li><em>Pr\u00e9sentation\/ D\u00e9couverte \/Recherche<\/em><br \/>\nLes lectures d&#8217;album et les recherches sur Internet permettent aux enfants de se familiariser avec l&#8217;auteur et le th\u00e8me retenu. Ils commencent \u00e0 r\u00e9fl\u00e9chir \u00e0 leur d\u00e9marche p\u00e9dagogique<\/li>\n<li><em>R\u00e9alisation plastique collective\/Choix du titre\/Publication<\/em><br \/>\nLes classes ont le choix du mat\u00e9riel et de leur d\u00e9marche. L&#8217;originalit\u00e9 et la sp\u00e9cificit\u00e9 locale sera encourag\u00e9e.<\/li>\n<li><em>Observations et commentaires<\/em><br \/>\nLes enfants choisissent deux \u0153uvres qu&#8217;ils commentent\u00a0 collectivement selon une grille pr\u00e9\u00e9tablie. Ils partagent les commentaires des autres enfants sur une \u0153uvre qu&#8217;ils ont aussi \u00e9tudi\u00e9e et d\u00e9couvrent ceux r\u00e9alis\u00e9s sur leur production.<\/li>\n<\/ol>\n<h3>Les diff\u00e9rents niveaux de partage\/collaboration<\/h3>\n<p>Le premier partage se situe entre l&#8217;auteur et les classes<br \/>\nEntre les classes par la constitution de la galerie<br \/>\nEntre les classes pour les commentaires<br \/>\nEntre les &#8220;producteurs&#8221; et les visiteurs du site<br \/>\nRetour des productions entre les enfants et l&#8217;auteur.<\/p>\n<p>La collaboration s&#8217;effectue principalement dans la classe pour la constitutions de l\u2019\u0153uvre collective et des commentaires.<\/p>\n<h3>La d\u00e9couverte musicale<\/h3>\n<p>Les enfants sont mis en pr\u00e9sence de v\u00e9ritables instruments de musique<\/p>\n<p>&#8211; \u00e0 d\u00e9couvrir<br \/>\n&#8211; \u00e0 regarder<br \/>\n&#8211; \u00e0 comprendre<br \/>\n&#8211; \u00e0 manipuler<br \/>\n&#8211; \u00e0 utiliser dans un projet<br \/>\n&#8211; \u00e0 se souvenir<\/p>\n<p>&nbsp;<\/p>\n<p>&nbsp;<\/p>\n<p>&nbsp;<\/p>\n","protected":false},"excerpt":{"rendered":"<p>Les galeries : Des illustrateurs nous pr\u00eatent leurs personnages et leurs d\u00e9marches artistiques Chaque classe choisit une approche pour s&#8217;approprier le personnage et le restituer en une \u0153uvre collective originale Chaque classe participante observe et produit deux commentaires criticit\u00e9s sur les productions produites par les autres participants Cidre et dragons : Les classes de grande &hellip; <\/p>\n<p class=\"link-more\"><a href=\"https:\/\/materlivres.org\/?page_id=528\" class=\"more-link\">Continuer la lecture<span class=\"screen-reader-text\"> de &laquo;&nbsp;Activit\u00e9s&nbsp;&raquo;<\/span><\/a><\/p>\n","protected":false},"author":2,"featured_media":0,"parent":0,"menu_order":0,"comment_status":"closed","ping_status":"closed","template":"","meta":{"footnotes":""},"_links":{"self":[{"href":"https:\/\/materlivres.org\/index.php?rest_route=\/wp\/v2\/pages\/528"}],"collection":[{"href":"https:\/\/materlivres.org\/index.php?rest_route=\/wp\/v2\/pages"}],"about":[{"href":"https:\/\/materlivres.org\/index.php?rest_route=\/wp\/v2\/types\/page"}],"author":[{"embeddable":true,"href":"https:\/\/materlivres.org\/index.php?rest_route=\/wp\/v2\/users\/2"}],"replies":[{"embeddable":true,"href":"https:\/\/materlivres.org\/index.php?rest_route=%2Fwp%2Fv2%2Fcomments&post=528"}],"version-history":[{"count":12,"href":"https:\/\/materlivres.org\/index.php?rest_route=\/wp\/v2\/pages\/528\/revisions"}],"predecessor-version":[{"id":614,"href":"https:\/\/materlivres.org\/index.php?rest_route=\/wp\/v2\/pages\/528\/revisions\/614"}],"wp:attachment":[{"href":"https:\/\/materlivres.org\/index.php?rest_route=%2Fwp%2Fv2%2Fmedia&parent=528"}],"curies":[{"name":"wp","href":"https:\/\/api.w.org\/{rel}","templated":true}]}}