{"id":495,"date":"2017-06-18T17:42:08","date_gmt":"2017-06-18T15:42:08","guid":{"rendered":"http:\/\/materlivres.org\/?page_id=495"},"modified":"2017-06-27T11:24:22","modified_gmt":"2017-06-27T09:24:22","slug":"christian-voltz","status":"publish","type":"page","link":"https:\/\/materlivres.org\/?page_id=495","title":{"rendered":"Christian Voltz"},"content":{"rendered":"<p><a href=\"https:\/\/materlivres.org\/wp-content\/uploads\/2017\/06\/1.jpg\"><img loading=\"lazy\" decoding=\"async\" class=\"alignright wp-image-498\" src=\"https:\/\/materlivres.org\/wp-content\/uploads\/2017\/06\/1-253x300.jpg\" alt=\"\" width=\"253\" height=\"300\" srcset=\"https:\/\/materlivres.org\/wp-content\/uploads\/2017\/06\/1-253x300.jpg 253w, https:\/\/materlivres.org\/wp-content\/uploads\/2017\/06\/1.jpg 259w\" sizes=\"(max-width: 253px) 100vw, 253px\" \/><\/a>L&#8217;auteur : (<a href=\"https:\/\/fr.wikipedia.org\/wiki\/Christian_Voltz\">Wikip\u00e9dia<\/a>)<\/p>\n<p>Christian Voltz vit et travaille \u00e0 Strasbourg, sa ville natale, o\u00f9 il a son atelier. Il publie son premier album jeunesse en 1997, et son \u0153uvre comporte d\u00e9but 2016 une quarantaine d&#8217;ouvrages, publi\u00e9s majoritairement aux \u00c9ditions du Rouergue. Il travaille \u00e9galement pour la presse jeunesse et r\u00e9alise des affiches pour des \u00e9v\u00e9nements culturels.<\/p>\n<p>Il a \u00e9t\u00e9 r\u00e9compens\u00e9 par deux prix Sorci\u00e8res cat\u00e9gorie albums, en 1998 pour <i>Toujours rien\u00a0?<\/i>, et en 2007 pour <i>La Caresse du Papillon<\/i>. En 2003, il obtient le prix Bernard Versele pour <i>C&#8217;est pas ma faute\u00a0!<\/i><\/p>\n<p><a href=\"https:\/\/www.christianvoltz.com\/accueil.php\">Son site :<\/a><a href=\"https:\/\/materlivres.org\/wp-content\/uploads\/2017\/06\/3.jpg\"><img loading=\"lazy\" decoding=\"async\" class=\"alignleft wp-image-507 size-thumbnail\" src=\"https:\/\/materlivres.org\/wp-content\/uploads\/2017\/06\/3-150x150.jpg\" alt=\"\" width=\"150\" height=\"150\" srcset=\"https:\/\/materlivres.org\/wp-content\/uploads\/2017\/06\/3-150x150.jpg 150w, https:\/\/materlivres.org\/wp-content\/uploads\/2017\/06\/3-100x100.jpg 100w\" sizes=\"(max-width: 150px) 100vw, 150px\" \/><\/a><\/p>\n<p>Sa sp\u00e9cificit\u00e9 artistique :<a href=\"https:\/\/materlivres.org\/wp-content\/uploads\/2017\/06\/2.jpg\"><img loading=\"lazy\" decoding=\"async\" class=\"alignright wp-image-500\" src=\"https:\/\/materlivres.org\/wp-content\/uploads\/2017\/06\/2-296x300.jpg\" alt=\"\" width=\"250\" height=\"300\" \/><\/a><\/p>\n<p>Il est auteur et illustrateur d&#8217;une quinzaine d&#8217;albums pour enfants. Ses illustrations faites de bric et de broc, de fil de fer et de bouts d&#8217;boulons, sont tr\u00e8s identifiables et l&#8217;ont rapidement fait conna\u00eetre des milieux sp\u00e9cialis\u00e9s comme du grand public.<\/p>\n<p>Le projet reprendra le personnage de la fermi\u00e8re retravaill\u00e9 par chaque classe en fonction :<br \/>\n&#8211; De leur milieu naturel<br \/>\n&#8211; De leur d\u00e9marche artistique<br \/>\n&#8211; Des valeurs \u00e0 tranmettre<\/p>\n<p>&nbsp;<\/p>\n<p>&nbsp;<\/p>\n<p>&nbsp;<\/p>\n<p>&nbsp;<\/p>\n<p>&nbsp;<\/p>\n","protected":false},"excerpt":{"rendered":"<p>L&#8217;auteur : (Wikip\u00e9dia) Christian Voltz vit et travaille \u00e0 Strasbourg, sa ville natale, o\u00f9 il a son atelier. Il publie son premier album jeunesse en 1997, et son \u0153uvre comporte d\u00e9but 2016 une quarantaine d&#8217;ouvrages, publi\u00e9s majoritairement aux \u00c9ditions du Rouergue. Il travaille \u00e9galement pour la presse jeunesse et r\u00e9alise des affiches pour des \u00e9v\u00e9nements &hellip; <\/p>\n<p class=\"link-more\"><a href=\"https:\/\/materlivres.org\/?page_id=495\" class=\"more-link\">Continuer la lecture<span class=\"screen-reader-text\"> de &laquo;&nbsp;Christian Voltz&nbsp;&raquo;<\/span><\/a><\/p>\n","protected":false},"author":2,"featured_media":0,"parent":0,"menu_order":0,"comment_status":"closed","ping_status":"closed","template":"","meta":{"footnotes":""},"_links":{"self":[{"href":"https:\/\/materlivres.org\/index.php?rest_route=\/wp\/v2\/pages\/495"}],"collection":[{"href":"https:\/\/materlivres.org\/index.php?rest_route=\/wp\/v2\/pages"}],"about":[{"href":"https:\/\/materlivres.org\/index.php?rest_route=\/wp\/v2\/types\/page"}],"author":[{"embeddable":true,"href":"https:\/\/materlivres.org\/index.php?rest_route=\/wp\/v2\/users\/2"}],"replies":[{"embeddable":true,"href":"https:\/\/materlivres.org\/index.php?rest_route=%2Fwp%2Fv2%2Fcomments&post=495"}],"version-history":[{"count":14,"href":"https:\/\/materlivres.org\/index.php?rest_route=\/wp\/v2\/pages\/495\/revisions"}],"predecessor-version":[{"id":516,"href":"https:\/\/materlivres.org\/index.php?rest_route=\/wp\/v2\/pages\/495\/revisions\/516"}],"wp:attachment":[{"href":"https:\/\/materlivres.org\/index.php?rest_route=%2Fwp%2Fv2%2Fmedia&parent=495"}],"curies":[{"name":"wp","href":"https:\/\/api.w.org\/{rel}","templated":true}]}}