{"id":478,"date":"2017-06-11T18:46:00","date_gmt":"2017-06-11T16:46:00","guid":{"rendered":"http:\/\/materlivres.org\/?page_id=478"},"modified":"2017-07-04T09:22:25","modified_gmt":"2017-07-04T07:22:25","slug":"presentation","status":"publish","type":"page","link":"https:\/\/materlivres.org\/?page_id=478","title":{"rendered":"P\u00e9dagogie"},"content":{"rendered":"<div class=\"entry-content\">\n<p>C\u2019est une activit\u00e9 collective de cr\u00e9ation artistique et de partage langagier autour d\u2019une \u0153uvre d\u2019un auteur de litt\u00e9rature enfantine.<\/p>\n<h3>Plusieurs niveaux de partages sont n\u00e9cessaires :<\/h3>\n<p>\u2013 Entre l\u2019auteur faisant d\u00e9couvrir son \u0153uvre aux enfants<br \/>\n\u2013 Entre les enfants d\u2019une m\u00eame classe pour la r\u00e9alisation de l\u2019\u0153uvre collective<br \/>\n\u2013 Entre les classes participantes avec la publication dans la galerie<br \/>\n\u2013 Entre les enfants et l\u2019auteur d\u00e9couvrant les multiples r\u00e9alisations<\/p>\n<h3>Objectifs p\u00e9dagogiques :<\/h3>\n<p><strong><em>Permettre des \u00e9changes langagiers<\/em> pour analyser<\/strong> et comprendre une \u0153uvre, rep\u00e9rer les techniques graphiques, la d\u00e9marche artistique et appr\u00e9hender les intentions de l\u2019auteur. Offrir une multiplicit\u00e9 d&#8217;avis diff\u00e9rents pour partager, tol\u00e9rer, \u00e9voluer et s&#8217;enrichir.<\/p>\n<p><strong><em>Commencer ou poursuivre une appropriation culturelle<\/em><\/strong> plus g\u00e9n\u00e9rale, autour de la litt\u00e9rature enfantine. La compl\u00e9ter avec une approche sonore ou musicale.<\/p>\n<p><strong><em>Participer \u00e0 un projet d\u2019envergure<\/em><\/strong> o\u00f9 l\u2019\u0153uvre r\u00e9alis\u00e9e par la classe s\u2019ins\u00e9rera dans un ensemble aux multiples facettes, permettant de d\u00e9couvrir et de s\u2019enrichir d\u2019autres d\u00e9marches, diff\u00e9rentes mais tout aussi pertinentes.<\/p>\n<p><strong><em>Favoriser les \u00ab\u00a0bons usages d\u2019Internet\u00a0\u00bb<\/em><\/strong> avec l\u2019utilisation des \u0153uvres, la mise en avant de d\u00e9marches collaboratives et de partages, dans une d\u00e9marche respectueuse, citoyenne et active.<\/p>\n<\/div>\n","protected":false},"excerpt":{"rendered":"<p>C\u2019est une activit\u00e9 collective de cr\u00e9ation artistique et de partage langagier autour d\u2019une \u0153uvre d\u2019un auteur de litt\u00e9rature enfantine. Plusieurs niveaux de partages sont n\u00e9cessaires : \u2013 Entre l\u2019auteur faisant d\u00e9couvrir son \u0153uvre aux enfants \u2013 Entre les enfants d\u2019une m\u00eame classe pour la r\u00e9alisation de l\u2019\u0153uvre collective \u2013 Entre les classes participantes avec la &hellip; <\/p>\n<p class=\"link-more\"><a href=\"https:\/\/materlivres.org\/?page_id=478\" class=\"more-link\">Continuer la lecture<span class=\"screen-reader-text\"> de &laquo;&nbsp;P\u00e9dagogie&nbsp;&raquo;<\/span><\/a><\/p>\n","protected":false},"author":2,"featured_media":0,"parent":0,"menu_order":0,"comment_status":"closed","ping_status":"closed","template":"","meta":{"footnotes":""},"_links":{"self":[{"href":"https:\/\/materlivres.org\/index.php?rest_route=\/wp\/v2\/pages\/478"}],"collection":[{"href":"https:\/\/materlivres.org\/index.php?rest_route=\/wp\/v2\/pages"}],"about":[{"href":"https:\/\/materlivres.org\/index.php?rest_route=\/wp\/v2\/types\/page"}],"author":[{"embeddable":true,"href":"https:\/\/materlivres.org\/index.php?rest_route=\/wp\/v2\/users\/2"}],"replies":[{"embeddable":true,"href":"https:\/\/materlivres.org\/index.php?rest_route=%2Fwp%2Fv2%2Fcomments&post=478"}],"version-history":[{"count":7,"href":"https:\/\/materlivres.org\/index.php?rest_route=\/wp\/v2\/pages\/478\/revisions"}],"predecessor-version":[{"id":597,"href":"https:\/\/materlivres.org\/index.php?rest_route=\/wp\/v2\/pages\/478\/revisions\/597"}],"wp:attachment":[{"href":"https:\/\/materlivres.org\/index.php?rest_route=%2Fwp%2Fv2%2Fmedia&parent=478"}],"curies":[{"name":"wp","href":"https:\/\/api.w.org\/{rel}","templated":true}]}}