{"id":3816,"date":"2025-09-18T23:25:11","date_gmt":"2025-09-18T21:25:11","guid":{"rendered":"https:\/\/materlivres.org\/?page_id=3816"},"modified":"2026-02-07T14:40:40","modified_gmt":"2026-02-07T13:40:40","slug":"classes-inscrites-7","status":"publish","type":"page","link":"https:\/\/materlivres.org\/?page_id=3816","title":{"rendered":"Classes inscrites"},"content":{"rendered":"\n<p><a href=\"https:\/\/view.genially.com\/69072b5e38afef9b6c888d22\/interactive-content-inscriptions-2026\">Localisation des participants<\/a><\/p>\n\n\n\n<ol>\n<li><a href=\"https:\/\/docs.google.com\/presentation\/d\/1azh6jZ_Z6b85av3RJeb0qocgSfPx7b5_7XkOK_EKuRA\/edit?slide=id.g2af486fd7ef_0_66#slide=id.g2af486fd7ef_0_66\">Medjahed Yasmine <strong>(MS)<\/strong> Petite \u00c9cole d\u2019Hydra d&#8217;Alger <mark style=\"background-color:rgba(0, 0, 0, 0)\" class=\"has-inline-color has-luminous-vivid-amber-color\"><strong>ALGERIE<\/strong><\/mark><\/a><\/li>\n\n\n\n<li>Vrel Fr\u00e9d\u00e9rique <strong>(GS\/CP)<\/strong> \u00c9cole Pierre Elie Ferrier Le Fresne Camilly <mark style=\"background-color:rgba(0, 0, 0, 0)\" class=\"has-inline-color has-vivid-cyan-blue-color\"><strong>FRANCE<\/strong><\/mark><\/li>\n\n\n\n<li>Rucheton Sandy <strong>(GS)<\/strong> Lyc\u00e9e fran\u00e7ais de S\u00e9oul<mark style=\"background-color:rgba(0, 0, 0, 0)\" class=\"has-inline-color has-vivid-green-cyan-color\"> <strong>COREE DU SUD<\/strong><\/mark><\/li>\n\n\n\n<li>Clemente Catherine <strong>(GS)<\/strong> \u00c9cole Antoine de Saint Exup\u00e9ry d&#8217;Ar\u00e9quipa <mark style=\"background-color:rgba(0, 0, 0, 0)\" class=\"has-inline-color has-vivid-red-color\"><strong>PEROU<\/strong><\/mark><\/li>\n\n\n\n<li>Moreau Nathalie  <strong>(MS)<\/strong> Ecole Chateaubriand de Rome <mark style=\"background-color:rgba(0, 0, 0, 0)\" class=\"has-inline-color has-vivid-cyan-blue-color\"><strong>ITALIE<\/strong><\/mark><\/li>\n\n\n\n<li>Sadot Emmanuelle <strong>(PS\/MS)<\/strong> Ecole  de ste Marguerite d&#8217;Elle <mark style=\"background-color:rgba(0, 0, 0, 0)\" class=\"has-inline-color has-vivid-cyan-blue-color\"><strong>FRANCE<\/strong><\/mark><\/li>\n\n\n\n<li>Monsec Fabienne <strong>(MS\/GS)<\/strong> Lyc\u00e9e fran\u00e7ais de Madrid <mark style=\"background-color:rgba(0, 0, 0, 0)\" class=\"has-inline-color has-vivid-cyan-blue-color\"><strong>ESPAGNE<\/strong><\/mark><\/li>\n\n\n\n<li>Falcioni Elodie LFAY <strong>(PS) <\/strong>de Hanoy <mark style=\"background-color:rgba(0, 0, 0, 0)\" class=\"has-inline-color has-vivid-green-cyan-color\"><strong>VIETNAM<\/strong><\/mark> <\/li>\n\n\n\n<li>Rannou Pauline <strong>(MS\/GS)<\/strong> Ecole fran\u00e7aise de Harare <mark style=\"background-color:rgba(0, 0, 0, 0)\" class=\"has-inline-color has-luminous-vivid-amber-color\"><strong>ZIMBABWE<\/strong><\/mark><\/li>\n\n\n\n<li>Elinguel La\u00ebtitia <strong>(MS\/GS)<\/strong> Lyc\u00e9e Chateaubriand de Rome <mark style=\"background-color:rgba(0, 0, 0, 0)\" class=\"has-inline-color has-vivid-cyan-blue-color\"><strong>ITALIE<\/strong><\/mark><\/li>\n\n\n\n<li>Lemarignier Sandra \u00c9cole <strong>(PS) <\/strong> Simone Veil de Noues de Sienne <mark style=\"background-color:rgba(0, 0, 0, 0)\" class=\"has-inline-color has-vivid-cyan-blue-color\"> <mark style=\"background-color:rgba(0, 0, 0, 0)\" class=\"has-inline-color has-vivid-cyan-blue-color\"><strong>FRANCE<\/strong><\/mark><\/mark><\/li>\n\n\n\n<li>Flor-Nguyen Anne-Marie  <strong>(MS)<\/strong> LFAY de Hanoy <mark style=\"background-color:rgba(0, 0, 0, 0)\" class=\"has-inline-color has-vivid-green-cyan-color\"><strong>VIETNAM<\/strong><\/mark><\/li>\n\n\n\n<li>Gaudillier Nicolas  <strong>(PS\/MS\/GS)<\/strong> L F I Henri-Matisse de Maroni <strong> <mark style=\"background-color:rgba(0, 0, 0, 0)\" class=\"has-inline-color has-luminous-vivid-amber-color\">COMORES<\/mark><\/strong><\/li>\n\n\n\n<li>Sa\u00efz Christine et Philippine C\u00e9cile <strong>(MS\/GS)<\/strong> Ecole St exup\u00e9ry Ver-sur-Mer <mark style=\"background-color:rgba(0, 0, 0, 0)\" class=\"has-inline-color has-vivid-cyan-blue-color\"> <mark style=\"background-color:rgba(0, 0, 0, 0)\" class=\"has-inline-color has-vivid-cyan-blue-color\"><strong>FRANCE<\/strong><\/mark><\/mark><\/li>\n\n\n\n<li>Bellanger Barbara <strong>(GS)<\/strong> Ecole Claude Pezeril Le Molay Littry <mark style=\"background-color:rgba(0, 0, 0, 0)\" class=\"has-inline-color has-vivid-cyan-blue-color\"><mark style=\"background-color:rgba(0, 0, 0, 0)\" class=\"has-inline-color has-vivid-cyan-blue-color\"><strong>FRANCE<\/strong><\/mark><\/mark><\/li>\n\n\n\n<li>Victorin Sabrina  <strong>(GS)<\/strong> Ecole Fran\u00e7aise Internationale de Tirana <mark style=\"background-color:rgba(0, 0, 0, 0)\" class=\"has-inline-color has-vivid-cyan-blue-color\"><mark style=\"background-color:rgba(0, 0, 0, 0)\" class=\"has-inline-color has-vivid-cyan-blue-color\"><strong>ALBANIE<\/strong><\/mark><\/mark><\/li>\n\n\n\n<li>Rivoallan Karine <strong>(MS\/GS)<\/strong> Lyc\u00e9e fran\u00e7ais de Madrid <mark style=\"background-color:rgba(0, 0, 0, 0)\" class=\"has-inline-color has-vivid-cyan-blue-color\"><strong>ESPAGNE<\/strong><\/mark><\/li>\n\n\n\n<li>Coudon Katy  <strong>(MS)<\/strong> Ecole Paul C\u00e9zanne de Rabat <strong><mark style=\"background-color:rgba(0, 0, 0, 0)\" class=\"has-inline-color has-luminous-vivid-amber-color\">MAROC<\/mark><\/strong><\/li>\n\n\n\n<li>Antoine El\u00e9a  <strong>(MS\/GS)<\/strong>  EFIM MARBELLA <mark style=\"background-color:rgba(0, 0, 0, 0)\" class=\"has-inline-color has-vivid-cyan-blue-color\"><strong>ESPAGNE<\/strong><\/mark><\/li>\n\n\n\n<li>Barkar Anastatsia  <strong>(PS\/ TPS) <\/strong> EFIM MARBELLA <mark><strong><mark style=\"background-color:rgba(0, 0, 0, 0)\" class=\"has-inline-color has-vivid-cyan-blue-color\"><strong>ESPAGNE<\/strong><\/mark><\/strong><\/mark><\/li>\n\n\n\n<li>Rouquier Emeline <strong>(GS)<\/strong> Ecole Pierre de Ronsard de Rabat <strong><mark style=\"background-color:rgba(0, 0, 0, 0)\" class=\"has-inline-color has-luminous-vivid-amber-color\">MAROC<\/mark><\/strong><\/li>\n\n\n\n<li>Mohamed Ahmed Shona <strong>(GS)<\/strong> La petite Ecole de Ho Chi Minh <mark style=\"background-color:rgba(0, 0, 0, 0)\" class=\"has-inline-color has-vivid-green-cyan-color\"><strong>VIETNAM<\/strong><\/mark> <\/li>\n\n\n\n<li>\u00c9tienne Philippe <strong>(PS)<\/strong> Cours Lumi\u00e8re de Lom\u00e9 <strong><mark style=\"background-color:rgba(0, 0, 0, 0)\" class=\"has-inline-color has-luminous-vivid-amber-color\">TOGO<\/mark><\/strong><\/li>\n\n\n\n<li>Bila Priscille  <strong>(GS)<\/strong> Coll\u00e8ge Dr C\u00e9cile Mboyo de Kinshasa <strong><mark style=\"background-color:rgba(0, 0, 0, 0)\" class=\"has-inline-color has-luminous-vivid-amber-color\">RD du CONGO<\/mark><\/strong><\/li>\n\n\n\n<li>Matondo Rosie  <strong>(GS)<\/strong> Coll\u00e8ge Dr C\u00e9cile Mboyo de Kinshasa <strong><mark style=\"background-color:rgba(0, 0, 0, 0)\" class=\"has-inline-color has-luminous-vivid-amber-color\">RD du CONGO<\/mark><\/strong><\/li>\n\n\n\n<li>Booms Chlo\u00e9 <strong>(GS)<\/strong> \u00c9cole fran\u00e7aise internationale Cousteau de North Vancouver <strong><mark style=\"background-color:rgba(0, 0, 0, 0);color:#cf2e2e\" class=\"has-inline-color\">CANADA<\/mark><\/strong><\/li>\n\n\n\n<li class=\"eplus-wrapper\">Bloch Carine <strong>(MS\/GS)<\/strong> \u00c9cole Le ruisseau de Les avirons ( la R\u00e9union) <strong><strong><mark style=\"background-color:rgba(0, 0, 0, 0);color:#0693e3\" class=\"has-inline-color\"><strong><mark style=\"background-color:rgba(0, 0, 0, 0);color:#fcb900\" class=\"has-inline-color\">FRANCE<\/mark><\/strong><\/mark><\/strong><\/strong><\/li>\n\n\n\n<li class=\"eplus-wrapper\">Deniel Charl\u00e8ne <strong>(MS)<\/strong> \u00c9cole: PABLO NERUDA d&#8217;Audrieu <strong><strong><mark style=\"background-color:rgba(0, 0, 0, 0);color:#0693e3\" class=\"has-inline-color\">FRANCE<\/mark><\/strong><\/strong><\/li>\n\n\n\n<li class=\"eplus-wrapper\">Petit Fabiola <strong>(GS)<\/strong> \u00c9cole: maternelle de Bellefontaine (Martinique) <strong><mark style=\"background-color:rgba(0, 0, 0, 0);color:#cf2e2e\" class=\"has-inline-color\">FRANCE<\/mark><\/strong><\/li>\n\n\n\n<li class=\"eplus-wrapper\">Desseauve Anne <strong>(GS\/CP)<\/strong> Ecole fran\u00e7aise internationale de Ljubljana <strong><strong><mark style=\"background-color:rgba(0, 0, 0, 0);color:#0693e3\" class=\"has-inline-color\">SLOVENIE<\/mark><\/strong><\/strong><\/li>\n\n\n\n<li class=\"eplus-wrapper\">Jean Lucile <strong>(MS)<\/strong> \u00c9cole le Petit Lotus Bleu de Shanghai <strong><mark style=\"background-color:rgba(0, 0, 0, 0);color:#00d084\" class=\"has-inline-color\">CHINE<\/mark><\/strong><\/li>\n\n\n\n<li class=\"eplus-wrapper\">Morello Valeriane <strong>(MS)<\/strong> International French School of Singapore <strong><mark style=\"background-color:rgba(0, 0, 0, 0);color:#00d084\" class=\"has-inline-color\">SINGAPORE<\/mark><\/strong><\/li>\n\n\n\n<li class=\"eplus-wrapper\">Lamaric Laetitia <strong>(MS)<\/strong>  International French School of Singapore <strong><mark style=\"background-color:rgba(0, 0, 0, 0);color:#00d084\" class=\"has-inline-color\">SINGAPORE<\/mark><\/strong><\/li>\n\n\n\n<li class=\"eplus-wrapper\">Kane Demba <strong>(PS\/MS\/GS)<\/strong>  \u00c9cole fran\u00e7aise Fran\u00e7ois Rabelais de Ziguinchor <strong><strong><mark style=\"background-color:rgba(0, 0, 0, 0);color:#0693e3\" class=\"has-inline-color\"><strong><mark style=\"background-color:rgba(0, 0, 0, 0);color:#fcb900\" class=\"has-inline-color\">SENEGAL<\/mark><\/strong><\/mark><\/strong><\/strong><\/li>\n\n\n\n<li class=\"eplus-wrapper\">Renault Jo\u00eblle <strong>(MS)<\/strong> \u00c9cole Fernande Bonchamps  Pointe-\u00e0-Pitre Guadeloupe <strong><mark style=\"background-color:rgba(0, 0, 0, 0);color:#cf2e2e\" class=\"has-inline-color\">FRANCE<\/mark><\/strong><\/li>\n\n\n\n<li class=\"eplus-wrapper\">Durieux Shalimar <strong>(MS)<\/strong> La Petite Ecole de  Hanoi <strong><mark style=\"background-color:rgba(0, 0, 0, 0);color:#00d084\" class=\"has-inline-color\">VIETNAM<\/mark><\/strong><\/li>\n\n\n\n<li class=\"eplus-wrapper\">Ofranc Cl\u00e9mence <strong>(PS)<\/strong> Maternelle Laura Flessel Le Moule Guadeloupe <strong><mark style=\"background-color:rgba(0, 0, 0, 0);color:#cf2e2e\" class=\"has-inline-color\">FRANCE<\/mark><\/strong><\/li>\n\n\n\n<li class=\"eplus-wrapper\">Espinal Estephani <strong>(MS\/GS)<\/strong> Lyc\u00e9e franco-hondurien de Tegucigalpa  <strong><mark style=\"background-color:rgba(0, 0, 0, 0);color:#cf2e2e\" class=\"has-inline-color\">HONDURAS<\/mark><\/strong><\/li>\n\n\n\n<li class=\"eplus-wrapper\">Docquier Delphine <strong><strong>(MS\/GS)<\/strong><\/strong> Ecole Communale de Ben-Ahin &#8211; Soli\u00e8res \u00e0 Huy <strong><strong><mark data-darkreader-inline-bgcolor=\"\" data-darkreader-inline-color=\"\" style=\"background-color: rgba(0, 0, 0, 0); color: rgb(6, 147, 227); --darkreader-inline-bgcolor: var(--darkreader-background-00000000, rgba(0, 0, 0, 0)); --darkreader-inline-color: var(--darkreader-text-0693e3, #2eb0f9);\" class=\"has-inline-color\">BELGIQUE<\/mark><\/strong><\/strong><\/li>\n\n\n\n<li class=\"eplus-wrapper\">ALEXER Ketsia Ecole Besson, Les Abymes Guadeloupe  <strong><mark data-darkreader-inline-bgcolor=\"\" data-darkreader-inline-color=\"\" style=\"background-color: rgba(0, 0, 0, 0); color: rgb(207, 46, 46); --darkreader-inline-bgcolor: var(--darkreader-background-00000000, rgba(0, 0, 0, 0)); --darkreader-inline-color: var(--darkreader-text-cf2e2e, #d64444);\" class=\"has-inline-color\">FRANCE<\/mark><\/strong><\/li>\n\n\n\n<li class=\"eplus-wrapper\">RABARIJAONA Sophie Ecole Besson, Les Abymes Guadeloupe <strong><mark data-darkreader-inline-bgcolor=\"\" data-darkreader-inline-color=\"\" style=\"background-color: rgba(0, 0, 0, 0); color: rgb(207, 46, 46); --darkreader-inline-bgcolor: var(--darkreader-background-00000000, rgba(0, 0, 0, 0)); --darkreader-inline-color: var(--darkreader-text-cf2e2e, #d64444);\" class=\"has-inline-color\">FRANCE<\/mark><\/strong><\/li>\n\n\n\n<li class=\"eplus-wrapper\">LAIN\u00c9 Sandrine <strong>(PS\/GS)<\/strong> \u00c9cole PABLO NERUDA d&#8217;Audrieu <strong><strong><mark style=\"background-color:rgba(0, 0, 0, 0);color:#0693e3\" class=\"has-inline-color\">FRANCE<\/mark><\/strong><\/strong><\/li>\n\n\n\n<li class=\"eplus-wrapper\">Coradin Christine  <strong>(PS)<\/strong>  EMPU Anatole Louber Les Abymes Guadeloupe- <strong><mark data-darkreader-inline-bgcolor=\"\" data-darkreader-inline-color=\"\" style=\"background-color: rgba(0, 0, 0, 0); color: rgb(207, 46, 46); --darkreader-inline-bgcolor: var(--darkreader-background-00000000, rgba(0, 0, 0, 0)); --darkreader-inline-color: var(--darkreader-text-cf2e2e, #d64444);\" class=\"has-inline-color\">FRANCE<\/mark><\/strong><\/li>\n\n\n\n<li class=\"eplus-wrapper\">Hoarau Marie Judith <strong>(GS)<\/strong>  Ecole Primaire Philibert Commeson de SAINTE-CLOTILDE la R\u00e9union <strong><strong><mark style=\"background-color:rgba(0, 0, 0, 0);color:#0693e3\" class=\"has-inline-color\"><strong><mark style=\"background-color:rgba(0, 0, 0, 0);color:#fcb900\" class=\"has-inline-color\">FRANCE<\/mark><\/strong><\/mark><\/strong><\/strong><\/li>\n\n\n\n<li class=\"eplus-wrapper\">Bonnemain Philippe <strong><strong>(PS\/GS)<\/strong><\/strong> \u00c9cole PABLO NERUDA d&#8217;Audrieu <strong><strong><mark style=\"background-color:rgba(0, 0, 0, 0);color:#0693e3\" class=\"has-inline-color\">FRANCE<\/mark><\/strong><\/strong><\/li>\n\n\n\n<li class=\"eplus-wrapper\">Houlette  <strong>(PS)<\/strong>  Christophe Lyc\u00e9e Fran\u00e7ais International de Pondich\u00e9ry <strong><strong><mark style=\"background-color:rgba(0, 0, 0, 0);color:#0693e3\" class=\"has-inline-color\"><strong><mark style=\"background-color:rgba(0, 0, 0, 0);color:#fcb900\" class=\"has-inline-color\">INDE<\/mark><\/strong><\/mark><\/strong><\/strong><\/li>\n\n\n\n<li>Valluet Audrey <strong>(PS\/MS)<\/strong> EEPU BIS SAINTE-ROSE Guadeloupe <strong><mark><strong><mark data-darkreader-inline-bgcolor=\"\" data-darkreader-inline-color=\"\" style=\"background-color: rgba(0, 0, 0, 0); color: rgb(207, 46, 46); --darkreader-inline-bgcolor: var(--darkreader-background-00000000, rgba(0, 0, 0, 0)); --darkreader-inline-color: var(--darkreader-text-cf2e2e, #d64444);\" class=\"has-inline-color\">FRANCE<\/mark><\/strong><\/mark><\/strong><\/li>\n\n\n\n<li> Rondel Alicia <strong>(MS\/GS)<\/strong> EEPU BIS SAINTE-ROSE Guadeloupe <strong><mark data-darkreader-inline-bgcolor=\"\" data-darkreader-inline-color=\"\" style=\"background-color: rgba(0, 0, 0, 0); color: rgb(207, 46, 46); --darkreader-inline-bgcolor: var(--darkreader-background-00000000, rgba(0, 0, 0, 0)); --darkreader-inline-color: var(--darkreader-text-cf2e2e, #d64444);\" class=\"has-inline-color\">FRANCE<\/mark><\/strong><\/li>\n<\/ol>\n","protected":false},"excerpt":{"rendered":"<p>Localisation des participants<\/p>\n","protected":false},"author":2,"featured_media":0,"parent":0,"menu_order":0,"comment_status":"closed","ping_status":"closed","template":"","meta":{"footnotes":""},"_links":{"self":[{"href":"https:\/\/materlivres.org\/index.php?rest_route=\/wp\/v2\/pages\/3816"}],"collection":[{"href":"https:\/\/materlivres.org\/index.php?rest_route=\/wp\/v2\/pages"}],"about":[{"href":"https:\/\/materlivres.org\/index.php?rest_route=\/wp\/v2\/types\/page"}],"author":[{"embeddable":true,"href":"https:\/\/materlivres.org\/index.php?rest_route=\/wp\/v2\/users\/2"}],"replies":[{"embeddable":true,"href":"https:\/\/materlivres.org\/index.php?rest_route=%2Fwp%2Fv2%2Fcomments&post=3816"}],"version-history":[{"count":36,"href":"https:\/\/materlivres.org\/index.php?rest_route=\/wp\/v2\/pages\/3816\/revisions"}],"predecessor-version":[{"id":3900,"href":"https:\/\/materlivres.org\/index.php?rest_route=\/wp\/v2\/pages\/3816\/revisions\/3900"}],"wp:attachment":[{"href":"https:\/\/materlivres.org\/index.php?rest_route=%2Fwp%2Fv2%2Fmedia&parent=3816"}],"curies":[{"name":"wp","href":"https:\/\/api.w.org\/{rel}","templated":true}]}}