{"id":3781,"date":"2025-09-05T10:26:17","date_gmt":"2025-09-05T08:26:17","guid":{"rendered":"https:\/\/materlivres.org\/?page_id=3781"},"modified":"2025-09-26T16:04:03","modified_gmt":"2025-09-26T14:04:03","slug":"protection-de-lenvironnement","status":"publish","type":"page","link":"https:\/\/materlivres.org\/?page_id=3781","title":{"rendered":"M@termonde 2026"},"content":{"rendered":"\n<h2 class=\"wp-block-heading\">Protection de l&#8217;environnement, d\u00e9clin\u00e9e selon 4 axes : Le respect \/ La pollution \/ La toxicit\u00e9 \/ Le gaspillage <\/h2>\n\n\n\n<div class=\"wp-block-group is-layout-constrained wp-block-group-is-layout-constrained\"><div class=\"wp-block-group__inner-container\">\n<p><strong>LE RESPECT<\/strong> :  <mark style=\"background-color:rgba(0, 0, 0, 0)\" class=\"has-inline-color has-vivid-cyan-blue-color\"><strong>Turalo le lapin <\/strong><\/mark><\/p>\n\n\n\n<figure class=\"wp-block-audio\"><audio controls src=\"https:\/\/materlivres.org\/wp-content\/uploads\/2018\/08\/turalo0.mp3\"><\/audio><\/figure>\n\n\n<div class=\"wp-block-image\">\n<figure class=\"alignleft size-large is-resized\"><img loading=\"lazy\" decoding=\"async\" width=\"1024\" height=\"724\" src=\"https:\/\/materlivres.org\/wp-content\/uploads\/2018\/10\/Turalo-1024x724.jpg\" alt=\"\" class=\"wp-image-1420\" style=\"width:222px;height:auto\" srcset=\"https:\/\/materlivres.org\/wp-content\/uploads\/2018\/10\/Turalo-1024x724.jpg 1024w, https:\/\/materlivres.org\/wp-content\/uploads\/2018\/10\/Turalo-300x212.jpg 300w, https:\/\/materlivres.org\/wp-content\/uploads\/2018\/10\/Turalo-768x543.jpg 768w, https:\/\/materlivres.org\/wp-content\/uploads\/2018\/10\/Turalo-600x424.jpg 600w, https:\/\/materlivres.org\/wp-content\/uploads\/2018\/10\/Turalo.jpg 1754w\" sizes=\"(max-width: 706px) 89vw, (max-width: 767px) 82vw, 740px\" \/><\/figure><\/div>\n\n\n<p><\/p>\n\n\n\n<p><strong>Turalo le lapin<\/strong> adore faire du v\u00e9lo, mais \u00e0 chaque fois il \u00e9crase les fleurs de sa voisine\u2026<\/p>\n\n\n\n<p><\/p>\n<\/div><\/div>\n\n\n\n<p><\/p>\n\n\n\n<p><\/p>\n\n\n\n<p><strong>LA POLLUTION<\/strong> : <strong><mark style=\"background-color:rgba(0, 0, 0, 0)\" class=\"has-inline-color has-vivid-cyan-blue-color\">Delou le dauphin amoureux <\/mark>:<\/strong><\/p>\n\n\n\n<figure class=\"wp-block-audio\"><audio controls src=\"https:\/\/materlivres.org\/wp-content\/uploads\/2018\/08\/delou2.mp3\"><\/audio><\/figure>\n\n\n\n<div class=\"wp-block-columns is-layout-flex wp-container-core-columns-layout-1 wp-block-columns-is-layout-flex\">\n<div class=\"wp-block-column is-layout-flow wp-block-column-is-layout-flow\" style=\"flex-basis:100%\"><div class=\"wp-block-image\">\n<figure class=\"alignright size-full is-resized\"><img loading=\"lazy\" decoding=\"async\" width=\"283\" height=\"354\" src=\"https:\/\/materlivres.org\/wp-content\/uploads\/2019\/03\/dauphins3.jpg\" alt=\"\" class=\"wp-image-1672\" style=\"width:146px;height:auto\" srcset=\"https:\/\/materlivres.org\/wp-content\/uploads\/2019\/03\/dauphins3.jpg 283w, https:\/\/materlivres.org\/wp-content\/uploads\/2019\/03\/dauphins3-240x300.jpg 240w\" sizes=\"(max-width: 283px) 100vw, 283px\" \/><\/figure><\/div>\n\n\n<p>Delou le dauphin voudrait offrir un bouquet d\u2019algues \u00e0 Zerb la \u201cDauphine\u201d pour qu\u2019elle soit son amoureuse. Mais il n\u2019a trouv\u00e9 que des bouteilles en plastique qui flottaient. Les algues ont disparu \u00e0 cause des d\u00e9chets\u2026 il doit trouver une solution\u2026<\/p>\n\n\n\n<p><\/p>\n\n\n\n<p><\/p>\n<\/div>\n<\/div>\n\n\n\n<div class=\"wp-block-group is-layout-constrained wp-block-group-is-layout-constrained\"><div class=\"wp-block-group__inner-container\">\n<p><strong>LA TOXICITE<\/strong> : <mark style=\"background-color:rgba(0, 0, 0, 0)\" class=\"has-inline-color has-vivid-cyan-blue-color\"><strong>Dable la petite fourmi<\/strong><\/mark><\/p>\n\n\n\n<div class=\"wp-block-columns is-layout-flex wp-container-core-columns-layout-3 wp-block-columns-is-layout-flex\">\n<div class=\"wp-block-column is-layout-flow wp-block-column-is-layout-flow\" style=\"flex-basis:100%\">\n<figure class=\"wp-block-audio\"><audio controls src=\"https:\/\/materlivres.org\/wp-content\/uploads\/2018\/08\/dable0.mp3\"><\/audio><\/figure>\n\n\n\n<p><\/p>\n\n\n\n<div class=\"wp-block-columns is-layout-flex wp-container-core-columns-layout-2 wp-block-columns-is-layout-flex\">\n<div class=\"wp-block-column is-layout-flow wp-block-column-is-layout-flow\">\n<figure class=\"wp-block-image size-large is-resized\"><img loading=\"lazy\" decoding=\"async\" width=\"1024\" height=\"1024\" src=\"https:\/\/materlivres.org\/wp-content\/uploads\/2025\/09\/Dable-1-1024x1024.jpg\" alt=\"\" class=\"wp-image-3794\" style=\"width:187px;height:auto\" srcset=\"https:\/\/materlivres.org\/wp-content\/uploads\/2025\/09\/Dable-1-1024x1024.jpg 1024w, https:\/\/materlivres.org\/wp-content\/uploads\/2025\/09\/Dable-1-300x300.jpg 300w, https:\/\/materlivres.org\/wp-content\/uploads\/2025\/09\/Dable-1-150x150.jpg 150w, https:\/\/materlivres.org\/wp-content\/uploads\/2025\/09\/Dable-1-768x768.jpg 768w, https:\/\/materlivres.org\/wp-content\/uploads\/2025\/09\/Dable-1-600x600.jpg 600w, https:\/\/materlivres.org\/wp-content\/uploads\/2025\/09\/Dable-1-100x100.jpg 100w, https:\/\/materlivres.org\/wp-content\/uploads\/2025\/09\/Dable-1.jpg 1280w\" sizes=\"(max-width: 706px) 89vw, (max-width: 767px) 82vw, 740px\" \/><\/figure>\n<\/div>\n\n\n\n<div class=\"wp-block-column is-layout-flow wp-block-column-is-layout-flow\">\n<p>La reine a demand\u00e9 aux ouvri\u00e8res de nettoyer la fourmili\u00e8re tous les jours. Mais les produits sont trop forts ! Dable, la petite fourmi est toujours malade. Elle d\u00e9cide d\u2019aller voir comment font les autres animaux pour laver leur maison sans \u00eatre malades\u2026<\/p>\n<\/div>\n<\/div>\n\n\n\n<p><\/p>\n<\/div>\n<\/div>\n<\/div><\/div>\n\n\n\n<p><strong>LE GASPILLAGE <\/strong>: <mark style=\"background-color:rgba(0, 0, 0, 0)\" class=\"has-inline-color has-vivid-cyan-blue-color\">Obeur la grenouille<\/mark><\/p>\n\n\n\n<p><\/p>\n\n\n\n<div class=\"wp-block-columns is-layout-flex wp-container-core-columns-layout-4 wp-block-columns-is-layout-flex\">\n<div class=\"wp-block-column is-layout-flow wp-block-column-is-layout-flow\">\n<p>Obeur, la grenouille veut faire comme  Sanva,  le cam\u00e9l\u00e9on&#8230;  Elle veut changer de couleur tous les jours&#8230; Elle se colle des feuilles pour \u00eatre verte, puis les jette pour se coller des fleurs pour \u00eatre jaune ou violette. Les autres grenouilles en ont assez. Il y a plein de d\u00e9chets autour de la mare et presque plus de fleurs. Elles doivent trouver une solution&#8230;.<\/p>\n<\/div>\n\n\n\n<div class=\"wp-block-column is-layout-flow wp-block-column-is-layout-flow\">\n<figure class=\"wp-block-image size-full is-resized\"><img loading=\"lazy\" decoding=\"async\" width=\"1024\" height=\"1024\" src=\"https:\/\/materlivres.org\/wp-content\/uploads\/2025\/09\/image-wZ3HjrYeGH3BQDNQWOImQ-refined.jpg\" alt=\"\" class=\"wp-image-3795\" style=\"width:238px;height:auto\" srcset=\"https:\/\/materlivres.org\/wp-content\/uploads\/2025\/09\/image-wZ3HjrYeGH3BQDNQWOImQ-refined.jpg 1024w, https:\/\/materlivres.org\/wp-content\/uploads\/2025\/09\/image-wZ3HjrYeGH3BQDNQWOImQ-refined-300x300.jpg 300w, https:\/\/materlivres.org\/wp-content\/uploads\/2025\/09\/image-wZ3HjrYeGH3BQDNQWOImQ-refined-150x150.jpg 150w, https:\/\/materlivres.org\/wp-content\/uploads\/2025\/09\/image-wZ3HjrYeGH3BQDNQWOImQ-refined-768x768.jpg 768w, https:\/\/materlivres.org\/wp-content\/uploads\/2025\/09\/image-wZ3HjrYeGH3BQDNQWOImQ-refined-600x600.jpg 600w, https:\/\/materlivres.org\/wp-content\/uploads\/2025\/09\/image-wZ3HjrYeGH3BQDNQWOImQ-refined-100x100.jpg 100w\" sizes=\"(max-width: 706px) 89vw, (max-width: 767px) 82vw, 740px\" \/><\/figure>\n<\/div>\n<\/div>\n\n\n\n<div class=\"wp-block-columns is-layout-flex wp-container-core-columns-layout-5 wp-block-columns-is-layout-flex\">\n<div class=\"wp-block-column is-layout-flow wp-block-column-is-layout-flow\"><\/div>\n\n\n\n<div class=\"wp-block-column is-layout-flow wp-block-column-is-layout-flow\"><\/div>\n<\/div>\n","protected":false},"excerpt":{"rendered":"<p>Protection de l&#8217;environnement, d\u00e9clin\u00e9e selon 4 axes : Le respect \/ La pollution \/ La toxicit\u00e9 \/ Le gaspillage LE RESPECT : Turalo le lapin Turalo le lapin adore faire du v\u00e9lo, mais \u00e0 chaque fois il \u00e9crase les fleurs de sa voisine\u2026 LA POLLUTION : Delou le dauphin amoureux : Delou le dauphin voudrait &hellip; <\/p>\n<p class=\"link-more\"><a href=\"https:\/\/materlivres.org\/?page_id=3781\" class=\"more-link\">Continuer la lecture<span class=\"screen-reader-text\"> de &laquo;&nbsp;M@termonde 2026&nbsp;&raquo;<\/span><\/a><\/p>\n","protected":false},"author":2,"featured_media":0,"parent":0,"menu_order":0,"comment_status":"closed","ping_status":"closed","template":"","meta":{"footnotes":""},"_links":{"self":[{"href":"https:\/\/materlivres.org\/index.php?rest_route=\/wp\/v2\/pages\/3781"}],"collection":[{"href":"https:\/\/materlivres.org\/index.php?rest_route=\/wp\/v2\/pages"}],"about":[{"href":"https:\/\/materlivres.org\/index.php?rest_route=\/wp\/v2\/types\/page"}],"author":[{"embeddable":true,"href":"https:\/\/materlivres.org\/index.php?rest_route=\/wp\/v2\/users\/2"}],"replies":[{"embeddable":true,"href":"https:\/\/materlivres.org\/index.php?rest_route=%2Fwp%2Fv2%2Fcomments&post=3781"}],"version-history":[{"count":11,"href":"https:\/\/materlivres.org\/index.php?rest_route=\/wp\/v2\/pages\/3781\/revisions"}],"predecessor-version":[{"id":3829,"href":"https:\/\/materlivres.org\/index.php?rest_route=\/wp\/v2\/pages\/3781\/revisions\/3829"}],"wp:attachment":[{"href":"https:\/\/materlivres.org\/index.php?rest_route=%2Fwp%2Fv2%2Fmedia&parent=3781"}],"curies":[{"name":"wp","href":"https:\/\/api.w.org\/{rel}","templated":true}]}}