{"id":3513,"date":"2024-09-18T16:14:30","date_gmt":"2024-09-18T14:14:30","guid":{"rendered":"https:\/\/materlivres.org\/?page_id=3513"},"modified":"2024-09-22T17:16:57","modified_gmt":"2024-09-22T15:16:57","slug":"inscriptions-2024","status":"publish","type":"page","link":"https:\/\/materlivres.org\/?page_id=3513","title":{"rendered":"Inscriptions 2025"},"content":{"rendered":"\n<p><\/p>\n\n\n\n<p><strong><a href=\"https:\/\/framaforms.org\/inscriptions-2025-1695276331\">Remplissez le formulaire<\/a><\/strong> avec soins notamment les informations n\u00e9cessaires \u00e0 l\u2019organisation des groupes de classes travaillant ensemble.<\/p>\n\n\n\n<ul>\n<li>Le nom de l&#8217;\u00e9cole ou de la classe.<\/li>\n\n\n\n<li>Les coordonn\u00e9es :  adresse e-mail, localisation de l&#8217;\u00e9tablissement&#8230;<\/li>\n\n\n\n<li>Le niveau des \u00e9l\u00e8ves (classe maternelle).<\/li>\n\n\n\n<li>les p\u00e9riodes de vacances&#8230;<\/li>\n<\/ul>\n\n\n\n<p><strong>Envoyez le formulaire<\/strong> apr\u00e8s avoir v\u00e9rifi\u00e9 que toutes les informations sont correctes.<\/p>\n\n\n\n<p><strong>Recevez une confirmation<\/strong>. Un e-mail de confirmation d&#8217;adresses suivra apr\u00e8s votre soumission qu&#8217;il faudra imp\u00e9rativement renvoyer.<\/p>\n\n\n\n<p>ATTENTION : <strong>En cas de plusieurs inscriptions de classes d\u2019un m\u00eame niveau d&#8217;un m\u00eame pays, les derni\u00e8res inscriptions seront gard\u00e9es sur la liste compl\u00e9mentaire et bascul\u00e9es sur la liste principale, d\u00e8s que les inscriptions seront suffisamment importantes pour cr\u00e9er un nouveau groupe.<\/strong>  ( G\u00e9n\u00e9ralement cela va tr\u00e8s vite ;-). Dans ce cas, un large choix des histoires possibles, permet une int\u00e9gration rapide. Merci de votre compr\u00e9hension&#8230;<\/p>\n\n\n\n<p><a href=\"https:\/\/framaforms.org\/inscriptions-2025-1695276331\"><strong>Acc\u00e9der au formulaire<\/strong><\/a> en cliquant<a href=\"https:\/\/framaforms.org\/inscriptions-2025-1695276331\"> ici<\/a><\/p>\n\n\n\n<p><strong>Bon \u00e0 savoir<\/strong> : Vie priv\u00e9e garantie<\/p>\n\n\n\n<p>Framaforms est un service propos\u00e9 par Framasoft, association loi de 1901 d\u2019int\u00e9r\u00eat g\u00e9n\u00e9ral dont un des objectifs est de r\u00e9sister aux atteintes \u00e0 la vie priv\u00e9e, notamment lorsqu\u2019il s\u2019agit de collectes massives telles que pratiqu\u00e9es par GAFAM (Google, Apple, Facebook, Amazon, Microsoft). Nous prenons l\u2019engagement de ne pas exploiter vos donn\u00e9es ou celles de vos utilisateurs.<\/p>\n","protected":false},"excerpt":{"rendered":"<p>Remplissez le formulaire avec soins notamment les informations n\u00e9cessaires \u00e0 l\u2019organisation des groupes de classes travaillant ensemble. Envoyez le formulaire apr\u00e8s avoir v\u00e9rifi\u00e9 que toutes les informations sont correctes. Recevez une confirmation. Un e-mail de confirmation d&#8217;adresses suivra apr\u00e8s votre soumission qu&#8217;il faudra imp\u00e9rativement renvoyer. ATTENTION : En cas de plusieurs inscriptions de classes d\u2019un &hellip; <\/p>\n<p class=\"link-more\"><a href=\"https:\/\/materlivres.org\/?page_id=3513\" class=\"more-link\">Continuer la lecture<span class=\"screen-reader-text\"> de &laquo;&nbsp;Inscriptions 2025&nbsp;&raquo;<\/span><\/a><\/p>\n","protected":false},"author":2,"featured_media":0,"parent":0,"menu_order":0,"comment_status":"closed","ping_status":"closed","template":"","meta":{"footnotes":""},"_links":{"self":[{"href":"https:\/\/materlivres.org\/index.php?rest_route=\/wp\/v2\/pages\/3513"}],"collection":[{"href":"https:\/\/materlivres.org\/index.php?rest_route=\/wp\/v2\/pages"}],"about":[{"href":"https:\/\/materlivres.org\/index.php?rest_route=\/wp\/v2\/types\/page"}],"author":[{"embeddable":true,"href":"https:\/\/materlivres.org\/index.php?rest_route=\/wp\/v2\/users\/2"}],"replies":[{"embeddable":true,"href":"https:\/\/materlivres.org\/index.php?rest_route=%2Fwp%2Fv2%2Fcomments&post=3513"}],"version-history":[{"count":5,"href":"https:\/\/materlivres.org\/index.php?rest_route=\/wp\/v2\/pages\/3513\/revisions"}],"predecessor-version":[{"id":3527,"href":"https:\/\/materlivres.org\/index.php?rest_route=\/wp\/v2\/pages\/3513\/revisions\/3527"}],"wp:attachment":[{"href":"https:\/\/materlivres.org\/index.php?rest_route=%2Fwp%2Fv2%2Fmedia&parent=3513"}],"curies":[{"name":"wp","href":"https:\/\/api.w.org\/{rel}","templated":true}]}}