{"id":3486,"date":"2024-09-14T15:46:54","date_gmt":"2024-09-14T13:46:54","guid":{"rendered":"https:\/\/materlivres.org\/?page_id=3486"},"modified":"2024-09-20T18:03:58","modified_gmt":"2024-09-20T16:03:58","slug":"mtermonde-2025-les-arts-cinematographiques","status":"publish","type":"page","link":"https:\/\/materlivres.org\/?page_id=3486","title":{"rendered":"M@termonde 2025 : Les arts"},"content":{"rendered":"\n<p>Ce th\u00e8me sera d\u00e9clin\u00e9 avec une approche principale ax\u00e9e plus particuli\u00e8rement sur le cin\u00e9ma et trois secondaires pouvant \u00e9ventuellement se retrouver incluses dans la premi\u00e8re :<\/p>\n\n\n\n<div class=\"wp-block-columns is-layout-flex wp-container-core-columns-layout-1 wp-block-columns-is-layout-flex\">\n<div class=\"wp-block-column is-layout-flow wp-block-column-is-layout-flow\" style=\"flex-basis:33.33%\">\n<p>Le cin\u00e9ma<\/p>\n\n\n\n<p>La peinture<\/p>\n\n\n\n<p>La musique<\/p>\n\n\n\n<p>Le spectacle<\/p>\n<\/div>\n\n\n\n<div class=\"wp-block-column is-layout-flow wp-block-column-is-layout-flow\" style=\"flex-basis:66.66%\">\n<figure class=\"wp-block-image size-large is-resized\"><img loading=\"lazy\" decoding=\"async\" width=\"1021\" height=\"1024\" src=\"https:\/\/materlivres.org\/wp-content\/uploads\/2024\/09\/Matermonde-2025-1021x1024.jpg\" alt=\"\" class=\"wp-image-3489\" style=\"width:223px;height:auto\" srcset=\"https:\/\/materlivres.org\/wp-content\/uploads\/2024\/09\/Matermonde-2025-1021x1024.jpg 1021w, https:\/\/materlivres.org\/wp-content\/uploads\/2024\/09\/Matermonde-2025-300x300.jpg 300w, https:\/\/materlivres.org\/wp-content\/uploads\/2024\/09\/Matermonde-2025-150x150.jpg 150w, https:\/\/materlivres.org\/wp-content\/uploads\/2024\/09\/Matermonde-2025-768x770.jpg 768w, https:\/\/materlivres.org\/wp-content\/uploads\/2024\/09\/Matermonde-2025-600x602.jpg 600w, https:\/\/materlivres.org\/wp-content\/uploads\/2024\/09\/Matermonde-2025-1532x1536.jpg 1532w, https:\/\/materlivres.org\/wp-content\/uploads\/2024\/09\/Matermonde-2025-100x100.jpg 100w, https:\/\/materlivres.org\/wp-content\/uploads\/2024\/09\/Matermonde-2025-1320x1323.jpg 1320w, https:\/\/materlivres.org\/wp-content\/uploads\/2024\/09\/Matermonde-2025.jpg 1553w\" sizes=\"(max-width: 706px) 89vw, (max-width: 767px) 82vw, 740px\" \/><\/figure>\n<\/div>\n<\/div>\n\n\n\n<p>La peinture peut constituer un composant des d\u00e9cors et la musique faire l&#8217;objet de la bande son, mais ce n&#8217;est pas obligatoire. De m\u00eame la cr\u00e9ation d&#8217;un spectacle comportera des \u00e9l\u00e9ments identiques \u00e0 celui de la r\u00e9alisation d&#8217;un film. Les trois aspects secondaires peuvent \u00eatre trait\u00e9s ind\u00e9pendamment du th\u00e8me principal. Chaque groupe est enti\u00e8rement maitre de l&#8217;histoire et de la direction qu&#8217;elle prendra. <\/p>\n","protected":false},"excerpt":{"rendered":"<p>Ce th\u00e8me sera d\u00e9clin\u00e9 avec une approche principale ax\u00e9e plus particuli\u00e8rement sur le cin\u00e9ma et trois secondaires pouvant \u00e9ventuellement se retrouver incluses dans la premi\u00e8re : Le cin\u00e9ma La peinture La musique Le spectacle La peinture peut constituer un composant des d\u00e9cors et la musique faire l&#8217;objet de la bande son, mais ce n&#8217;est pas &hellip; <\/p>\n<p class=\"link-more\"><a href=\"https:\/\/materlivres.org\/?page_id=3486\" class=\"more-link\">Continuer la lecture<span class=\"screen-reader-text\"> de &laquo;&nbsp;M@termonde 2025 : Les arts&nbsp;&raquo;<\/span><\/a><\/p>\n","protected":false},"author":2,"featured_media":0,"parent":0,"menu_order":0,"comment_status":"closed","ping_status":"closed","template":"","meta":{"footnotes":""},"_links":{"self":[{"href":"https:\/\/materlivres.org\/index.php?rest_route=\/wp\/v2\/pages\/3486"}],"collection":[{"href":"https:\/\/materlivres.org\/index.php?rest_route=\/wp\/v2\/pages"}],"about":[{"href":"https:\/\/materlivres.org\/index.php?rest_route=\/wp\/v2\/types\/page"}],"author":[{"embeddable":true,"href":"https:\/\/materlivres.org\/index.php?rest_route=\/wp\/v2\/users\/2"}],"replies":[{"embeddable":true,"href":"https:\/\/materlivres.org\/index.php?rest_route=%2Fwp%2Fv2%2Fcomments&post=3486"}],"version-history":[{"count":4,"href":"https:\/\/materlivres.org\/index.php?rest_route=\/wp\/v2\/pages\/3486\/revisions"}],"predecessor-version":[{"id":3524,"href":"https:\/\/materlivres.org\/index.php?rest_route=\/wp\/v2\/pages\/3486\/revisions\/3524"}],"wp:attachment":[{"href":"https:\/\/materlivres.org\/index.php?rest_route=%2Fwp%2Fv2%2Fmedia&parent=3486"}],"curies":[{"name":"wp","href":"https:\/\/api.w.org\/{rel}","templated":true}]}}