{"id":3478,"date":"2024-09-13T15:43:22","date_gmt":"2024-09-13T13:43:22","guid":{"rendered":"https:\/\/materlivres.org\/?page_id=3478"},"modified":"2024-12-19T09:45:32","modified_gmt":"2024-12-19T08:45:32","slug":"les-themes-2025-les-arts","status":"publish","type":"page","link":"https:\/\/materlivres.org\/?page_id=3478","title":{"rendered":"Les th\u00e8mes 2025 : Les arts"},"content":{"rendered":"\n<div class=\"wp-block-columns is-layout-flex wp-container-core-columns-layout-1 wp-block-columns-is-layout-flex\">\n<div class=\"wp-block-column is-layout-flow wp-block-column-is-layout-flow\" style=\"flex-basis:66.66%\">\n<p><a href=\"https:\/\/materlivres.org\/wp-content\/uploads\/2024\/10\/presentation2025.pdf\"> T\u00e9l\u00e9chargement de l&#8217;affiche de pr\u00e9sentation. <\/a><\/p>\n\n\n\n<p><strong><a href=\"https:\/\/materlivres.org\/wp-content\/uploads\/2024\/09\/canard.mp3\">Le cin\u00e9ma : <\/a><\/strong><\/p>\n\n\n\n<p>Rico le canard a trouv\u00e9 un t\u00e9l\u00e9phone, il veut faire une vid\u00e9o pour montrer la ferme o\u00f9 il vit. Il ne sait pas par quoi commencer. Il demande de l&#8217;aide \u00e0 Lico le coq&#8230;<\/p>\n\n\n\n<p><\/p>\n<\/div>\n\n\n\n<div class=\"wp-block-column is-layout-flow wp-block-column-is-layout-flow\" style=\"flex-basis:33.33%\">\n<figure class=\"wp-block-image size-large\"><img loading=\"lazy\" decoding=\"async\" width=\"962\" height=\"1024\" src=\"https:\/\/materlivres.org\/wp-content\/uploads\/2024\/09\/canard-962x1024.jpg\" alt=\"\" class=\"wp-image-3500\" srcset=\"https:\/\/materlivres.org\/wp-content\/uploads\/2024\/09\/canard-962x1024.jpg 962w, https:\/\/materlivres.org\/wp-content\/uploads\/2024\/09\/canard-282x300.jpg 282w, https:\/\/materlivres.org\/wp-content\/uploads\/2024\/09\/canard-768x818.jpg 768w, https:\/\/materlivres.org\/wp-content\/uploads\/2024\/09\/canard-600x639.jpg 600w, https:\/\/materlivres.org\/wp-content\/uploads\/2024\/09\/canard.jpg 1048w\" sizes=\"(max-width: 706px) 89vw, (max-width: 767px) 82vw, 740px\" \/><\/figure>\n<\/div>\n<\/div>\n\n\n\n<p><strong><a href=\"https:\/\/materlivres.org\/wp-content\/uploads\/2024\/09\/Petits-cochons.mp3\">La peinture<\/a><\/strong><\/p>\n\n\n\n<div class=\"wp-block-columns is-layout-flex wp-container-core-columns-layout-2 wp-block-columns-is-layout-flex\">\n<div class=\"wp-block-column is-layout-flow wp-block-column-is-layout-flow\">\n<figure class=\"wp-block-image size-large\"><img loading=\"lazy\" decoding=\"async\" width=\"1024\" height=\"575\" src=\"https:\/\/materlivres.org\/wp-content\/uploads\/2024\/09\/loup-1024x575.jpg\" alt=\"\" class=\"wp-image-3508\" srcset=\"https:\/\/materlivres.org\/wp-content\/uploads\/2024\/09\/loup-1024x575.jpg 1024w, https:\/\/materlivres.org\/wp-content\/uploads\/2024\/09\/loup-300x168.jpg 300w, https:\/\/materlivres.org\/wp-content\/uploads\/2024\/09\/loup-768x431.jpg 768w, https:\/\/materlivres.org\/wp-content\/uploads\/2024\/09\/loup-600x337.jpg 600w, https:\/\/materlivres.org\/wp-content\/uploads\/2024\/09\/loup-1536x862.jpg 1536w, https:\/\/materlivres.org\/wp-content\/uploads\/2024\/09\/loup-1320x741.jpg 1320w, https:\/\/materlivres.org\/wp-content\/uploads\/2024\/09\/loup.jpg 1920w\" sizes=\"(max-width: 706px) 89vw, (max-width: 767px) 82vw, 740px\" \/><\/figure>\n<\/div>\n<\/div>\n\n\n\n<p>Les trois petits cochons en ont assez que le loup fasse \u00e9crouler leur maison en soufflant.<br>lls d\u00e9cident de faire, sur les murs, une jolie peinture que le loup ne voudrait pas d\u00e9truire&#8230; des fleurs,  des nuages, un bateau? Mais \u00e7a aime quoi comme peinture un loup? Ils vont demander \u00e0 Debois le hibou qui sait plein de choses&#8230;<\/p>\n\n\n\n<p><strong><a href=\"https:\/\/materlivres.org\/wp-content\/uploads\/2024\/09\/le-manchot.mp3\">La musique<\/a><\/strong><\/p>\n\n\n\n<div class=\"wp-block-columns is-layout-flex wp-container-core-columns-layout-3 wp-block-columns-is-layout-flex\">\n<div class=\"wp-block-column is-layout-flow wp-block-column-is-layout-flow\" style=\"flex-basis:66.66%\">\n<figure class=\"wp-block-image size-large\"><img loading=\"lazy\" decoding=\"async\" width=\"1024\" height=\"723\" src=\"https:\/\/materlivres.org\/wp-content\/uploads\/2024\/09\/manchot-1024x723.jpg\" alt=\"\" class=\"wp-image-3511\" srcset=\"https:\/\/materlivres.org\/wp-content\/uploads\/2024\/09\/manchot-1024x723.jpg 1024w, https:\/\/materlivres.org\/wp-content\/uploads\/2024\/09\/manchot-300x212.jpg 300w, https:\/\/materlivres.org\/wp-content\/uploads\/2024\/09\/manchot-768x542.jpg 768w, https:\/\/materlivres.org\/wp-content\/uploads\/2024\/09\/manchot-600x424.jpg 600w, https:\/\/materlivres.org\/wp-content\/uploads\/2024\/09\/manchot-1536x1085.jpg 1536w, https:\/\/materlivres.org\/wp-content\/uploads\/2024\/09\/manchot-1320x932.jpg 1320w, https:\/\/materlivres.org\/wp-content\/uploads\/2024\/09\/manchot.jpg 1920w\" sizes=\"(max-width: 706px) 89vw, (max-width: 767px) 82vw, 740px\" \/><\/figure>\n<\/div>\n\n\n\n<div class=\"wp-block-column is-layout-flow wp-block-column-is-layout-flow\" style=\"flex-basis:33.33%\">\n<p><\/p>\n\n\n\n<p>Yl\u00e9pa, le Manchot a envie de faire de la musique pour l&#8217;anniversaire de Derien l&#8217;ours polaire, Il doit trouver des amis et des instruments\u2026<\/p>\n<\/div>\n<\/div>\n\n\n\n<p><strong><a href=\"https:\/\/materlivres.org\/wp-content\/uploads\/2024\/12\/materlivres.mp3\">Le spectacle<\/a><\/strong><\/p>\n\n\n\n<p>Millon, le crabe vert veut faire un spectacle de danse avec les crevettes, pour l&#8217;anniversaire de Dar, la pieuvre, mais les crevettes n&#8217;\u00e9coutent pas&#8230; Comment faire un beau spectacle ?<\/p>\n\n\n\n<figure class=\"wp-block-image size-large\"><img loading=\"lazy\" decoding=\"async\" width=\"1024\" height=\"576\" src=\"https:\/\/materlivres.org\/wp-content\/uploads\/2024\/09\/crabe-1024x576.jpg\" alt=\"\" class=\"wp-image-3525\" srcset=\"https:\/\/materlivres.org\/wp-content\/uploads\/2024\/09\/crabe-1024x576.jpg 1024w, https:\/\/materlivres.org\/wp-content\/uploads\/2024\/09\/crabe-300x169.jpg 300w, https:\/\/materlivres.org\/wp-content\/uploads\/2024\/09\/crabe-768x432.jpg 768w, https:\/\/materlivres.org\/wp-content\/uploads\/2024\/09\/crabe-600x338.jpg 600w, https:\/\/materlivres.org\/wp-content\/uploads\/2024\/09\/crabe-1536x864.jpg 1536w, https:\/\/materlivres.org\/wp-content\/uploads\/2024\/09\/crabe-1320x743.jpg 1320w, https:\/\/materlivres.org\/wp-content\/uploads\/2024\/09\/crabe.jpg 1920w\" sizes=\"(max-width: 706px) 89vw, (max-width: 767px) 82vw, 740px\" \/><\/figure>\n","protected":false},"excerpt":{"rendered":"<p>T\u00e9l\u00e9chargement de l&#8217;affiche de pr\u00e9sentation. Le cin\u00e9ma : Rico le canard a trouv\u00e9 un t\u00e9l\u00e9phone, il veut faire une vid\u00e9o pour montrer la ferme o\u00f9 il vit. Il ne sait pas par quoi commencer. Il demande de l&#8217;aide \u00e0 Lico le coq&#8230; La peinture Les trois petits cochons en ont assez que le loup fasse &hellip; <\/p>\n<p class=\"link-more\"><a href=\"https:\/\/materlivres.org\/?page_id=3478\" class=\"more-link\">Continuer la lecture<span class=\"screen-reader-text\"> de &laquo;&nbsp;Les th\u00e8mes 2025 : Les arts&nbsp;&raquo;<\/span><\/a><\/p>\n","protected":false},"author":2,"featured_media":0,"parent":0,"menu_order":0,"comment_status":"closed","ping_status":"closed","template":"","meta":{"footnotes":""},"_links":{"self":[{"href":"https:\/\/materlivres.org\/index.php?rest_route=\/wp\/v2\/pages\/3478"}],"collection":[{"href":"https:\/\/materlivres.org\/index.php?rest_route=\/wp\/v2\/pages"}],"about":[{"href":"https:\/\/materlivres.org\/index.php?rest_route=\/wp\/v2\/types\/page"}],"author":[{"embeddable":true,"href":"https:\/\/materlivres.org\/index.php?rest_route=\/wp\/v2\/users\/2"}],"replies":[{"embeddable":true,"href":"https:\/\/materlivres.org\/index.php?rest_route=%2Fwp%2Fv2%2Fcomments&post=3478"}],"version-history":[{"count":18,"href":"https:\/\/materlivres.org\/index.php?rest_route=\/wp\/v2\/pages\/3478\/revisions"}],"predecessor-version":[{"id":3586,"href":"https:\/\/materlivres.org\/index.php?rest_route=\/wp\/v2\/pages\/3478\/revisions\/3586"}],"wp:attachment":[{"href":"https:\/\/materlivres.org\/index.php?rest_route=%2Fwp%2Fv2%2Fmedia&parent=3478"}],"curies":[{"name":"wp","href":"https:\/\/api.w.org\/{rel}","templated":true}]}}