{"id":3145,"date":"2023-10-01T18:05:30","date_gmt":"2023-10-01T16:05:30","guid":{"rendered":"https:\/\/materlivres.org\/?page_id=3145"},"modified":"2024-02-28T15:11:12","modified_gmt":"2024-02-28T14:11:12","slug":"classes-inscrites-6","status":"publish","type":"page","link":"https:\/\/materlivres.org\/?page_id=3145","title":{"rendered":"Classes inscrites"},"content":{"rendered":"\n<p><a href=\"https:\/\/view.genial.ly\/65279e03860e120011dc9834\/interactive-image-classes-inscrites-2024\" target=\"_blank\" rel=\"noreferrer noopener\">Visualisation interactive<\/a> \/ Pr\u00e9sentation des classes<a href=\"https:\/\/docs.google.com\/presentation\/d\/1mo1QT2-JcxC3KG_f6muHFSVdT851xyq0kwYQ7ekMVbs\/edit?usp=sharing\"> 1<\/a>  <a href=\"https:\/\/docs.google.com\/presentation\/d\/1EtCweFhjph6zpHAh9qnwi5uDuH9-hrnCpzElqW5ujhg\/edit?usp=sharing\">2<\/a>  <a href=\"https:\/\/docs.google.com\/presentation\/d\/1pwsnIV0E26eEVreqB0tdKtZRcmMPrNHuy0ke4JImZds\/edit?usp=sharing\">3<\/a>  <a href=\"https:\/\/docs.google.com\/presentation\/d\/1ylW7ielivuyPHzGS7H5ihBIEZvE-iDCgyq7p6iHSNv8\/edit?usp=sharing\">4<\/a><\/p>\n\n\n\n<ol>\n<li>MOREAU Nathalie <strong>MS<\/strong> lyc\u00e9e chateaubriand Rome<mark style=\"background-color:rgba(0, 0, 0, 0)\" class=\"has-inline-color has-vivid-cyan-blue-color\"> <strong>Italie<\/strong><\/mark><\/li>\n\n\n\n<li>VERNIER Nathalie <strong>MS<\/strong> Planeta Educar  Luanda <strong><mark style=\"background-color:rgba(0, 0, 0, 0)\" class=\"has-inline-color has-luminous-vivid-amber-color\"><strong>Angola<\/strong><\/mark><\/strong><\/li>\n\n\n\n<li>FLOR NGUYEN <strong>MS<\/strong> Anne-marie Lyc\u00e9e fran\u00e7ais Alexandre Yersin Hanoi <strong><mark style=\"background-color:rgba(0, 0, 0, 0)\" class=\"has-inline-color has-vivid-green-cyan-color\">Vietnam<\/mark><\/strong><\/li>\n\n\n\n<li>FAICIONI Elodie <strong>PS<\/strong> Lyc\u00e9e fran\u00e7ais Alexandre Yersin Hanoi <strong><strong><mark style=\"background-color:rgba(0, 0, 0, 0)\" class=\"has-inline-color has-vivid-green-cyan-color\">Vietnam<\/mark><\/strong><\/strong><\/li>\n\n\n\n<li>MORELLO Val\u00e9riane <strong>MS<\/strong> International French School of Singapore <strong><mark style=\"background-color:rgba(0, 0, 0, 0)\" class=\"has-inline-color has-vivid-green-cyan-color\">Singapour<\/mark><\/strong><\/li>\n\n\n\n<li>RANNOU Pauline <strong>MS \/ GS<\/strong> Ecole Fran\u00e7aise Jean de la Fontaine Harare <strong><mark style=\"background-color:rgba(0, 0, 0, 0)\" class=\"has-inline-color has-luminous-vivid-amber-color\">Zimbabwe<\/mark><\/strong><\/li>\n\n\n\n<li>ROBERT Coraline  <strong>PS<\/strong> Planeta Educar  Luanda<mark style=\"background-color:rgba(0, 0, 0, 0)\" class=\"has-inline-color has-luminous-vivid-amber-color\"> <strong>Angola<\/strong><\/mark><\/li>\n\n\n\n<li>DENIEL Charl\u00e8ne <strong>MS \/ PS <\/strong>Ecole Pablo N\u00e9ruda d&#8217;Audrieu<strong> <mark style=\"background-color:rgba(0, 0, 0, 0)\" class=\"has-inline-color has-vivid-cyan-blue-color\">France<\/mark><\/strong><\/li>\n\n\n\n<li>BELLANGER Barbara <strong>GS <\/strong>Ecole Pablo N\u00e9ruda d&#8217;Audrieu<strong><strong><mark style=\"background-color:rgba(0, 0, 0, 0)\" class=\"has-inline-color has-vivid-cyan-blue-color\">France<\/mark><\/strong><\/strong><\/li>\n\n\n\n<li>MONSEC Fabienne <strong>GS<\/strong> Lyc\u00e9e fran\u00e7ais de Madrid <strong><mark style=\"background-color:rgba(0, 0, 0, 0)\" class=\"has-inline-color has-vivid-cyan-blue-color\">Espagne<\/mark><\/strong><\/li>\n\n\n\n<li>CURETTI H\u00e9l\u00e8ne <strong>MS<\/strong> French-American School of New York Larchmont <strong><mark style=\"background-color:rgba(0, 0, 0, 0)\" class=\"has-inline-color has-vivid-red-color\">USA<\/mark><\/strong><\/li>\n\n\n\n<li>BRANDELY Auriane <strong>GS<\/strong> Caulfield Junior College Melbourne<mark style=\"background-color:rgba(0, 0, 0, 0)\" class=\"has-inline-color has-vivid-purple-color\"> <strong>Australie<\/strong><\/mark><\/li>\n\n\n\n<li>REYBEROLLE C\u00e9lia <strong>MS \/ GS<\/strong> Planeta Educar  Luanda <strong><mark style=\"background-color:rgba(0, 0, 0, 0)\" class=\"has-inline-color has-luminous-vivid-amber-color\"><strong>Angola<\/strong><\/mark><\/strong><\/li>\n\n\n\n<li>COUSIN David <strong>GS<\/strong> Lyc\u00e9e fran\u00e7ais Alexandre Yersin Hanoi <strong><strong><mark style=\"background-color:rgba(0, 0, 0, 0)\" class=\"has-inline-color has-vivid-green-cyan-color\">Vietnam<\/mark><\/strong><\/strong><\/li>\n\n\n\n<li>COSTA Edna  <strong>PS<\/strong> Planeta Educar  Luanda <strong><mark style=\"background-color:rgba(0, 0, 0, 0)\" class=\"has-inline-color has-luminous-vivid-amber-color\"><strong>Angola<\/strong><\/mark><\/strong><\/li>\n\n\n\n<li>PUNGI Francisca  <strong>GS<\/strong> Planeta Educar  Luanda<mark style=\"background-color:rgba(0, 0, 0, 0)\" class=\"has-inline-color has-luminous-vivid-amber-color\"><strong>Angola<\/strong><\/mark><\/li>\n\n\n\n<li>SADOT Emmanuelle <strong>MS \/ PS<\/strong> \u00e9cole Ste Marguerite d&#8217;Elle Lison <strong><strong><mark style=\"background-color:rgba(0, 0, 0, 0)\" class=\"has-inline-color has-vivid-cyan-blue-color\">France<\/mark><\/strong><\/strong><\/li>\n\n\n\n<li>HOULETTE Christophe <strong>PS<\/strong> LFI Pondich\u00e9ry <strong><strong><mark style=\"background-color:rgba(0, 0, 0, 0)\" class=\"has-inline-color has-vivid-green-cyan-color\">Inde<\/mark><\/strong><\/strong><\/li>\n\n\n\n<li>MOHAMED AHMED Shona <strong>GS \/MS \/ PS<\/strong>  Ecole Francophone de Luang Prabang <strong><strong><mark style=\"background-color:rgba(0, 0, 0, 0)\" class=\"has-inline-color has-vivid-green-cyan-color\">Laos<\/mark><\/strong><\/strong><\/li>\n\n\n\n<li>BLASQUEZ Laura <strong>GS<\/strong> \u00e9cole fran\u00e7aise de Bratislava <strong><strong><mark style=\"background-color:rgba(0, 0, 0, 0)\" class=\"has-inline-color has-vivid-cyan-blue-color\">Slovaquie<\/mark><\/strong><\/strong><\/li>\n\n\n\n<li>MEDJAHED Yasmine <strong>MS \/ PS<\/strong>  Petite \u00c9cole d&#8217;Hydra Alger<mark style=\"background-color:rgba(0, 0, 0, 0)\" class=\"has-inline-color has-luminous-vivid-amber-color\"> <strong>Alg\u00e9rie<\/strong><\/mark><\/li>\n\n\n\n<li>JOUANNEAU Martin <strong>GS<\/strong> \u00c9cole Fran\u00e7aise de T\u00e9h\u00e9ran <strong><strong><mark style=\"background-color:rgba(0, 0, 0, 0)\" class=\"has-inline-color has-vivid-green-cyan-color\">Iran<\/mark><\/strong><\/strong><\/li>\n\n\n\n<li>ELINGUEL La\u00eatitia <strong>GS<\/strong> lyc\u00e9e chateaubriand Rome <mark style=\"background-color:rgba(0, 0, 0, 0)\" class=\"has-inline-color has-vivid-cyan-blue-color\"><strong>Italie<\/strong><\/mark><\/li>\n\n\n\n<li>VICTORIN Sabrina <strong>GS \/MS<\/strong> EFI de Tirana <mark style=\"background-color:rgba(0, 0, 0, 0)\" class=\"has-inline-color has-vivid-cyan-blue-color\"><strong>Albanie<\/strong><\/mark><\/li>\n\n\n\n<li>JEAN Lucile <strong>MS<\/strong> \u00c9cole Le Petit Lotus Bleu de Shangha\u00ef <strong><strong><mark style=\"background-color:rgba(0, 0, 0, 0)\" class=\"has-inline-color has-vivid-green-cyan-color\">Chine<\/mark><\/strong><\/strong><\/li>\n\n\n\n<li>MESLIN Christine <strong>PS<\/strong> \u00c9cole Paul Gernez de Caen <strong><strong><mark style=\"background-color:rgba(0, 0, 0, 0)\" class=\"has-inline-color has-vivid-cyan-blue-color\">France<\/mark><\/strong><\/strong><\/li>\n\n\n\n<li>DU REAU Mathilde <strong>GS<\/strong> lyc\u00e9e fran\u00e7ais Charles Lepierre de Lisbonne <strong><strong><mark style=\"background-color:rgba(0, 0, 0, 0)\" class=\"has-inline-color has-vivid-cyan-blue-color\">Portugal<\/mark><\/strong><\/strong><\/li>\n\n\n\n<li>COUDON Katy <strong>MS<\/strong> \u00c9cole Paul Cezanne de Rabat <mark style=\"background-color:rgba(0, 0, 0, 0)\" class=\"has-inline-color has-luminous-vivid-amber-color\"><strong>Maroc<\/strong><\/mark><\/li>\n\n\n\n<li>DURIEUX Shalimar <strong>MS<\/strong> La Petite Ecole de Hano\u00ef <strong><strong><mark style=\"background-color:rgba(0, 0, 0, 0)\" class=\"has-inline-color has-vivid-green-cyan-color\">Vietnam<\/mark><\/strong><\/strong><\/li>\n\n\n\n<li>Jayet Karine <strong>GS<\/strong> La Petite Ecole de Hano\u00ef <strong><strong><mark style=\"background-color:rgba(0, 0, 0, 0)\" class=\"has-inline-color has-vivid-green-cyan-color\">Vietnam<\/mark><\/strong><\/strong><\/li>\n\n\n\n<li>RAULT Jennifer <strong>GS<\/strong> LFI Agadir <mark style=\"background-color:rgba(0, 0, 0, 0)\" class=\"has-inline-color has-luminous-vivid-amber-color\"><strong>Maroc<\/strong><\/mark><\/li>\n\n\n\n<li>DOUGE Emmanuelle <strong>GS<\/strong> CFBL de Londres <strong><strong><mark style=\"background-color:rgba(0, 0, 0, 0)\" class=\"has-inline-color has-vivid-cyan-blue-color\">Royaune-Uni<\/mark><\/strong><\/strong><\/li>\n\n\n\n<li>BOFENDA Falonne <strong>GS<\/strong>\/<strong>CP<\/strong> Coll\u00e8ge Dr C\u00e9cile Mboyo de Kinshasa <mark style=\"background-color:rgba(0, 0, 0, 0)\" class=\"has-inline-color has-luminous-vivid-amber-color\"><strong>R\u00e9publique D\u00e9mocratique  du Congo<\/strong><\/mark><\/li>\n\n\n\n<li>BOOMS Chlo\u00e9 <strong>GS<\/strong> \u00c9cole internationale Cousteau de Vancouver <strong><mark style=\"background-color:rgba(0, 0, 0, 0)\" class=\"has-inline-color has-vivid-red-color\">Canada<\/mark><\/strong><\/li>\n\n\n\n<li>ROY Karine <strong>PS<\/strong> \u00c9cole Paul Gernez de Caen <strong><strong><mark style=\"background-color:rgba(0, 0, 0, 0)\" class=\"has-inline-color has-vivid-cyan-blue-color\">France<\/mark><\/strong><\/strong><\/li>\n\n\n\n<li>LEROY-DALVI Anne-Marie <strong>MS<\/strong> \u00c9cole Paul Gernez de Caen <strong><strong><mark style=\"background-color:rgba(0, 0, 0, 0)\" class=\"has-inline-color has-vivid-cyan-blue-color\">France<\/mark><\/strong><\/strong><\/li>\n\n\n\n<li>RENAULT Jo\u00eblle <strong>GS<\/strong> \u00c9cole maternelle Fernande Bonchamps Pointe-\u00e0-Pitre <strong><mark><strong><mark style=\"background-color:rgba(0, 0, 0, 0)\" class=\"has-inline-color has-vivid-red-color\">France<\/mark><\/strong><\/mark><\/strong><\/li>\n\n\n\n<li>EZANNO Aliz\u00e9e <strong>MS \/ GS<\/strong>   \u00c9cole Fran\u00e7aise de Battambang <strong><strong><mark style=\"background-color:rgba(0, 0, 0, 0)\" class=\"has-inline-color has-vivid-green-cyan-color\">Cambodge<\/mark><\/strong><\/strong><\/li>\n\n\n\n<li>MESLIN Christine <strong>GS<\/strong> \u00c9cole Paul Gernez de Caen <strong><strong><mark style=\"background-color:rgba(0, 0, 0, 0)\" class=\"has-inline-color has-vivid-cyan-blue-color\">France<\/mark><\/strong><\/strong><\/li>\n\n\n\n<li>ETIENNE Philippe<strong> PS \/ MS<\/strong> Lyc\u00e9e International Cours Lumi\u00e8re de Lom\u00e9 <mark style=\"background-color:rgba(0, 0, 0, 0)\" class=\"has-inline-color has-luminous-vivid-amber-color\"><strong>Togo<\/strong><\/mark><\/li>\n\n\n\n<li>ELHALLABI  Sarra <strong>GS<\/strong>\/<strong>CP<\/strong> Lyc\u00e9e International Fran\u00e7ais Concordia Le Caire <mark style=\"background-color:rgba(0, 0, 0, 0)\" class=\"has-inline-color has-luminous-vivid-amber-color\"><strong>Egypte<\/strong><\/mark><\/li>\n\n\n\n<li>DAUDRIX Marie-Pierre <strong>GS<\/strong> Ecole de la Basane Brussieu <strong><strong><mark style=\"background-color:rgba(0, 0, 0, 0)\" class=\"has-inline-color has-vivid-cyan-blue-color\">France<\/mark><\/strong><\/strong><\/li>\n\n\n\n<li>FIGUIGUI Virginie <strong>MS \/ GS<\/strong> EFI de Tirana <mark style=\"background-color:rgba(0, 0, 0, 0)\" class=\"has-inline-color has-vivid-cyan-blue-color\"><strong>Albanie<\/strong><\/mark><\/li>\n\n\n\n<li>MATONDO Rosie <strong>MS<\/strong> Coll\u00e8ge Dr C\u00e9cile Mboyo de Kinshasa <mark style=\"background-color:rgba(0, 0, 0, 0)\" class=\"has-inline-color has-luminous-vivid-amber-color\"><strong>R\u00e9publique D\u00e9mocratique  du Congo<\/strong><\/mark><\/li>\n<\/ol>\n\n\n\n<p><\/p>\n","protected":false},"excerpt":{"rendered":"<p>Visualisation interactive \/ Pr\u00e9sentation des classes 1 2 3 4<\/p>\n","protected":false},"author":2,"featured_media":0,"parent":0,"menu_order":0,"comment_status":"closed","ping_status":"closed","template":"","meta":{"footnotes":""},"_links":{"self":[{"href":"https:\/\/materlivres.org\/index.php?rest_route=\/wp\/v2\/pages\/3145"}],"collection":[{"href":"https:\/\/materlivres.org\/index.php?rest_route=\/wp\/v2\/pages"}],"about":[{"href":"https:\/\/materlivres.org\/index.php?rest_route=\/wp\/v2\/types\/page"}],"author":[{"embeddable":true,"href":"https:\/\/materlivres.org\/index.php?rest_route=\/wp\/v2\/users\/2"}],"replies":[{"embeddable":true,"href":"https:\/\/materlivres.org\/index.php?rest_route=%2Fwp%2Fv2%2Fcomments&post=3145"}],"version-history":[{"count":43,"href":"https:\/\/materlivres.org\/index.php?rest_route=\/wp\/v2\/pages\/3145\/revisions"}],"predecessor-version":[{"id":3317,"href":"https:\/\/materlivres.org\/index.php?rest_route=\/wp\/v2\/pages\/3145\/revisions\/3317"}],"wp:attachment":[{"href":"https:\/\/materlivres.org\/index.php?rest_route=%2Fwp%2Fv2%2Fmedia&parent=3145"}],"curies":[{"name":"wp","href":"https:\/\/api.w.org\/{rel}","templated":true}]}}