{"id":3125,"date":"2023-09-25T18:05:45","date_gmt":"2023-09-25T16:05:45","guid":{"rendered":"https:\/\/materlivres.org\/?page_id=3125"},"modified":"2023-09-25T18:18:59","modified_gmt":"2023-09-25T16:18:59","slug":"mtermonde-2023-les-4-elements","status":"publish","type":"page","link":"https:\/\/materlivres.org\/?page_id=3125","title":{"rendered":"M@termonde 2024"},"content":{"rendered":"\n<h2 class=\"wp-block-heading\">Les 4 \u00e9l\u00e9ments.<\/h2>\n\n\n\n<h3 class=\"wp-block-heading\">Le but est de permettre pendant 6 semaines, une collaboration de classes de plusieurs continents avec une&nbsp; classe de m\u00e9tropole sur un th\u00e8me fort.<\/h3>\n\n\n\n<p>Comme les ann\u00e9es pr\u00e9c\u00e9dentes, M@terlivres est plac\u00e9e sous le signe de l\u2019humour et de la bonne humeur\u2026 Cette ann\u00e9e, le th\u00e8me abord\u00e9 est celui des \u00e9motions (toutes n\u00e9gatives dans les accroches\u2026) Chaque histoire m\u00eale plusieurs autres th\u00e8mes (pollution, addiction au num\u00e9rique, nutrition, violence\u2026).<\/p>\n\n\n\n<p>Chaque \u00e9l\u00e9ment est un pr\u00e9texte pour aborder une th\u00e9matique aussi importante qu&#8217;actuelle ( l\u2019appauvrissement des sols, les inondations, le racisme, la solidarit\u00e9, etc&#8230;).<\/p>\n\n\n\n<p>L&#8217;eau<\/p>\n\n\n\n<p>Le feu<\/p>\n\n\n\n<p>La terre<\/p>\n\n\n\n<p>L&#8217;air<\/p>\n","protected":false},"excerpt":{"rendered":"<p>Les 4 \u00e9l\u00e9ments. Le but est de permettre pendant 6 semaines, une collaboration de classes de plusieurs continents avec une&nbsp; classe de m\u00e9tropole sur un th\u00e8me fort. Comme les ann\u00e9es pr\u00e9c\u00e9dentes, M@terlivres est plac\u00e9e sous le signe de l\u2019humour et de la bonne humeur\u2026 Cette ann\u00e9e, le th\u00e8me abord\u00e9 est celui des \u00e9motions (toutes n\u00e9gatives &hellip; <\/p>\n<p class=\"link-more\"><a href=\"https:\/\/materlivres.org\/?page_id=3125\" class=\"more-link\">Continuer la lecture<span class=\"screen-reader-text\"> de &laquo;&nbsp;M@termonde 2024&nbsp;&raquo;<\/span><\/a><\/p>\n","protected":false},"author":2,"featured_media":0,"parent":0,"menu_order":0,"comment_status":"closed","ping_status":"closed","template":"","meta":{"footnotes":""},"_links":{"self":[{"href":"https:\/\/materlivres.org\/index.php?rest_route=\/wp\/v2\/pages\/3125"}],"collection":[{"href":"https:\/\/materlivres.org\/index.php?rest_route=\/wp\/v2\/pages"}],"about":[{"href":"https:\/\/materlivres.org\/index.php?rest_route=\/wp\/v2\/types\/page"}],"author":[{"embeddable":true,"href":"https:\/\/materlivres.org\/index.php?rest_route=\/wp\/v2\/users\/2"}],"replies":[{"embeddable":true,"href":"https:\/\/materlivres.org\/index.php?rest_route=%2Fwp%2Fv2%2Fcomments&post=3125"}],"version-history":[{"count":3,"href":"https:\/\/materlivres.org\/index.php?rest_route=\/wp\/v2\/pages\/3125\/revisions"}],"predecessor-version":[{"id":3130,"href":"https:\/\/materlivres.org\/index.php?rest_route=\/wp\/v2\/pages\/3125\/revisions\/3130"}],"wp:attachment":[{"href":"https:\/\/materlivres.org\/index.php?rest_route=%2Fwp%2Fv2%2Fmedia&parent=3125"}],"curies":[{"name":"wp","href":"https:\/\/api.w.org\/{rel}","templated":true}]}}