{"id":3121,"date":"2023-09-19T10:57:09","date_gmt":"2023-09-19T08:57:09","guid":{"rendered":"https:\/\/materlivres.org\/?page_id=3121"},"modified":"2024-03-04T09:43:12","modified_gmt":"2024-03-04T08:43:12","slug":"les-histoires-2024","status":"publish","type":"page","link":"https:\/\/materlivres.org\/?page_id=3121","title":{"rendered":"Les histoires 2024"},"content":{"rendered":"\n<p><a href=\"https:\/\/materlivres.org\/wp-admin\/edit.php?post_type=page\"><\/a><\/p>\n\n\n\n<h1 class=\"wp-block-heading\">Les \u00e9l\u00e9ments(<a href=\"https:\/\/fr.vikidia.org\/wiki\/Quatre_%C3%A9l%C3%A9ments\" target=\"_blank\" rel=\"noreferrer noopener\">Vikidia<\/a>) :<\/h1>\n\n\n\n<p>Les <strong>quatre \u00e9l\u00e9ments<\/strong> sont une <a href=\"https:\/\/fr.vikidia.org\/wiki\/Th%C3%A9orie\">th\u00e9orie<\/a> philosophie, une fa\u00e7on de concevoir le monde. Cette th\u00e9orie d\u00e9crit le monde comme \u00e9tant constitu\u00e9e de quatre \u00e9l\u00e9ments&nbsp;: l&#8217;eau, la terre, le feu et l&#8217;air. Cette th\u00e9orie est apparue \u00e0 partir de la <a href=\"https:\/\/fr.vikidia.org\/wiki\/Gr%C3%A8ce_antique\">Gr\u00e8ce antique<\/a>. On sait aujourd&#8217;hui que cette conception du monde est erron\u00e9e, mais elle nous permet d&#8217;y associer des th\u00e9matiques  bien actuelles.<\/p>\n\n\n\n<figure class=\"wp-block-image size-large\"><img loading=\"lazy\" decoding=\"async\" width=\"1024\" height=\"683\" src=\"https:\/\/materlivres.org\/wp-content\/uploads\/2023\/10\/Les-4-elements1-1-1024x683.png\" alt=\"\" class=\"wp-image-3181\" srcset=\"https:\/\/materlivres.org\/wp-content\/uploads\/2023\/10\/Les-4-elements1-1-1024x683.png 1024w, https:\/\/materlivres.org\/wp-content\/uploads\/2023\/10\/Les-4-elements1-1-300x200.png 300w, https:\/\/materlivres.org\/wp-content\/uploads\/2023\/10\/Les-4-elements1-1-768x512.png 768w, https:\/\/materlivres.org\/wp-content\/uploads\/2023\/10\/Les-4-elements1-1-600x400.png 600w, https:\/\/materlivres.org\/wp-content\/uploads\/2023\/10\/Les-4-elements1-1-1536x1024.png 1536w, https:\/\/materlivres.org\/wp-content\/uploads\/2023\/10\/Les-4-elements1-1-1320x880.png 1320w, https:\/\/materlivres.org\/wp-content\/uploads\/2023\/10\/Les-4-elements1-1.png 1920w\" sizes=\"(max-width: 706px) 89vw, (max-width: 767px) 82vw, 740px\" \/><\/figure>\n\n\n\n<p id=\"block-17e0f672-b862-4e87-aa6d-a77ba60eb612\"><\/p>\n\n\n\n<p id=\"block-5658f7b4-efff-4370-a7b8-c7faa7515366\"><a href=\"https:\/\/materlivres.org\/wp-content\/uploads\/2022\/09\/presentation.pdf\" target=\"_blank\" rel=\"noreferrer noopener\">T\u00e9l\u00e9charger la fiche de pr\u00e9sentation<\/a> \/ <a href=\"https:\/\/materlivres.org\/wp-content\/uploads\/2023\/10\/Les-4-elements1.png\" target=\"_blank\" rel=\"noreferrer noopener\">T\u00e9l\u00e9charger l&#8217;affiche<\/a><\/p>\n\n\n\n<p>Cliquer sur les diff\u00e9rents \u00e9l\u00e9ments pour avoir la pr\u00e9sentation audio.<\/p>\n\n\n\n<h2 class=\"wp-block-heading\" id=\"block-02c8ee46-8ba1-4f21-810a-c49dd01c50d0\"><a rel=\"noreferrer noopener\" href=\"https:\/\/www.canva.com\/design\/DAFxHSR7Pmk\/ssLlo9pE7tyNCnLNrdP74g\/watch?utm_content=DAFxHSR7Pmk&amp;utm_campaign=designshare&amp;utm_medium=link&amp;utm_source=editor\" data-type=\"URL\" data-id=\"https:\/\/www.canva.com\/design\/DAFxHSR7Pmk\/ssLlo9pE7tyNCnLNrdP74g\/watch?utm_content=DAFxHSR7Pmk&amp;utm_campaign=designshare&amp;utm_medium=link&amp;utm_source=editor\" target=\"_blank\">Le feu :<\/a> Ragan, le loup<\/h2>\n\n\n\n<p id=\"block-80976e19-2e2b-4b2a-8df2-64d82a3fb120\">Il y a le feu dans la for\u00eat. La tani\u00e8re de Ragan le loup est encercl\u00e9e par les flammes. Le loup hurle pour avoir de l&#8217;aide, mais les animaux ont peur de lui&#8230; il doit trouver une solution.<\/p>\n\n\n\n<h2 class=\"wp-block-heading\" id=\"block-fa8fab83-41a1-4df3-8bde-4011b2cd9f34\"><a href=\"https:\/\/www.canva.com\/design\/DAFx5LIcj2E\/o5kq7zObvHFpx8ShTe-4cA\/watch?utm_content=DAFx5LIcj2E&amp;utm_campaign=designshare&amp;utm_medium=link&amp;utm_source=editor\" target=\"_blank\" rel=\"noreferrer noopener\">La terre<\/a> : La petite poule rousse<\/h2>\n\n\n\n<p>La petite poule rousse veut planter du ma\u00efs,  mais rien ne pousse dans cette terre, il y a trop de cailloux&#8230; Qui va l&#8217;aider?<\/p>\n\n\n\n<h2 class=\"wp-block-heading\"><a rel=\"noreferrer noopener\" href=\"https:\/\/www.canva.com\/design\/DAFxJQW_3yQ\/32sOQClPOy19HqvMNkhSuw\/watch\" target=\"_blank\">L&#8217;eau :<\/a> Plapla et Tatouille<\/h2>\n\n\n\n<p id=\"block-c17b626b-e41a-4927-af11-199fa0c87496\">A cause du dernier orage, le trou de Plapla, le petit rat blanc est inond\u00e9. Il doit en creuser un autre dans le champ d\u2019\u00e0 c\u00f4t\u00e9 o\u00f9 vit Tatouille, le grand rat noir. Seulement Tatouille n\u2019aime que les rats noirs. Plapla doit trouver une id\u00e9e.<\/p>\n\n\n\n<h2 class=\"wp-block-heading\" id=\"block-8f03c141-6855-4575-8024-c9241e8746a2\"><a href=\"https:\/\/www.canva.com\/design\/DAFxgcI4uLk\/aLvcvRV_cGytqNzVgKhD7w\/watch?utm_content=DAFxgcI4uLk&amp;utm_campaign=designshare&amp;utm_medium=link&amp;utm_source=editor\">L&#8217;<\/a><a href=\"https:\/\/www.canva.com\/design\/DAFxgcI4uLk\/aLvcvRV_cGytqNzVgKhD7w\/watch?utm_content=DAFxgcI4uLk&amp;utm_campaign=designshare&amp;utm_medium=link&amp;utm_source=editor\" target=\"_blank\" rel=\"noreferrer noopener\">air <\/a><a href=\"https:\/\/www.canva.com\/design\/DAFxgcI4uLk\/aLvcvRV_cGytqNzVgKhD7w\/watch?utm_content=DAFxgcI4uLk&amp;utm_campaign=designshare&amp;utm_medium=link&amp;utm_source=editor\">:<\/a> C\u00e9d\u00e8re le scarab\u00e9e<\/h2>\n\n\n\n<p>C\u00e9d\u00e8re le scarab\u00e9e en a assez. Un \u00e9l\u00e9phant est venu faire ses besoins dans la savane et Patou, le bousier a tout ramass\u00e9. Le vent apporte toutes les mauvaises odeurs jusqu&#8217;\u00e0 la maison de C\u00e9d\u00e8re. Il d\u00e9cide d&#8217;aller voir Patou.<\/p>\n\n\n\n<p><a href=\"https:\/\/materlivres.org\/wp-admin\/revision.php?revision=2950&amp;gutenberg=true\"><\/a><\/p>\n\n\n\n<p><a href=\"https:\/\/materlivres.org\/wp-admin\/revision.php?revision=2950&amp;gutenberg=true\">15 r\u00e9visions<\/a><\/p>\n\n\n\n<h2 class=\"wp-block-heading\"><\/h2>\n\n\n\n<h2 class=\"wp-block-heading\"><\/h2>\n\n\n\n<h2 class=\"wp-block-heading\"><\/h2>\n\n\n\n<h2 class=\"wp-block-heading\"><\/h2>\n\n\n\n<ul>\n<li>Page<\/li>\n<\/ul>\n","protected":false},"excerpt":{"rendered":"<p>Les \u00e9l\u00e9ments(Vikidia) : Les quatre \u00e9l\u00e9ments sont une th\u00e9orie philosophie, une fa\u00e7on de concevoir le monde. Cette th\u00e9orie d\u00e9crit le monde comme \u00e9tant constitu\u00e9e de quatre \u00e9l\u00e9ments&nbsp;: l&#8217;eau, la terre, le feu et l&#8217;air. Cette th\u00e9orie est apparue \u00e0 partir de la Gr\u00e8ce antique. On sait aujourd&#8217;hui que cette conception du monde est erron\u00e9e, mais &hellip; <\/p>\n<p class=\"link-more\"><a href=\"https:\/\/materlivres.org\/?page_id=3121\" class=\"more-link\">Continuer la lecture<span class=\"screen-reader-text\"> de &laquo;&nbsp;Les histoires 2024&nbsp;&raquo;<\/span><\/a><\/p>\n","protected":false},"author":2,"featured_media":0,"parent":0,"menu_order":0,"comment_status":"closed","ping_status":"closed","template":"","meta":{"footnotes":""},"_links":{"self":[{"href":"https:\/\/materlivres.org\/index.php?rest_route=\/wp\/v2\/pages\/3121"}],"collection":[{"href":"https:\/\/materlivres.org\/index.php?rest_route=\/wp\/v2\/pages"}],"about":[{"href":"https:\/\/materlivres.org\/index.php?rest_route=\/wp\/v2\/types\/page"}],"author":[{"embeddable":true,"href":"https:\/\/materlivres.org\/index.php?rest_route=\/wp\/v2\/users\/2"}],"replies":[{"embeddable":true,"href":"https:\/\/materlivres.org\/index.php?rest_route=%2Fwp%2Fv2%2Fcomments&post=3121"}],"version-history":[{"count":15,"href":"https:\/\/materlivres.org\/index.php?rest_route=\/wp\/v2\/pages\/3121\/revisions"}],"predecessor-version":[{"id":3320,"href":"https:\/\/materlivres.org\/index.php?rest_route=\/wp\/v2\/pages\/3121\/revisions\/3320"}],"wp:attachment":[{"href":"https:\/\/materlivres.org\/index.php?rest_route=%2Fwp%2Fv2%2Fmedia&parent=3121"}],"curies":[{"name":"wp","href":"https:\/\/api.w.org\/{rel}","templated":true}]}}