{"id":2985,"date":"2023-02-09T23:22:09","date_gmt":"2023-02-09T22:22:09","guid":{"rendered":"https:\/\/materlivres.org\/?page_id=2985"},"modified":"2023-06-21T15:42:40","modified_gmt":"2023-06-21T13:42:40","slug":"groupes-provisoires","status":"publish","type":"page","link":"https:\/\/materlivres.org\/?page_id=2985","title":{"rendered":"Groupes 2023"},"content":{"rendered":"\n<h2 class=\"wp-block-heading\"><a href=\"https:\/\/padlet.com\/materlivres_slide\/galerie-des-illustrations-2bitfufx0ag467dh\" target=\"_blank\" rel=\"noreferrer noopener\"><strong>GALERIE DES ILLUSTR<\/strong><\/a><a href=\"https:\/\/padlet.com\/materlivres_slide\/galerie-des-illustrations-2bitfufx0ag467dh\"><strong>ATIONS<\/strong><\/a><\/h2>\n\n\n\n<h2 class=\"wp-block-heading\">Groupe 1 =&gt; <a href=\"https:\/\/docs.google.com\/presentation\/d\/1OQ8e1FfgbBmSh6SIq9CJbQbZ4Ott7w0qFtROyBtkdYA\/edit?usp=sharing\" target=\"_blank\" rel=\"noreferrer noopener\">La col\u00e8re : Palla le h\u00e9risson<\/a><\/h2>\n\n\n\n<p>Classe A : <strong>Polly Laurence<\/strong> GS Westboro Academy Ottawa <strong>Canada<\/strong><br>Classe B : <strong>Rault Jennifer <\/strong>GS Lyc\u00e9e fran\u00e7ais international Agadir AGADIR <strong>Maroc<\/strong><br>Classe C : <strong>Brandely Aurianne<\/strong> GS Caulfield Junior College Melbourne <strong>Australie<\/strong>&nbsp; &nbsp;<br>Classe D <strong>Marie <\/strong>GS  Planeta Educar Luanda <strong>Angola<\/strong><\/p>\n\n\n\n<p><a href=\"https:\/\/www.calameo.com\/read\/0058890854c5a1f7d19dc\" target=\"_blank\" rel=\"noreferrer noopener\">La version anim\u00e9e<\/a> \/ <a href=\"https:\/\/docs.google.com\/presentation\/d\/1TEaGX5diB8O6z1I8IFu17tsTS5sKsw6iIhEbm_b-tOQ\/edit?usp=sharing\" target=\"_blank\" rel=\"noreferrer noopener\">la version pr\u00e9sentation<\/a> \/ <a href=\"https:\/\/materlivres.org\/wp-content\/uploads\/2023\/05\/GR-1-la-jalousie.pdf\" target=\"_blank\" rel=\"noreferrer noopener\">la version pdf<\/a><br> &nbsp;<\/p>\n\n\n\n<h2 class=\"wp-block-heading\">groupe 2 =&gt;<a href=\"https:\/\/docs.google.com\/presentation\/d\/1QwxNXNg9N4QO-f6UH_2-K8_Fm5GbiXm-lS8VJZo1y0o\/edit?usp=sharing\" target=\"_blank\" rel=\"noreferrer noopener\"> La jalousie : Les ch\u00e2teaux de sable<\/a><\/h2>\n\n\n\n<p>Classe A : <strong>Vrel Fr\u00e9d\u00e9rique<\/strong> GS\/CP \u00e9cole primaire Le Fresne Camilly <strong>France<\/strong><br> Classe B : <strong>Dubuc Jessica<\/strong> GS lyc\u00e9e fran\u00e7ais Alioune blondin beye luanda <strong>Angola <\/strong><br>Classe C : <strong>Elinguel Laetitia<\/strong> GSLyc\u00e9e Chateaubriand Rome<strong> Italie<\/strong><br> Classe D : <strong>Truchi Nicolas<\/strong> GS Lyc\u00e9e Fran\u00e7ais Alexandre Yersin Hanoi <strong>Vietnam<\/strong><br>Classe E : <strong>Mohamed Ahmed <\/strong>Shona GS \/ MS \/ PS Ecole Francophone de Luang Prabang <strong>Laos<\/strong> <\/p>\n\n\n\n<p><a rel=\"noreferrer noopener\" href=\"https:\/\/www.calameo.com\/read\/0058890850dfe552729dc\" target=\"_blank\">la version anim\u00e9e<\/a> \/ <a rel=\"noreferrer noopener\" href=\"https:\/\/docs.google.com\/presentation\/d\/17TEdP9YKX7IBDOaj3l0OFFvjG6MUW6fWrqwloRDvpOw\/edit?usp=sharing\" target=\"_blank\">la version pr\u00e9sentation<\/a> \/ <a rel=\"noreferrer noopener\" href=\"https:\/\/materlivres.org\/wp-content\/uploads\/2023\/05\/GR-2-la-jalousie.pdf\" target=\"_blank\">la version pdf<\/a><\/p>\n\n\n\n<p><a href=\"https:\/\/docs.google.com\/presentation\/d\/195uY5hU_OmJ7ZO14K6Hz2CRTeoVjvcP4XpCKe-dt6b4\/edit?usp=sharing\" target=\"_blank\" rel=\"noreferrer noopener\"><mark style=\"background-color:rgba(0, 0, 0, 0)\" class=\"has-inline-color has-vivid-green-cyan-color\">La version multilingue<\/mark> (pr\u00e9sentation) <\/a><br><\/p>\n\n\n\n<h2 class=\"wp-block-heading\">Groupe 3 =&gt;<a href=\"https:\/\/docs.google.com\/presentation\/d\/1vEKE2m5PfSX8KY1M46cwIRKuPjDocaIS5QzG4ZDgPNk\/edit?usp=sharing\" target=\"_blank\" rel=\"noreferrer noopener\"> La col\u00e8re : Palla le h\u00e9risson<\/a><\/h2>\n\n\n\n<p><\/p>\n\n\n\n<p>Classe A : <strong>Clemente Catherine <\/strong>GS Antoine de Saint-Exup\u00e9ry<strong> Arequipa P\u00e9rou<\/strong><br>Classe B : <strong>Petit Patricia <\/strong>GS Lyc\u00e9e Albert Camus Conakry<strong> Guin\u00e9e<\/strong><br>Classe C : <strong>Baassiri Noura <\/strong>GS Lyc\u00e9e Alioune Blondin Beye Luanda<strong> Angola<\/strong><br>Classe D<strong> : Cousin David <\/strong>GS Lfay &#8211; Lyc\u00e9e fran\u00e7ais Alexandre Yersin Hano\u00ef<strong> Vietnam<\/strong><\/p>\n\n\n\n<p><a href=\"https:\/\/www.calameo.com\/read\/005889085ad7cf7d26afd\" target=\"_blank\" rel=\"noreferrer noopener\">la version anim\u00e9e<\/a> \/<a href=\"https:\/\/docs.google.com\/presentation\/d\/1vWnjyQbqK65BD-m46MOzwISZ6K4WOvgz4ZAxiYFICwM\/edit?usp=sharing\"> la version pr\u00e9sentation<\/a> \/ <a href=\"https:\/\/materlivres.org\/wp-content\/uploads\/2023\/05\/GR-3-la-colere-1.pdf\" target=\"_blank\" rel=\"noreferrer noopener\">la version pdf<\/a><\/p>\n\n\n\n<h2 class=\"wp-block-heading\">Groupe 4 =&gt; <a href=\"https:\/\/docs.google.com\/presentation\/d\/1c97LmYgWjU5UIpGKV0PEoFirhR9iSHkeibE0BT76TbE\/edit?usp=sharing\" target=\"_blank\" rel=\"noreferrer noopener\">La jalousie : Les ch\u00e2teaux de sable<\/a><\/h2>\n\n\n\n<p>Classe A : <strong>Helaine Julie<\/strong> GS French Immersion School of Washington Bellevue<strong> USA<\/strong><br>Classe B : <strong>Francine <\/strong>GS Planeta Educar Luanda <strong>Angola<\/strong><br>Classe C : <strong>DOUGE Emmanuelle <\/strong>GS CFBL Londres<strong> Royaume-Uni<\/strong><br>Classe D :<strong>Buanton Karine <\/strong>GS Antoine de Saint-Exupery Arequipa<strong> P\u00e9rou<\/strong><br>Classe E : <strong>Gasnier Murielle GS<\/strong> Lyc\u00e9e Chateaubriand Rome<strong> Italie<\/strong><\/p>\n\n\n\n<p><a rel=\"noreferrer noopener\" href=\"https:\/\/www.calameo.com\/read\/005889085800738b10133\" target=\"_blank\">la version anim\u00e9e <\/a>\/ <a rel=\"noreferrer noopener\" href=\"https:\/\/docs.google.com\/presentation\/d\/1n_FqlgRwwgn4MN8_Fb0oaDkyhuHHwCzOendAlSPK-LE\/edit#slide=id.g1dcfa5bcc95_1_13\" target=\"_blank\">la version pr\u00e9sentation<\/a> \/ <a rel=\"noreferrer noopener\" href=\"https:\/\/materlivres.org\/wp-content\/uploads\/2023\/05\/GR4-la-jalousie.pdf\" target=\"_blank\">la version pdf<\/a><\/p>\n\n\n\n<p> <a rel=\"noreferrer noopener\" href=\"https:\/\/docs.google.com\/presentation\/d\/1cKlktFIPLWi5A-a6lQQqxnxmWst-GZJtCCXxskqnBO8\/edit?usp=sharing\" target=\"_blank\"><mark style=\"background-color:rgba(0, 0, 0, 0)\" class=\"has-inline-color has-vivid-green-cyan-color\">La version multilingue<\/mark> (pr\u00e9sentation)<\/a><\/p>\n\n\n\n<p>Groupe 5 =&gt; <a rel=\"noreferrer noopener\" href=\"https:\/\/docs.google.com\/presentation\/d\/1IPvZy2GymMjUW9vbzWINndm9Iv71puPlDdb2VS3uUhQ\/edit?usp=sharing\" target=\"_blank\">La jalousie : Les ch\u00e2teaux de sable<\/a><\/p>\n\n\n\n<p>Classe A : <strong>Monsec Fabienne <\/strong>GS \/ MS Lyc\u00e9e fran\u00e7ais de Madrid <strong>Espagne<\/strong><br>Classe B : <strong>Rots-Daigremont <\/strong>GS \/ MSGa\u00eblle Maternelle Pablo Neruda Audrieu<strong> France<\/strong><br>Classe C : <strong>M\u00e9nardin Nathalie <\/strong>GS \/ MS Ecole fran\u00e7aise de Tirana <strong>Albanie<\/strong><br>Classe D :<strong> Reyberolle<\/strong> <strong>C\u00e9lia<\/strong> MS Planeta Educar Luanda <strong>Angola<\/strong><br>Classe E :<strong> Rannou Pauline <\/strong>GS \/ MS Ecole Fran\u00e7aise de Harare<strong><em> <\/em> Zimbabwe<\/strong><br><\/p>\n\n\n\n<p><a href=\"https:\/\/www.calameo.com\/read\/0058890859b05405eecc4\" target=\"_blank\" rel=\"noreferrer noopener\">La version anim\u00e9e<\/a> \/ <a rel=\"noreferrer noopener\" href=\"https:\/\/docs.google.com\/presentation\/d\/1TRgJRKN4_Ab6AdlfYt6wVNzbfRprVAAsXzdhBqccDDY\/edit?usp=sharing\" target=\"_blank\">la version pr\u00e9sentation<\/a>\/ <a href=\"https:\/\/materlivres.org\/wp-content\/uploads\/2023\/05\/GR-5-la-jalousie-1.pdf\" target=\"_blank\" rel=\"noreferrer noopener\">la version pdf<\/a><a rel=\"noreferrer noopener\" href=\"https:\/\/materlivres.org\/wp-content\/uploads\/2023\/05\/GR-5-la-jalousie.pdf\" target=\"_blank\"> <\/a><\/p>\n\n\n\n<h2 class=\"wp-block-heading\">groupe 6 =&gt; <a href=\"https:\/\/docs.google.com\/presentation\/d\/1K5Ksr4Jc3rDS97w79KBY5TBgBYMeIg_Hib-E8XdHW3A\/edit?usp=sharing\" target=\"_blank\" rel=\"noreferrer noopener\">La col\u00e8re : Palla le h\u00e9risson<\/a><\/h2>\n\n\n\n<p>Classse A : <strong>Rivoallan Karine<\/strong> GS \/ MS Lyc\u00e9e fran\u00e7ais de Madrid Madrid <strong>Espagne<\/strong><br>Classe B : <strong> Victorin Sabrina<\/strong> GS \/ MS Ecole Fran\u00e7aise Internationale de Tirana Tirana <strong>Albanie<\/strong><br> Classe C : <strong>Dutilly Jessica<\/strong> GS \/ MS LFSD Santo domingo <strong>R\u00e9publique Dominicaine<\/strong><br>Classe D : <strong>Chahdi Ouardiri Fatima Zohra<\/strong> GS \/ PS Paul C\u00e9zanne Rabat<strong> Maroc<\/strong><br>Classe E <strong>: Deniel Charl\u00e8ne<\/strong> GS \/ MS Maternelle Pablo Neruda Audrieu<strong> France<\/strong><\/p>\n\n\n\n<p><a rel=\"noreferrer noopener\" href=\"https:\/\/www.calameo.com\/read\/005889085fa9b2a941f4a\" target=\"_blank\">La version anim\u00e9e<\/a> \/ <a rel=\"noreferrer noopener\" href=\"https:\/\/docs.google.com\/presentation\/d\/1fBw-MtJ0HdxEt1EaI6YjlDe4W6Xq7f8BAc-JvcPxUUY\/edit?usp=sharing\" target=\"_blank\">la version pr\u00e9sentation<\/a> \/ <a rel=\"noreferrer noopener\" href=\"https:\/\/materlivres.org\/wp-content\/uploads\/2023\/05\/GR-6-la-colere.pdf\" target=\"_blank\">la version pdf<\/a><\/p>\n\n\n\n<p>groupe 7 =&gt; La peur : Le doudou de Mila<\/p>\n\n\n\n<p>Classe A : <strong>Younan Caroline  <\/strong>GS \/ MS \/ PS Ain Saade<strong> Liban<\/strong><br>Classe B : <strong>Elbouazzaoui Imran <\/strong>MS \/ PS Adrian bercher Tanger<strong> Maroc<\/strong><br>Classe C : <strong>Pajaniradja Indoumathy <\/strong>MS Lyc\u00e9e Fran\u00e7ais International de Pondich\u00e9ry<strong> Inde<\/strong><br>Classe D : <strong>CurettiHelene&nbsp; Helene <\/strong>MS <strong> <\/strong>French American School of New York Larchmont<strong> USA <\/strong><br>Classe E: <strong> Bathily Fatoumata <\/strong>MS Lyc\u00e9e Alioune Blondin Beye Luanda<strong> Angola<\/strong><\/p>\n\n\n\n<p><a href=\"https:\/\/www.calameo.com\/read\/0058890856bf0beb2e434\" target=\"_blank\" rel=\"noreferrer noopener\">La version anim\u00e9e<\/a> \/ <a href=\"https:\/\/docs.google.com\/presentation\/d\/1xCxUEkZY4t4f38XnKovVSIcltpLQTlbLap7YrEc75gs\/edit?usp=sharing\" target=\"_blank\" rel=\"noreferrer noopener\">la version pr\u00e9sentation<\/a> \/ <a href=\"https:\/\/materlivres.org\/wp-content\/uploads\/2023\/05\/GR-07-le-doudou.pdf\" target=\"_blank\" rel=\"noreferrer noopener\">la version pdf<\/a><\/p>\n\n\n\n<h2 class=\"wp-block-heading\">groupe 8 =&gt; <a href=\"https:\/\/docs.google.com\/presentation\/d\/1oxQlif53TYdm0XeySrlfy0L5NBIE-00Bn6iv-AfmlcQ\/edit?usp=sharing\" target=\"_blank\" rel=\"noreferrer noopener\">La col\u00e8re : Palla le h\u00e9risson<\/a><\/h2>\n\n\n\n<p>Classe A :<strong>Tarricone Lorelei <\/strong>MS French American academy Jersey city<strong> Usa<\/strong><br>Classe B : <strong> Kadiatou lelo Doumbouya <\/strong>MS Lyc\u00e9e Albert Camus Conakry<strong> Guin\u00e9e <\/strong><br>Classe C : <strong>Moreau&nbsp; Nathalie <\/strong>MS Rome<strong> Italie<\/strong><br>Classe D : <strong>Morello Val\u00e9riane<\/strong> MS International Frensh School <strong>Singapour<\/strong><br>Classe E : <strong>Coudon Katy <\/strong>MS \u00e9cole Paul Cezanne<strong> <\/strong>Rabat<strong> Maroc<\/strong><br><\/p>\n\n\n\n<p><a rel=\"noreferrer noopener\" href=\"https:\/\/www.calameo.com\/read\/0058890858ac7b9be5f38\" target=\"_blank\">La version anim\u00e9e<\/a> \/ <a rel=\"noreferrer noopener\" href=\"https:\/\/docs.google.com\/presentation\/d\/1e7WoDxWCDz2TiIoFLnp3xqyTP5RI_POyJmC7-LMYtcg\/edit?usp=sharing\" target=\"_blank\">la version pr\u00e9sentation<\/a> \/ <a rel=\"noreferrer noopener\" href=\"https:\/\/materlivres.org\/wp-content\/uploads\/2023\/05\/Gr-8-la-colere.pdf\" target=\"_blank\">la version pdf<\/a><\/p>\n\n\n\n<p><a rel=\"noreferrer noopener\" href=\"https:\/\/docs.google.com\/presentation\/d\/1v_er92EEZT6-MKWErnQ3N5vXBCtjdKscE1pwLficmY8\/edit?usp=sharing\" target=\"_blank\"><mark style=\"background-color:rgba(0, 0, 0, 0)\" class=\"has-inline-color has-vivid-green-cyan-color\">La version multilingue<\/mark> (pr\u00e9sentati<\/a><a href=\"https:\/\/docs.google.com\/presentation\/d\/1v_er92EEZT6-MKWErnQ3N5vXBCtjdKscE1pwLficmY8\/edit?usp=sharing\">on) <\/a><\/p>\n\n\n\n<p><a href=\"https:\/\/materlivres.org\/wp-content\/uploads\/2023\/06\/Histoire-MSA-audio-arabe.pptx\" target=\"_blank\" rel=\"noreferrer noopener\"><mark style=\"background-color:rgba(0, 0, 0, 0)\" class=\"has-inline-color has-vivid-green-cyan-color\">La version multilingue<\/mark> ( Power point) <\/a><\/p>\n\n\n\n<h2 class=\"wp-block-heading\">groupe 9 =&gt;<a href=\"https:\/\/docs.google.com\/presentation\/d\/1geK8fwdYE4XQoFhByJiYX2X8p-Sy4ZTLCi8RHelF6XM\/edit?usp=sharing\">La tristesse : Lucia et Tom<\/a><\/h2>\n\n\n\n<p><br>Classe A : <strong>Buathier-Muller Bastien <\/strong>MS \/ PS Lyc\u00e9e Franco Hell\u00e9nique d&#8217;Ath\u00e8nes Ath\u00e8nes<strong> Gr\u00e8ce<\/strong><br>Classe B : <strong>Nathalie<\/strong> MS Planeta Educar Luanda <strong>Angola &nbsp;<\/strong><br>Classe C : <strong>Beauforr Anne-Louise <\/strong>MS Ecole Maternelle Charles de Gaulle Lyc\u00e9e Fran\u00e7ais de Lom\u00e9 <strong>Togo<\/strong><br>Classe D : <strong>Flor-Nguyen Anne-Marie<\/strong> MS LFAY HANOI <strong>Vietnam<\/strong><br>Classe E : <strong>Achikhan Bouchra <\/strong>MS \/ PS Ecole Adrien Berchet Tanger <strong>Maroc<\/strong><\/p>\n\n\n\n<p><a rel=\"noreferrer noopener\" href=\"https:\/\/www.calameo.com\/read\/00588908518872f94d0ae\" target=\"_blank\">La version anim\u00e9e<\/a> \/ <a rel=\"noreferrer noopener\" href=\"https:\/\/docs.google.com\/presentation\/d\/15DUERsDSNOnQlr7AG2ztqdqrZqieXP0wIlNh1ToKnIs\/edit?usp=sharing\" target=\"_blank\">la version pr\u00e9sentation<\/a> \/ <a rel=\"noreferrer noopener\" href=\"https:\/\/materlivres.org\/wp-content\/uploads\/2023\/05\/Gr-9-Lucia-et-Tom-2.pdf\" target=\"_blank\">la version pdf<\/a><\/p>\n\n\n\n<p><a rel=\"noreferrer noopener\" href=\"https:\/\/docs.google.com\/presentation\/d\/1v_er92EEZT6-MKWErnQ3N5vXBCtjdKscE1pwLficmY8\/edit?usp=sharing\" target=\"_blank\"><\/a><a href=\"https:\/\/docs.google.com\/presentation\/d\/1bZKBWRbY9rJ4Ooj-lhNrAr4uKie9EU3ESnWzbE0cENM\/edit?usp=sharing\" target=\"_blank\" rel=\"noreferrer noopener\"><mark style=\"background-color:rgba(0, 0, 0, 0)\" class=\"has-inline-color has-vivid-green-cyan-color\">La version multilingue<\/mark> (pr\u00e9sentation) <\/a><br><strong> <\/strong><br><strong>\u00a0 \u00a0 \u00a0 \u00a0<\/strong><\/p>\n\n\n\n<h2 class=\"wp-block-heading\">groupe 10 =&gt; <a href=\"https:\/\/docs.google.com\/presentation\/d\/1EaTg7CvgiYcPfNqSY1Y8UEHtv5JTVABo1ImieS2AoRQ\/edit?usp=sharing\" target=\"_blank\" rel=\"noreferrer noopener\"> La col\u00e8re : Palla le h\u00e9risson<\/a><\/h2>\n\n\n\n<p>Classe A : <strong>Smalcerz virginie <\/strong> PS \u00e9cole Pablo Neruda Audrieu&nbsp;<strong> France<\/strong><br>Classe B : <strong>Guyot-Hiolet Chantal  <\/strong>PS \u00e9cole maternelle de l&#8217;\u00eele aux enfants ST Pierre et Miquelon<strong> France<\/strong><br>Classe C : <strong>Houlette <\/strong>Christophe PS LFI Pondichery Pondichery<strong> Inde<\/strong><br>Classe D : <strong>Medjahed Yasmine <\/strong> PS Petite Ecole d&#8217;Hydra Alger<strong> Alg\u00e9rie<\/strong><br>Classe E : <strong>Avedikian Virginie<\/strong> PS Planeta Educar luanda <strong>Angola<\/strong><\/p>\n\n\n\n<p><a href=\"https:\/\/www.calameo.com\/read\/005889085fa43ba645ca5\" target=\"_blank\" rel=\"noreferrer noopener\">la version anim\u00e9e<\/a> \/ <a rel=\"noreferrer noopener\" href=\"https:\/\/docs.google.com\/presentation\/d\/1v-lbYk_PNUxyDJViWMQiXmmnBycsEDl6hVSuIxONKEs\/edit?usp=sharing\" target=\"_blank\">la version pr\u00e9sentation<\/a> \/ <a href=\"https:\/\/materlivres.org\/wp-content\/uploads\/2023\/05\/Gr-10-la-colere.pdf\" target=\"_blank\" rel=\"noreferrer noopener\">la version pdf<\/a><\/p>\n\n\n\n<h2 class=\"wp-block-heading\">groupe 11 =&gt; <a href=\"https:\/\/docs.google.com\/presentation\/d\/13aK-Ntej2hhFBMTeQWjR-g4h86B9XBLPk6Qj55xinEE\/edit?usp=sharing\" target=\"_blank\" rel=\"noreferrer noopener\">La jalousie : Les ch\u00e2teaux de sable<\/a><\/h2>\n\n\n\n<p><br>Classe A : <strong>Elodie Falcioni<\/strong> PS LFAY HANOI <strong>Vietnam<\/strong><br>Classe B : <em><strong>Bonte Marie Pierre <\/strong>MS \/ PS \u00e9cole primaire Elie Ferrier Le Fresne Camilly<strong> France<\/strong><\/em><br>Classe C : <strong>Mbonda Zizina<\/strong>  PS Lyc\u00e9e Alioune Blondin Beye Luanda <strong>Angola<\/strong> <br>Classe D : <strong>De Colombel Ingrid<\/strong>  PS Lycee International de Houston Houston <strong>USA<\/strong> <\/p>\n\n\n\n<p><a rel=\"noreferrer noopener\" href=\"https:\/\/www.calameo.com\/read\/0058890852f7450ef02bc\" data-type=\"URL\" data-id=\"https:\/\/www.calameo.com\/read\/0058890852f7450ef02bc\" target=\"_blank\">la version anim\u00e9e<\/a> \/ <a rel=\"noreferrer noopener\" href=\"https:\/\/docs.google.com\/presentation\/d\/1nmOIec5i18zuq3zemt87DhkHvS_nyY4BLmQHCvtFU_I\/edit?usp=sharing\" target=\"_blank\">la version, pr\u00e9sentation<\/a> \/ <a rel=\"noreferrer noopener\" href=\"https:\/\/materlivres.org\/wp-content\/uploads\/2023\/05\/G11-la-jalousie.pdf\" target=\"_blank\">la version pdf<\/a><\/p>\n\n\n\n<p><br><a href=\"https:\/\/materlivres.org\/wp-content\/uploads\/2023\/06\/nhom-11.pptx\" target=\"_blank\" rel=\"noreferrer noopener\"><mark style=\"background-color:rgba(0, 0, 0, 0)\" class=\"has-inline-color has-vivid-green-cyan-color\">La version multilingue<\/mark> ( Power point) <\/a><br><\/p>\n\n\n\n<p><\/p>\n\n\n\n<p><\/p>\n\n\n\n<p><\/p>\n","protected":false},"excerpt":{"rendered":"<p>GALERIE DES ILLUSTRATIONS Groupe 1 =&gt; La col\u00e8re : Palla le h\u00e9risson Classe A : Polly Laurence GS Westboro Academy Ottawa CanadaClasse B : Rault Jennifer GS Lyc\u00e9e fran\u00e7ais international Agadir AGADIR MarocClasse C : Brandely Aurianne GS Caulfield Junior College Melbourne Australie&nbsp; &nbsp;Classe D Marie GS Planeta Educar Luanda Angola La version anim\u00e9e \/ &hellip; <\/p>\n<p class=\"link-more\"><a href=\"https:\/\/materlivres.org\/?page_id=2985\" class=\"more-link\">Continuer la lecture<span class=\"screen-reader-text\"> de &laquo;&nbsp;Groupes 2023&nbsp;&raquo;<\/span><\/a><\/p>\n","protected":false},"author":2,"featured_media":0,"parent":0,"menu_order":0,"comment_status":"closed","ping_status":"closed","template":"","meta":{"footnotes":""},"_links":{"self":[{"href":"https:\/\/materlivres.org\/index.php?rest_route=\/wp\/v2\/pages\/2985"}],"collection":[{"href":"https:\/\/materlivres.org\/index.php?rest_route=\/wp\/v2\/pages"}],"about":[{"href":"https:\/\/materlivres.org\/index.php?rest_route=\/wp\/v2\/types\/page"}],"author":[{"embeddable":true,"href":"https:\/\/materlivres.org\/index.php?rest_route=\/wp\/v2\/users\/2"}],"replies":[{"embeddable":true,"href":"https:\/\/materlivres.org\/index.php?rest_route=%2Fwp%2Fv2%2Fcomments&post=2985"}],"version-history":[{"count":58,"href":"https:\/\/materlivres.org\/index.php?rest_route=\/wp\/v2\/pages\/2985\/revisions"}],"predecessor-version":[{"id":3119,"href":"https:\/\/materlivres.org\/index.php?rest_route=\/wp\/v2\/pages\/2985\/revisions\/3119"}],"wp:attachment":[{"href":"https:\/\/materlivres.org\/index.php?rest_route=%2Fwp%2Fv2%2Fmedia&parent=2985"}],"curies":[{"name":"wp","href":"https:\/\/api.w.org\/{rel}","templated":true}]}}