{"id":2876,"date":"2022-10-10T23:07:02","date_gmt":"2022-10-10T21:07:02","guid":{"rendered":"https:\/\/materlivres.org\/?page_id=2876"},"modified":"2023-03-21T09:08:30","modified_gmt":"2023-03-21T08:08:30","slug":"classes-inscrites-5","status":"publish","type":"page","link":"https:\/\/materlivres.org\/?page_id=2876","title":{"rendered":"Classes inscrites : 49"},"content":{"rendered":"\n<p><strong><a rel=\"noreferrer noopener\" href=\"https:\/\/www.calameo.com\/read\/0058890855eb80f9986d1\" target=\"_blank\">Pr\u00e9sentation des classes  1<\/a><\/strong>   \/   <strong> <a rel=\"noreferrer noopener\" href=\"https:\/\/docs.google.com\/presentation\/d\/1fYVMXNMWWXiF5fUDExVFKTxUPPYMHAc4YyKNeWSXSAo\/edit?usp=sharing\" target=\"_blank\">Pr\u00e9sentation des classes  2<\/a><\/strong><\/p>\n\n\n\n<figure class=\"wp-block-image size-large\"><img loading=\"lazy\" decoding=\"async\" width=\"1024\" height=\"507\" src=\"https:\/\/materlivres.org\/wp-content\/uploads\/2023\/02\/carte_15-fev-1024x507.jpg\" alt=\"\" class=\"wp-image-3008\" srcset=\"https:\/\/materlivres.org\/wp-content\/uploads\/2023\/02\/carte_15-fev-1024x507.jpg 1024w, https:\/\/materlivres.org\/wp-content\/uploads\/2023\/02\/carte_15-fev-300x149.jpg 300w, https:\/\/materlivres.org\/wp-content\/uploads\/2023\/02\/carte_15-fev-768x380.jpg 768w, https:\/\/materlivres.org\/wp-content\/uploads\/2023\/02\/carte_15-fev-600x297.jpg 600w, https:\/\/materlivres.org\/wp-content\/uploads\/2023\/02\/carte_15-fev-1320x653.jpg 1320w, https:\/\/materlivres.org\/wp-content\/uploads\/2023\/02\/carte_15-fev.jpg 1400w\" sizes=\"(max-width: 706px) 89vw, (max-width: 767px) 82vw, 740px\" \/><\/figure>\n\n\n\n<ol><li>Fabienne Monsec <strong>MS \/ GS<\/strong> Lyc\u00e9e fran\u00e7ais de Madrid <strong>ESPAGNE<\/strong><\/li><li>Jessica Dutilly <strong>MS \/ GS<\/strong> Lyc\u00e9e fran\u00e7ais de Santo domingo <strong>R\u00c9PUBLIQUE DOMINICAINE<\/strong><\/li><li>Sandrine Szymakowski <strong>GS<\/strong> Lyc\u00e9e fran\u00e7ais de Madrid  <strong>ESPAGNE<\/strong><\/li><li>Imran Elbouazzaoui <strong>PS \/ MS \/ GS<\/strong> \u00c9cole Adrian Bercher de Tanger <strong>MAROC<\/strong><\/li><li>Julie Helaine <strong>GS<\/strong> French Immersion School of Washington de Bellevue <strong>USA<\/strong><\/li><li>Chantal Guyot-Hiolet <strong>PS<\/strong> \u00e9cole maternelle de l&#8217;\u00eele aux enfants St Pierre et Miquelon <strong>FRANCE<\/strong><\/li><li>Patricia Petit <strong>GS<\/strong> Lyc\u00e9e Albert Camus de Conakry <strong>GUINEE<\/strong><\/li><li>Nathalie Moreau <strong>MS<\/strong> lyc\u00e9e Chateaubriand de Rome <strong>ITALIE<\/strong><\/li><li>Catherine Clementre <strong>GS<\/strong> \u00e9cole Antoine de Saint-Exup\u00e9ry d&#8217;Arequipa <strong>PEROU<\/strong><\/li><li>Christophe Houlette <strong>PS<\/strong> LFI Pondichery <strong>INDE<\/strong><\/li><li>Indoumathy Pajaniradja <strong> MS<\/strong> LFI Pondichery <strong>INDE<\/strong><\/li><li>\u00e0 pr\u00e9ciser <strong>GS<\/strong> sydney <strong>AUSTRALIE<\/strong><\/li><li>\u00e0 pr\u00e9ciser <strong>CP<\/strong> sydney <strong>AUSTRALIE<\/strong><\/li><li>Tarricone Lorlei French <strong>MS<\/strong> American academy Jersey city <strong>USA<\/strong><\/li><li>Kadiatou lelo Doumbouya <strong>MS<\/strong> Lyc\u00e9e Albert Camus Conakry <strong>GUINEE<\/strong><\/li><li>Rivoallan Karine <strong> MS \/ GS<\/strong> Lyc\u00e9e fran\u00e7ais de Madrid  <strong>ESPAGNE<\/strong><\/li><li>Achikhan Bouchra <strong>PS \/ MS<\/strong> Ecole Adrien Berchet de Tanger <strong>MAROC<\/strong><\/li><li>Douge Emmanuelle <strong>GS<\/strong> CFBL de Londres <strong>ROYAUME-UNI<\/strong><\/li><li>Chahdi Ouardiri    \u00e9cole Paul C\u00e9zanne de Rabat <strong>MAROC<\/strong><\/li><li>Rault Jennifer <strong>GS<\/strong> Lyc\u00e9e fran\u00e7ais international Agadir <strong>MAROC<\/strong><\/li><li>Younan Caroline <strong>PS \/ MS \/ GS<\/strong> Ecole de Ain Saade <strong>LIBAN<\/strong><\/li><li>Mohamed Ahmed Shona <strong>PS \/ MS \/ GS<\/strong> Ecole francophone de Luang Prabang <strong>LAOS<\/strong><\/li><li>Rannou Pauline <strong>MS \/ GS<\/strong> Ecole francaise de Harare <strong>ZIMBABWE<\/strong> <\/li><li>Polly Laurence <strong>GS<\/strong> Westboro Academy Ottawa <strong>CANADA<\/strong><\/li><li>Cousin David <strong>GS<\/strong> Lyc\u00e9e fran\u00e7ais Alexandre Yersin Hano\u00ef <strong>VIETNAM<\/strong><\/li><li>DUBUC Jessica <strong>GS<\/strong> Lyc\u00e9e fran\u00e7ais Alioune blondin beye de Luanda <strong>ANGOLA<\/strong><\/li><li>Curetti Helene  <strong>MS<\/strong> French American School of New York Larchmont <strong>USA<\/strong><\/li><li>Fourcade Virginie  <strong>MS<\/strong> Lyc\u00e9e fran\u00e7ais Alioune Blondin Beye de Luanda <strong>ANGOLA<\/strong><\/li><li>De Colombel Ingrid <strong>PS<\/strong> Lycee International de Houston <strong>USA<\/strong><\/li><li>Medjahed Yasmine <strong>PS<\/strong> Petite Ecole d&#8217;Hydra Alger <strong>ALGERIE<\/strong><\/li><li>Buathier-Muller Bastien <strong>PS \/ MS<\/strong> Lyc\u00e9e Franco Hell\u00e9nique d&#8217;Ath\u00e8nes <strong>GRECE<\/strong><\/li><li>Coudon Katy  <strong>MS<\/strong> \u00e9cole Paul Cezanne de Rabat <strong>MAROC<\/strong><\/li><li>Avedikian Virginie  <strong><strong>MS<\/strong><\/strong> Planeta Educar de Luanda <strong>ANGOLA<\/strong><\/li><li>Elodie Falcioni  <strong>PS<\/strong> Lyc\u00e9e fran\u00e7ais Alexandre Yersin Hano\u00ef <strong>VIETNAM<\/strong><\/li><li>Morello Val\u00e9riane <strong>MS<\/strong>  International French School Singapour <strong>SINGAPOUR<\/strong><\/li><li>Baassiri Noura  <strong>GS<\/strong> Lyc\u00e9e fran\u00e7ais Alioune blondin beye de Luanda <strong>ANGOLA<\/strong><\/li><li>Bathily Fatoumata <strong>MS<\/strong> Lyc\u00e9e fran\u00e7ais Alioune Blondin Beye de Luanda <strong>ANGOLA<\/strong><\/li><li>Mbonda Zizina <strong>PS<\/strong>  Lyc\u00e9e fran\u00e7ais Alioune Blondin Beye de Luanda <strong>ANGOLA<\/strong><\/li><li>Beauforr Anne-Louise <strong>MS<\/strong> Ecole Maternelle Charles de Gaulle de Lom\u00e9 <strong>TOGO<\/strong><\/li><li>Vrel Fr\u00e9d\u00e9rique <strong>GS\/CP<\/strong> Ecole Pierre Elie Ferrier Le Fresne Camilly <strong>FRANCE<\/strong><\/li><li>Bonte Marie <strong>PS \/ MS<\/strong> Ecole Pierre Elie Ferrier Le Fresne Camilly <strong>FRANCE<\/strong><\/li><li>M\u00e9nardin Nathalie <strong>MS \/ GS<\/strong> Ecole fran\u00e7aise de Tirana <strong>ALBANIE<\/strong><\/li><li>Victorin Sabrina <strong>MS \/ GS<\/strong> Ecole fran\u00e7aise de Tirana <strong>ALBANIE<\/strong><\/li><li>Rots-Daigremont Ga\u00eblle <strong>MS \/ GS<\/strong> \u00e9cole primaire Audrieu <strong>FRANCE<\/strong><\/li><li>Deniel Charl\u00e8ne <strong>MS \/ GS<\/strong> \u00e9cole primaire Audrieu <strong>FRANCE<\/strong><\/li><li>Buanton Karine <strong>GS<\/strong> \u00e9cole Antoine de Saint-Exup\u00e9ry d&#8217;Arequipa <strong>PEROU<\/strong> <\/li><li>Trushi Nicolas <strong>GS<\/strong> Lyc\u00e9e fran\u00e7ais Alexandre Yersin Hano\u00ef <strong>VIETNAM<\/strong><\/li><li>Elinguel Laetitia <strong>GS<\/strong>  lyc\u00e9e Chateaubriand de Rome <strong>ITALIE<\/strong><\/li><li>Gasnier Murielle <strong>GS<\/strong> lyc\u00e9e Chateaubriand de Rome <strong>ITALIE<\/strong><\/li><\/ol>\n\n\n\n<p><\/p>\n","protected":false},"excerpt":{"rendered":"<p>Pr\u00e9sentation des classes 1 \/ Pr\u00e9sentation des classes 2 Fabienne Monsec MS \/ GS Lyc\u00e9e fran\u00e7ais de Madrid ESPAGNE Jessica Dutilly MS \/ GS Lyc\u00e9e fran\u00e7ais de Santo domingo R\u00c9PUBLIQUE DOMINICAINE Sandrine Szymakowski GS Lyc\u00e9e fran\u00e7ais de Madrid ESPAGNE Imran Elbouazzaoui PS \/ MS \/ GS \u00c9cole Adrian Bercher de Tanger MAROC Julie Helaine GS &hellip; <\/p>\n<p class=\"link-more\"><a href=\"https:\/\/materlivres.org\/?page_id=2876\" class=\"more-link\">Continuer la lecture<span class=\"screen-reader-text\"> de &laquo;&nbsp;Classes inscrites : 49&nbsp;&raquo;<\/span><\/a><\/p>\n","protected":false},"author":2,"featured_media":0,"parent":0,"menu_order":0,"comment_status":"closed","ping_status":"closed","template":"","meta":{"footnotes":""},"_links":{"self":[{"href":"https:\/\/materlivres.org\/index.php?rest_route=\/wp\/v2\/pages\/2876"}],"collection":[{"href":"https:\/\/materlivres.org\/index.php?rest_route=\/wp\/v2\/pages"}],"about":[{"href":"https:\/\/materlivres.org\/index.php?rest_route=\/wp\/v2\/types\/page"}],"author":[{"embeddable":true,"href":"https:\/\/materlivres.org\/index.php?rest_route=\/wp\/v2\/users\/2"}],"replies":[{"embeddable":true,"href":"https:\/\/materlivres.org\/index.php?rest_route=%2Fwp%2Fv2%2Fcomments&post=2876"}],"version-history":[{"count":36,"href":"https:\/\/materlivres.org\/index.php?rest_route=\/wp\/v2\/pages\/2876\/revisions"}],"predecessor-version":[{"id":3050,"href":"https:\/\/materlivres.org\/index.php?rest_route=\/wp\/v2\/pages\/2876\/revisions\/3050"}],"wp:attachment":[{"href":"https:\/\/materlivres.org\/index.php?rest_route=%2Fwp%2Fv2%2Fmedia&parent=2876"}],"curies":[{"name":"wp","href":"https:\/\/api.w.org\/{rel}","templated":true}]}}