{"id":2856,"date":"2022-09-29T08:53:40","date_gmt":"2022-09-29T06:53:40","guid":{"rendered":"https:\/\/materlivres.org\/?page_id=2856"},"modified":"2023-02-15T14:06:57","modified_gmt":"2023-02-15T13:06:57","slug":"inscriptions-2023","status":"publish","type":"page","link":"https:\/\/materlivres.org\/?page_id=2856","title":{"rendered":"Inscriptions 2023"},"content":{"rendered":"\n<p>Jusqu\u2019au 31 janvier 2023. <\/p>\n\n\n\n<p>Merci de cliquer sur le lien ci-dessous :<\/p>\n\n\n\n<p><strong><a href=\"https:\/\/framaforms.org\/inscriptions-1664375718\">INSCRIPTIONS<\/a><\/strong> : Nous recherchons une classe de PS pour finaliser le groupe 11 sur le th\u00e8me de la jalousie: Les ch\u00e2teaux de sable.<\/p>\n\n\n\n<p>V\u00e9rifiez bien la validit\u00e9 de l\u2019adresse mail inscrite dans le formulaire, ce qui permettra de communiquer plus tard.<\/p>\n\n\n<div class=\"wp-block-image\">\n<figure class=\"alignright\"><img decoding=\"async\" src=\"http:\/\/gafam.fr\/wp-content\/uploads\/2016\/12\/framaforms.png\" alt=\"R\u00e9sultat de recherche d'images pour \"\/><\/figure><\/div>\n\n\n<p><strong>Bon \u00e0 savoir<\/strong> : Vie priv\u00e9e garantie<\/p>\n\n\n\n<p>Framaforms est un service propos\u00e9 par Framasoft, association loi de 1901 d\u2019int\u00e9r\u00eat g\u00e9n\u00e9ral dont un des objectifs est de r\u00e9sister aux atteintes \u00e0 la vie priv\u00e9e, notamment lorsqu\u2019il s\u2019agit de collectes massives telles que pratiqu\u00e9es par GAFAM (Google, Apple, Facebook, Amazon, Microsoft). Nous prenons l\u2019engagement (lien CGU) de ne pas exploiter vos donn\u00e9es ou celles de vos utilisateurs.<\/p>\n","protected":false},"excerpt":{"rendered":"<p>Jusqu\u2019au 31 janvier 2023. Merci de cliquer sur le lien ci-dessous : INSCRIPTIONS : Nous recherchons une classe de PS pour finaliser le groupe 11 sur le th\u00e8me de la jalousie: Les ch\u00e2teaux de sable. V\u00e9rifiez bien la validit\u00e9 de l\u2019adresse mail inscrite dans le formulaire, ce qui permettra de communiquer plus tard. Bon \u00e0 &hellip; <\/p>\n<p class=\"link-more\"><a href=\"https:\/\/materlivres.org\/?page_id=2856\" class=\"more-link\">Continuer la lecture<span class=\"screen-reader-text\"> de &laquo;&nbsp;Inscriptions 2023&nbsp;&raquo;<\/span><\/a><\/p>\n","protected":false},"author":2,"featured_media":0,"parent":0,"menu_order":0,"comment_status":"closed","ping_status":"closed","template":"","meta":{"footnotes":""},"_links":{"self":[{"href":"https:\/\/materlivres.org\/index.php?rest_route=\/wp\/v2\/pages\/2856"}],"collection":[{"href":"https:\/\/materlivres.org\/index.php?rest_route=\/wp\/v2\/pages"}],"about":[{"href":"https:\/\/materlivres.org\/index.php?rest_route=\/wp\/v2\/types\/page"}],"author":[{"embeddable":true,"href":"https:\/\/materlivres.org\/index.php?rest_route=\/wp\/v2\/users\/2"}],"replies":[{"embeddable":true,"href":"https:\/\/materlivres.org\/index.php?rest_route=%2Fwp%2Fv2%2Fcomments&post=2856"}],"version-history":[{"count":4,"href":"https:\/\/materlivres.org\/index.php?rest_route=\/wp\/v2\/pages\/2856\/revisions"}],"predecessor-version":[{"id":3004,"href":"https:\/\/materlivres.org\/index.php?rest_route=\/wp\/v2\/pages\/2856\/revisions\/3004"}],"wp:attachment":[{"href":"https:\/\/materlivres.org\/index.php?rest_route=%2Fwp%2Fv2%2Fmedia&parent=2856"}],"curies":[{"name":"wp","href":"https:\/\/api.w.org\/{rel}","templated":true}]}}