{"id":2846,"date":"2022-09-28T23:58:37","date_gmt":"2022-09-28T21:58:37","guid":{"rendered":"https:\/\/materlivres.org\/?page_id=2846"},"modified":"2022-09-29T00:06:36","modified_gmt":"2022-09-28T22:06:36","slug":"mtermonde-2023-2","status":"publish","type":"page","link":"https:\/\/materlivres.org\/?page_id=2846","title":{"rendered":"M@termonde 2023"},"content":{"rendered":"\n<figure class=\"wp-block-image size-large\"><img decoding=\"async\" src=\"https:\/\/materlivres.org\/wp-content\/uploads\/2022\/09\/Sans-titre-1-1024x509.jpg\" alt=\"\"\/><\/figure>\n\n\n\n<h3 class=\"wp-block-heading\">Le but est de permettre pendant 6 semaines, une collaboration de classes de plusieurs continents avec une&nbsp; classe de m\u00e9tropole sur un th\u00e8me fort.<\/h3>\n\n\n\n<p>Comme les ann\u00e9es pr\u00e9c\u00e9dentes, M@terlivres est plac\u00e9e sous le signe de l&#8217;humour et de la bonne humeur&#8230; Cette ann\u00e9e, le th\u00e8me abord\u00e9 est celui des \u00e9motions (toutes n\u00e9gatives dans les accroches\u2026) Chaque histoire m\u00eale plusieurs autres th\u00e8mes (pollution, addiction au num\u00e9rique, nutrition, violence\u2026).<\/p>\n\n\n\n<p>Deux histoires pr\u00e9sentent des animaux et deux autres des enfants.<\/p>\n\n\n\n<ul><li>La col\u00e8re<\/li><li>La peur<\/li><li>La tristesse<\/li><li>La jalousie<\/li><\/ul>\n","protected":false},"excerpt":{"rendered":"<p>Le but est de permettre pendant 6 semaines, une collaboration de classes de plusieurs continents avec une&nbsp; classe de m\u00e9tropole sur un th\u00e8me fort. Comme les ann\u00e9es pr\u00e9c\u00e9dentes, M@terlivres est plac\u00e9e sous le signe de l&#8217;humour et de la bonne humeur&#8230; Cette ann\u00e9e, le th\u00e8me abord\u00e9 est celui des \u00e9motions (toutes n\u00e9gatives dans les accroches\u2026) &hellip; <\/p>\n<p class=\"link-more\"><a href=\"https:\/\/materlivres.org\/?page_id=2846\" class=\"more-link\">Continuer la lecture<span class=\"screen-reader-text\"> de &laquo;&nbsp;M@termonde 2023&nbsp;&raquo;<\/span><\/a><\/p>\n","protected":false},"author":2,"featured_media":0,"parent":0,"menu_order":0,"comment_status":"closed","ping_status":"closed","template":"","meta":{"footnotes":""},"_links":{"self":[{"href":"https:\/\/materlivres.org\/index.php?rest_route=\/wp\/v2\/pages\/2846"}],"collection":[{"href":"https:\/\/materlivres.org\/index.php?rest_route=\/wp\/v2\/pages"}],"about":[{"href":"https:\/\/materlivres.org\/index.php?rest_route=\/wp\/v2\/types\/page"}],"author":[{"embeddable":true,"href":"https:\/\/materlivres.org\/index.php?rest_route=\/wp\/v2\/users\/2"}],"replies":[{"embeddable":true,"href":"https:\/\/materlivres.org\/index.php?rest_route=%2Fwp%2Fv2%2Fcomments&post=2846"}],"version-history":[{"count":4,"href":"https:\/\/materlivres.org\/index.php?rest_route=\/wp\/v2\/pages\/2846\/revisions"}],"predecessor-version":[{"id":2852,"href":"https:\/\/materlivres.org\/index.php?rest_route=\/wp\/v2\/pages\/2846\/revisions\/2852"}],"wp:attachment":[{"href":"https:\/\/materlivres.org\/index.php?rest_route=%2Fwp%2Fv2%2Fmedia&parent=2846"}],"curies":[{"name":"wp","href":"https:\/\/api.w.org\/{rel}","templated":true}]}}