{"id":2488,"date":"2021-10-02T11:41:53","date_gmt":"2021-10-02T09:41:53","guid":{"rendered":"http:\/\/materlivres.org\/?page_id=2488"},"modified":"2022-03-16T15:36:33","modified_gmt":"2022-03-16T14:36:33","slug":"classes-inscrites-4","status":"publish","type":"page","link":"https:\/\/materlivres.org\/?page_id=2488","title":{"rendered":"Classes inscrites 2022"},"content":{"rendered":"\n<p style=\"text-align:center\"><a rel=\"noreferrer noopener\" aria-label=\"partie 1 (s\u2019ouvre dans un nouvel onglet)\" href=\"https:\/\/fr.calameo.com\/read\/0058890854fbb1f85892e\" target=\"_blank\">partie 1<\/a>   : <a href=\"https:\/\/fr.calameo.com\/read\/005889085f04588132197\" target=\"_blank\" rel=\"noreferrer noopener\" aria-label=\" partie  2 (s\u2019ouvre dans un nouvel onglet)\"> partie  2<\/a><\/p>\n\n\n\n<figure class=\"wp-block-image\"><img loading=\"lazy\" decoding=\"async\" width=\"1011\" height=\"555\" src=\"https:\/\/materlivres.org\/wp-content\/uploads\/2022\/01\/carte21janvier.jpg\" alt=\"\" class=\"wp-image-2642\" srcset=\"https:\/\/materlivres.org\/wp-content\/uploads\/2022\/01\/carte21janvier.jpg 1011w, https:\/\/materlivres.org\/wp-content\/uploads\/2022\/01\/carte21janvier-300x165.jpg 300w, https:\/\/materlivres.org\/wp-content\/uploads\/2022\/01\/carte21janvier-768x422.jpg 768w, https:\/\/materlivres.org\/wp-content\/uploads\/2022\/01\/carte21janvier-600x329.jpg 600w\" sizes=\"(max-width: 706px) 89vw, (max-width: 767px) 82vw, 740px\" \/><figcaption>Situation au 21 janvier<\/figcaption><\/figure>\n\n\n\n<ol><li>JOUANNEAU Martin <strong>MS\/GS<\/strong> Ecole Fran\u00e7aise de T\u00e9h\u00e9ran <strong> IRAN<\/strong><\/li><li>MONSEC Fabienne <strong>MS\/GS<\/strong> Lyc\u00e9e fran\u00e7ais de Madrid <strong> ESPAGNE<\/strong><\/li><li>PIERRE Gilles <strong>MS\/GS<\/strong> Pablo N\u00e9ruda Audrieu <strong>FRANCE<\/strong><\/li><li>GUYOT-HIOLET Chantal <strong>PS<\/strong> Ile aux enfants <strong>FRANCE<\/strong><\/li><li>RANNOU Pauline<strong> GS <\/strong> \u00c9cole fran\u00e7aise de Harare <strong>ZIMBABWE<\/strong><\/li><li>BONNEMAINS Philippe <strong>PS<\/strong> Pablo N\u00e9ruda Audrieu <strong>FRANCE<\/strong><\/li><li>LOGHMARI Synda <strong>MS<\/strong> Ren\u00e9 Descartes Lac 2 Tunis <strong>TUNISIE<\/strong><\/li><li>DOUGE Emmanuelle <strong>GS<\/strong> College francais Bilingue de Londres <strong>ANGLETERRE<\/strong><\/li><li>SZYMAKOWSKI Sandrine <strong>GS<\/strong> Lyc\u00e9e fran\u00e7ais de Madrid <strong>ESPAGNE<\/strong><\/li><li>M&#8217;RAD H\u00e9la <strong>GS<\/strong> Ren\u00e9 Descartes Lac 2 Tunis <strong>TUNISIE<\/strong><\/li><li>NAVARRO Emmanuelle <strong>GS<\/strong> Sainte Marguerite d&#8217;Elle <strong>FRANCE <\/strong><\/li><li>DURET Virginie <strong>GS<\/strong> Sunrise Shanghai <strong>CHINE<\/strong><\/li><li>AFRANI Florence<strong>PS\/MS<\/strong> \u00e9cole Adrien Berchet de Tanger <strong>MAROC<\/strong><\/li><li>REMIREZ Amaya <strong>GS<\/strong> Lyc\u00e9e Fran\u00e7ais de Madrid <strong>ESPAGNE<\/strong><\/li><li>LAARRAF Christelle&nbsp;<strong>PS\/MS<\/strong> \u00e9cole Adrien Berchet de Tanger <strong>MAROC<\/strong><\/li><li>BASTIDON Anne <strong>GS<\/strong> Liceo franc\u00e9s de Pereira <strong>COLOMBIE<\/strong><\/li><li>PAYET Emeline <strong>GS<\/strong> Liceo franc\u00e9s de Pereira <strong>COLOMBIE<\/strong><\/li><li>TRUCHI Nicolas <strong>GS<\/strong> Lyc\u00e9e fran\u00e7ais A. Yersin de Hano\u00ef <strong>VIETNAM <\/strong><\/li><li>COUSIN David <strong>GS<\/strong> Lyc\u00e9e fran\u00e7ais A. Yersin de Hano\u00ef <strong>VIETNAM <\/strong><\/li><li>FLOR-NGUYEN Anne-marie <strong>MS<\/strong> Lyc\u00e9e fran\u00e7ais A. Yersin de Hano\u00ef <strong>VIETNAM <\/strong><\/li><li>GOVILLOT Laurence<strong> PS<\/strong> Lyc\u00e9e fran\u00e7ais A. Yersin de Hano\u00ef <strong>VIETNAM <\/strong><\/li><li>MILANI Camille <strong>MS\/GS<\/strong> Lyc\u00e9e fran\u00e7ais A. Yersin de Hano\u00ef <strong>VIETNAM <\/strong><\/li><li>MONTAGNIE Gilles <strong>MS<\/strong> Lyc\u00e9e fran\u00e7ais A. Yersin de Hano\u00ef <strong>VIETNAM <\/strong><\/li><li>FALCIONI Elodie <strong>PS<\/strong> Lyc\u00e9e fran\u00e7ais A. Yersin de Hano\u00ef <strong>VIETNAM <\/strong><\/li><li>MOREAU Nathalie <strong>MS<\/strong> lyc\u00e9e Chateaubriand Rome <strong>ITALIE<\/strong><\/li><li>ACHIKHAN Bouchra <strong>PS\/MS<\/strong> \u00e9cole Adrien Berchet de Tanger <strong>MAROC<br><\/strong><\/li><li>BANOUB Rania<strong> GS <\/strong>Lyc\u00e9e Fran\u00e7ais de Kowe\u00eft de Salmiya <strong>KOWEIT <br><\/strong><\/li><li>SEMAIL Kh\u00e9didja <strong>GS<\/strong> Lyc\u00e9e Fran\u00e7ais de Kowe\u00eft de Salmiya <strong>KOWEIT<\/strong><\/li><li>DANGLA Monique Petite \u00c9cole d&#8217;Hydra \u00e0 Alger <strong>ALGERIE<\/strong><\/li><li>SAVARD Caroline<strong> PS<\/strong> Ecole Apprenti sage Qu\u00e9bec <strong>CANADA <\/strong><\/li><li>BESSON Damien <strong>MS\/GS<\/strong> Lyc\u00e9e fran\u00e7ais de Madrid <strong>ESPAGNE<\/strong><\/li><li>PERRIN Servane <strong>MS\/GS<\/strong> Lyc\u00e9e fran\u00e7ais de Madrid<strong> ESPAGNE<\/strong><\/li><li>&nbsp;MORELLO Karine <strong>GS <\/strong>Lyc\u00e9e fran\u00e7ais de Kowe\u00eft <strong>KOWEIT<br><\/strong><\/li><li> ADDAD MEZIANI Nadia Lyc\u00e9e Fran\u00e7ais de Kowe\u00eft de Salmiya <strong>KOWEIT<\/strong><\/li><li>&nbsp;PAUPE Catherine<strong> GS <\/strong>Lyc\u00e9e fran\u00e7ais de Madrid <strong>ESPAGNE<\/strong><\/li><li>HOULETTE Christophe <strong>PS<\/strong> Lyc\u00e9e Fran\u00e7ais international de Pondich\u00e9ry <strong>INDE<\/strong><\/li><li>MARSAL Annick <strong>MS<\/strong> lyc\u00e9e fran\u00e7ais Charles de Gaulle <strong>SYRIE<\/strong><\/li><li>PAJANIRADJA Indoumathy <strong>MS<\/strong> Lyc\u00e9e Fran\u00e7ais International de Pondich\u00e9ry<strong> INDE<\/strong><\/li><li>ARIGUE Ouela&nbsp; <strong>MS\/GS<\/strong> Lyc\u00e9e Franco-Am\u00e9ricain Miami Cooper-City Hollywood <strong>USA<\/strong><\/li><li>&nbsp;POULEAU St\u00e9phanie GS LFI dublin <strong>IRELANDE<\/strong><\/li><li>BUANTON Karine <strong>GS<\/strong> \u00e9cole Antoine de S. Exup\u00e9ry Arequipa <strong>PEROU<\/strong><\/li><li>PODEVIN Sandrine <strong>GS\/CP<\/strong> Ecole primaire Cl\u00e9ment D\u00e9sir\u00e9 F\u00e9rard S.Aubin d&#8217;Arquenay <strong>FRANCE <\/strong><\/li><li>ZBAIRI Sarah <strong>MS\/GS<\/strong> \u00e9cole Georges Bizet&nbsp;Casablanca <strong>MAROC<\/strong><\/li><li>&nbsp;SAADA Sarah <strong>GS\/CP<\/strong> Fondation Habib Bourguiba Tunis <strong>TUNISIE<\/strong><\/li><li>MICHAUT Sy\u00e9phanie <strong>MS\/GS<\/strong> Lyc\u00e9e fran\u00e7ais de Madrid <strong>ESPAGNE<\/strong><\/li><li>DUTILLY Jessica <strong>MS \/ GS <\/strong>LFSD de Saint Domingue <strong>REPUBLIQUE DOMINICAINE<\/strong><\/li><li>SOULI Sarah<strong> MS \/ GS <\/strong>LFSD de Saint Domingue <strong>REPUBLIQUE DOMINICAINE<\/strong><\/li><li>HIAR Houda  <strong>GS <\/strong>Lyc\u00e9e fran\u00e7ais de Kowe\u00eft <strong>KOWEIT<\/strong> <\/li><li>BREIMEYER Christelle (Plusieurs classes) Melbourne <strong>AUSTRALIE<\/strong><\/li><li>ROTS-DAIGREMONT Ga\u00eblle   <strong>MS\/GS<\/strong> \u00e9cole  Pablo N\u00e9ruda Audrieu <strong>FRANCE<\/strong> <\/li><li>BONARDEL Marie-h\u00e9l\u00e8ne  <strong>CP<\/strong> lyc\u00e9e fran\u00e7ais Charles de Gaulle <strong>SYRIE<\/strong> <\/li><\/ol>\n\n\n\n<p>&nbsp;<\/p>\n","protected":false},"excerpt":{"rendered":"<p>partie 1 : partie 2 JOUANNEAU Martin MS\/GS Ecole Fran\u00e7aise de T\u00e9h\u00e9ran IRAN MONSEC Fabienne MS\/GS Lyc\u00e9e fran\u00e7ais de Madrid ESPAGNE PIERRE Gilles MS\/GS Pablo N\u00e9ruda Audrieu FRANCE GUYOT-HIOLET Chantal PS Ile aux enfants FRANCE RANNOU Pauline GS \u00c9cole fran\u00e7aise de Harare ZIMBABWE BONNEMAINS Philippe PS Pablo N\u00e9ruda Audrieu FRANCE LOGHMARI Synda MS Ren\u00e9 Descartes &hellip; <\/p>\n<p class=\"link-more\"><a href=\"https:\/\/materlivres.org\/?page_id=2488\" class=\"more-link\">Continuer la lecture<span class=\"screen-reader-text\"> de &laquo;&nbsp;Classes inscrites 2022&nbsp;&raquo;<\/span><\/a><\/p>\n","protected":false},"author":2,"featured_media":0,"parent":0,"menu_order":0,"comment_status":"closed","ping_status":"closed","template":"","meta":{"footnotes":""},"_links":{"self":[{"href":"https:\/\/materlivres.org\/index.php?rest_route=\/wp\/v2\/pages\/2488"}],"collection":[{"href":"https:\/\/materlivres.org\/index.php?rest_route=\/wp\/v2\/pages"}],"about":[{"href":"https:\/\/materlivres.org\/index.php?rest_route=\/wp\/v2\/types\/page"}],"author":[{"embeddable":true,"href":"https:\/\/materlivres.org\/index.php?rest_route=\/wp\/v2\/users\/2"}],"replies":[{"embeddable":true,"href":"https:\/\/materlivres.org\/index.php?rest_route=%2Fwp%2Fv2%2Fcomments&post=2488"}],"version-history":[{"count":101,"href":"https:\/\/materlivres.org\/index.php?rest_route=\/wp\/v2\/pages\/2488\/revisions"}],"predecessor-version":[{"id":2727,"href":"https:\/\/materlivres.org\/index.php?rest_route=\/wp\/v2\/pages\/2488\/revisions\/2727"}],"wp:attachment":[{"href":"https:\/\/materlivres.org\/index.php?rest_route=%2Fwp%2Fv2%2Fmedia&parent=2488"}],"curies":[{"name":"wp","href":"https:\/\/api.w.org\/{rel}","templated":true}]}}