{"id":2465,"date":"2021-09-08T17:39:58","date_gmt":"2021-09-08T15:39:58","guid":{"rendered":"http:\/\/materlivres.org\/?page_id=2465"},"modified":"2022-01-24T18:42:11","modified_gmt":"2022-01-24T17:42:11","slug":"elementor-2465","status":"publish","type":"page","link":"https:\/\/materlivres.org\/?page_id=2465","title":{"rendered":"Inscriptions 2022"},"content":{"rendered":"\t\t<div data-elementor-type=\"wp-post\" data-elementor-id=\"2465\" class=\"elementor elementor-2465\">\n\t\t\t\t\t\t\t\t\t<section class=\"elementor-section elementor-top-section elementor-element elementor-element-29605ad elementor-section-boxed elementor-section-height-default elementor-section-height-default\" data-id=\"29605ad\" data-element_type=\"section\">\n\t\t\t\t\t\t<div class=\"elementor-container elementor-column-gap-default\">\n\t\t\t\t\t<div class=\"elementor-column elementor-col-100 elementor-top-column elementor-element elementor-element-0c45ec8\" data-id=\"0c45ec8\" data-element_type=\"column\">\n\t\t\t<div class=\"elementor-widget-wrap elementor-element-populated\">\n\t\t\t\t\t\t\t\t<div class=\"elementor-element elementor-element-395952d elementor-widget elementor-widget-text-editor\" data-id=\"395952d\" data-element_type=\"widget\" data-widget_type=\"text-editor.default\">\n\t\t\t\t<div class=\"elementor-widget-container\">\n\t\t\t\t\t\t\t<div class=\"entry-content\"><div>Il manque 2 classes pour finaliser certains groupes :<\/div><div>\u00a0<\/div><div><ul><li>\u00a0<span style=\"color: #ff00ff;\"><strong>Une classe de CP<\/strong> <\/span>pour finaliser un groupe de GS et CP. L&#8217;histoire sera soit boucle d&#8217;or, soit la petite poule rousse.<\/li><\/ul><\/div><div><ul><li><strong><span style=\"color: #ff00ff;\">Une\u00a0 classe de PS<\/span> <\/strong>pour un groupe. Les histoires seraient celle des 3 petits cochons ou \u00e0 d\u00e9faut celle de la petite poule rousse.<\/li><\/ul><div>Les inscriptions suppl\u00e9mentaires seront plac\u00e9es sur liste d&#8217;attente et ne pourront \u00eatre effectives qu&#8217;avec la cr\u00e9ation d&#8217;un groupe complet de 5 classes. Merci de votre compr\u00e9hension.<\/div><div>\u00a0<\/div><\/div><p>(Cliquer sur le lien &#8220;INSCRIPSIONS&#8221; ci-dessous)<\/p><p><a href=\"https:\/\/framaforms.org\/inscriptions-materlivres-2022-1604055655\"><strong>INSCRIPTIONS <\/strong><\/a><\/p><p>V\u00e9rifiez bien la validit\u00e9 de l\u2019adresse mail inscrite dans le formulaire, ce qui permettra de communiquer plus tard.<\/p><p><img loading=\"lazy\" decoding=\"async\" class=\"irc_mi alignright\" src=\"http:\/\/gafam.fr\/wp-content\/uploads\/2016\/12\/framaforms.png\" alt=\"R\u00e9sultat de recherche d'images pour \" width=\"250\" height=\"100\" \/><\/p><p><strong>Bon \u00e0 savoir<\/strong> : Vie priv\u00e9e garantie<\/p><p>Framaforms est un service propos\u00e9 par Framasoft, association loi de 1901 d\u2019int\u00e9r\u00eat g\u00e9n\u00e9ral dont un des objectifs est de r\u00e9sister aux atteintes \u00e0 la vie priv\u00e9e, notamment lorsqu\u2019il s\u2019agit de collectes massives telles que pratiqu\u00e9es par GAFAM (Google, Apple, Facebook, Amazon, Microsoft). Nous prenons l\u2019engagement (lien CGU) de ne pas exploiter vos donn\u00e9es ou celles de vos utilisateurs.<\/p><\/div>\t\t\t\t\t\t<\/div>\n\t\t\t\t<\/div>\n\t\t\t\t\t<\/div>\n\t\t<\/div>\n\t\t\t\t\t\t\t<\/div>\n\t\t<\/section>\n\t\t\t\t\t\t\t<\/div>\n\t\t","protected":false},"excerpt":{"rendered":"<p>Il manque 2 classes pour finaliser certains groupes :\u00a0 \u00a0Une classe de CP pour finaliser un groupe de GS et CP. L&#8217;histoire sera soit boucle d&#8217;or, soit la petite poule rousse. Une\u00a0 classe de PS pour un groupe. Les histoires seraient celle des 3 petits cochons ou \u00e0 d\u00e9faut celle de la petite poule rousse. &hellip; <\/p>\n<p class=\"link-more\"><a href=\"https:\/\/materlivres.org\/?page_id=2465\" class=\"more-link\">Continuer la lecture<span class=\"screen-reader-text\"> de &laquo;&nbsp;Inscriptions 2022&nbsp;&raquo;<\/span><\/a><\/p>\n","protected":false},"author":2,"featured_media":0,"parent":0,"menu_order":0,"comment_status":"closed","ping_status":"closed","template":"","meta":{"footnotes":""},"_links":{"self":[{"href":"https:\/\/materlivres.org\/index.php?rest_route=\/wp\/v2\/pages\/2465"}],"collection":[{"href":"https:\/\/materlivres.org\/index.php?rest_route=\/wp\/v2\/pages"}],"about":[{"href":"https:\/\/materlivres.org\/index.php?rest_route=\/wp\/v2\/types\/page"}],"author":[{"embeddable":true,"href":"https:\/\/materlivres.org\/index.php?rest_route=\/wp\/v2\/users\/2"}],"replies":[{"embeddable":true,"href":"https:\/\/materlivres.org\/index.php?rest_route=%2Fwp%2Fv2%2Fcomments&post=2465"}],"version-history":[{"count":31,"href":"https:\/\/materlivres.org\/index.php?rest_route=\/wp\/v2\/pages\/2465\/revisions"}],"predecessor-version":[{"id":2670,"href":"https:\/\/materlivres.org\/index.php?rest_route=\/wp\/v2\/pages\/2465\/revisions\/2670"}],"wp:attachment":[{"href":"https:\/\/materlivres.org\/index.php?rest_route=%2Fwp%2Fv2%2Fmedia&parent=2465"}],"curies":[{"name":"wp","href":"https:\/\/api.w.org\/{rel}","templated":true}]}}