{"id":2454,"date":"2021-09-05T12:19:09","date_gmt":"2021-09-05T10:19:09","guid":{"rendered":"http:\/\/materlivres.org\/?page_id=2454"},"modified":"2021-09-05T12:19:26","modified_gmt":"2021-09-05T10:19:26","slug":"matermonde-2022","status":"publish","type":"page","link":"https:\/\/materlivres.org\/?page_id=2454","title":{"rendered":"Matermonde 2022"},"content":{"rendered":"\n<p> Le but est de permettre pendant 6 semaines, une collaboration de \nclasses  de plusieurs continents avec une&nbsp; classe de m\u00e9tropole sur un \nth\u00e8me fort\u2026 <\/p>\n\n\n\n<p>Cette ann\u00e9e le th\u00e8me retenu est celui de la citoyennet\u00e9, d\u00e9clin\u00e9 selon 3 axes dans 3 contes d\u00e9tourn\u00e9s:<\/p>\n\n\n\n<ul><li>la d\u00e9mocratie avec les 3 petits cochons<\/li><li>le respect avec boucle d&#8217;or<\/li><li>l&#8217;entraide avec la petite poule rousse<\/li><\/ul>\n\n\n\n<p><\/p>\n","protected":false},"excerpt":{"rendered":"<p>Le but est de permettre pendant 6 semaines, une collaboration de classes de plusieurs continents avec une&nbsp; classe de m\u00e9tropole sur un th\u00e8me fort\u2026 Cette ann\u00e9e le th\u00e8me retenu est celui de la citoyennet\u00e9, d\u00e9clin\u00e9 selon 3 axes dans 3 contes d\u00e9tourn\u00e9s: la d\u00e9mocratie avec les 3 petits cochons le respect avec boucle d&#8217;or l&#8217;entraide &hellip; <\/p>\n<p class=\"link-more\"><a href=\"https:\/\/materlivres.org\/?page_id=2454\" class=\"more-link\">Continuer la lecture<span class=\"screen-reader-text\"> de &laquo;&nbsp;Matermonde 2022&nbsp;&raquo;<\/span><\/a><\/p>\n","protected":false},"author":2,"featured_media":0,"parent":0,"menu_order":0,"comment_status":"closed","ping_status":"closed","template":"","meta":{"footnotes":""},"_links":{"self":[{"href":"https:\/\/materlivres.org\/index.php?rest_route=\/wp\/v2\/pages\/2454"}],"collection":[{"href":"https:\/\/materlivres.org\/index.php?rest_route=\/wp\/v2\/pages"}],"about":[{"href":"https:\/\/materlivres.org\/index.php?rest_route=\/wp\/v2\/types\/page"}],"author":[{"embeddable":true,"href":"https:\/\/materlivres.org\/index.php?rest_route=\/wp\/v2\/users\/2"}],"replies":[{"embeddable":true,"href":"https:\/\/materlivres.org\/index.php?rest_route=%2Fwp%2Fv2%2Fcomments&post=2454"}],"version-history":[{"count":2,"href":"https:\/\/materlivres.org\/index.php?rest_route=\/wp\/v2\/pages\/2454\/revisions"}],"predecessor-version":[{"id":2456,"href":"https:\/\/materlivres.org\/index.php?rest_route=\/wp\/v2\/pages\/2454\/revisions\/2456"}],"wp:attachment":[{"href":"https:\/\/materlivres.org\/index.php?rest_route=%2Fwp%2Fv2%2Fmedia&parent=2454"}],"curies":[{"name":"wp","href":"https:\/\/api.w.org\/{rel}","templated":true}]}}