{"id":2407,"date":"2021-08-19T15:06:03","date_gmt":"2021-08-19T13:06:03","guid":{"rendered":"http:\/\/materlivres.org\/?page_id=2407"},"modified":"2021-10-20T12:03:28","modified_gmt":"2021-10-20T10:03:28","slug":"elementor-2407","status":"publish","type":"page","link":"https:\/\/materlivres.org\/?page_id=2407","title":{"rendered":"3 2 1 Trions !"},"content":{"rendered":"\t\t<div data-elementor-type=\"wp-post\" data-elementor-id=\"2407\" class=\"elementor elementor-2407\">\n\t\t\t\t\t\t\t\t\t<section class=\"elementor-section elementor-top-section elementor-element elementor-element-7d0f5e9 elementor-section-boxed elementor-section-height-default elementor-section-height-default\" data-id=\"7d0f5e9\" data-element_type=\"section\">\n\t\t\t\t\t\t<div class=\"elementor-container elementor-column-gap-default\">\n\t\t\t\t\t<div class=\"elementor-column elementor-col-100 elementor-top-column elementor-element elementor-element-df12773\" data-id=\"df12773\" data-element_type=\"column\">\n\t\t\t<div class=\"elementor-widget-wrap elementor-element-populated\">\n\t\t\t\t\t\t\t\t<div class=\"elementor-element elementor-element-4fd7126 elementor-widget elementor-widget-heading\" data-id=\"4fd7126\" data-element_type=\"widget\" data-widget_type=\"heading.default\">\n\t\t\t\t<div class=\"elementor-widget-container\">\n\t\t\t<h2 class=\"elementor-heading-title elementor-size-medium\">3,2,1  Trions !\nAide Eug\u00e9nie et son ami le h\u00e9risson \u00e0 trouver les bonnes poubelles\npour pouvoir trier les d\u00e9chets de la pioche !<\/h2>\t\t<\/div>\n\t\t\t\t<\/div>\n\t\t\t\t\t<\/div>\n\t\t<\/div>\n\t\t\t\t\t\t\t<\/div>\n\t\t<\/section>\n\t\t\t\t<section class=\"elementor-section elementor-top-section elementor-element elementor-element-223da53 elementor-section-boxed elementor-section-height-default elementor-section-height-default\" data-id=\"223da53\" data-element_type=\"section\">\n\t\t\t\t\t\t<div class=\"elementor-container elementor-column-gap-default\">\n\t\t\t\t\t<div class=\"elementor-column elementor-col-25 elementor-top-column elementor-element elementor-element-6ba0dcf\" data-id=\"6ba0dcf\" data-element_type=\"column\">\n\t\t\t<div class=\"elementor-widget-wrap elementor-element-populated\">\n\t\t\t\t\t\t\t\t<div class=\"elementor-element elementor-element-7fc0ccd elementor-widget elementor-widget-image\" data-id=\"7fc0ccd\" data-element_type=\"widget\" data-widget_type=\"image.default\">\n\t\t\t\t<div class=\"elementor-widget-container\">\n\t\t\t\t\t\t\t\t\t\t\t\t\t\t\t<img loading=\"lazy\" decoding=\"async\" width=\"525\" height=\"723\" src=\"https:\/\/materlivres.org\/wp-content\/uploads\/2021\/08\/FILLETTE-8-ans-bras-\u00e0-droite-744x1024.png\" class=\"attachment-large size-large wp-image-2416\" alt=\"\" srcset=\"https:\/\/materlivres.org\/wp-content\/uploads\/2021\/08\/FILLETTE-8-ans-bras-\u00e0-droite-744x1024.png 744w, https:\/\/materlivres.org\/wp-content\/uploads\/2021\/08\/FILLETTE-8-ans-bras-\u00e0-droite-218x300.png 218w, https:\/\/materlivres.org\/wp-content\/uploads\/2021\/08\/FILLETTE-8-ans-bras-\u00e0-droite-768x1057.png 768w, https:\/\/materlivres.org\/wp-content\/uploads\/2021\/08\/FILLETTE-8-ans-bras-\u00e0-droite-600x826.png 600w, https:\/\/materlivres.org\/wp-content\/uploads\/2021\/08\/FILLETTE-8-ans-bras-\u00e0-droite-1320x1817.png 1320w, https:\/\/materlivres.org\/wp-content\/uploads\/2021\/08\/FILLETTE-8-ans-bras-\u00e0-droite.png 1879w\" sizes=\"100vw\" \/>\t\t\t\t\t\t\t\t\t\t\t\t\t\t\t<\/div>\n\t\t\t\t<\/div>\n\t\t\t\t\t<\/div>\n\t\t<\/div>\n\t\t\t\t<div class=\"elementor-column elementor-col-50 elementor-top-column elementor-element elementor-element-d6b67ed\" data-id=\"d6b67ed\" data-element_type=\"column\">\n\t\t\t<div class=\"elementor-widget-wrap elementor-element-populated\">\n\t\t\t\t\t\t\t\t<div class=\"elementor-element elementor-element-34ebf64 elementor-widget elementor-widget-text-editor\" data-id=\"34ebf64\" data-element_type=\"widget\" data-widget_type=\"text-editor.default\">\n\t\t\t\t<div class=\"elementor-widget-container\">\n\t\t\t\t\t\t\t<p><span class=\"im\">3,2,1 Trions est un jeu \u00e9labor\u00e9 pour promouvoir le tri selectif en maternelle. Il a \u00e9t\u00e9 test\u00e9 et mis au point \u00e0 la maternelles d&#8217;Audrieu dans le Calvados.<\/span><span class=\"im\">\u00a0 La formule d\u00e9finitive a prouv\u00e9 toute son efficacit\u00e9 p\u00e9dagogique. Le public cible et celui des Moyens et des Grands. Ce jeu est accompagn\u00e9 d&#8217;une pr\u00e9sentation p\u00e9dagogique contenant :<br \/><\/span><\/p><ul><li><span class=\"im\">\u00a0Les objectifs disciplinaires<\/span><\/li><li><span class=\"im\">des situation \u00e0 utiliser en classes<\/span><\/li><li><span class=\"im\">des activit\u00e9s num\u00e9rique pour la classe et la maison<\/span><\/li><li><span class=\"im\">un accompagnement pour l\u2019utilisation du jeu lui m\u00eame<\/span><\/li><li><span class=\"im\">des pistes pour aller plus loin<\/span><\/li><\/ul><p><span class=\"im\">Le but du projet commun avec le <a href=\"https:\/\/seroc14.fr\/\">SEROC<\/a> est d&#8217;en \u00e9quiper <\/span><span class=\"im\">localemen<\/span><span class=\"im\">t et gratuitement , les \u00e9coles maternelles du secteur&#8230;<\/span><\/p>\t\t\t\t\t\t<\/div>\n\t\t\t\t<\/div>\n\t\t\t\t\t<\/div>\n\t\t<\/div>\n\t\t\t\t<div class=\"elementor-column elementor-col-25 elementor-top-column elementor-element elementor-element-bdf8a19\" data-id=\"bdf8a19\" data-element_type=\"column\">\n\t\t\t<div class=\"elementor-widget-wrap elementor-element-populated\">\n\t\t\t\t\t\t\t\t<div class=\"elementor-element elementor-element-9a35212 elementor-widget elementor-widget-text-editor\" data-id=\"9a35212\" data-element_type=\"widget\" data-widget_type=\"text-editor.default\">\n\t\t\t\t<div class=\"elementor-widget-container\">\n\t\t\t\t\t\t\t<p style=\"text-align: center;\">Vous pouvez retrouver <a href=\"https:\/\/padlet.com\/321trions\/1\">le mur<\/a> d&#8217;accompagnement p\u00e9dagogique avec le lien ci-dessus ou en tapant directement l&#8217;adresse suivante :<\/p><p><a href=\"https:\/\/padlet.com\/321trions\/1\">https:\/\/padlet.com\/321trions\/1<\/a><\/p>\t\t\t\t\t\t<\/div>\n\t\t\t\t<\/div>\n\t\t\t\t<div class=\"elementor-element elementor-element-783b747 elementor-widget elementor-widget-image\" data-id=\"783b747\" data-element_type=\"widget\" data-widget_type=\"image.default\">\n\t\t\t\t<div class=\"elementor-widget-container\">\n\t\t\t\t\t\t\t\t\t\t\t\t\t\t\t<img loading=\"lazy\" decoding=\"async\" width=\"525\" height=\"645\" src=\"https:\/\/materlivres.org\/wp-content\/uploads\/2021\/08\/Herisson2-mascotte-couleur-833x1024.png\" class=\"attachment-large size-large wp-image-2414\" alt=\"\" srcset=\"https:\/\/materlivres.org\/wp-content\/uploads\/2021\/08\/Herisson2-mascotte-couleur-833x1024.png 833w, https:\/\/materlivres.org\/wp-content\/uploads\/2021\/08\/Herisson2-mascotte-couleur-244x300.png 244w, https:\/\/materlivres.org\/wp-content\/uploads\/2021\/08\/Herisson2-mascotte-couleur-768x944.png 768w, https:\/\/materlivres.org\/wp-content\/uploads\/2021\/08\/Herisson2-mascotte-couleur-600x738.png 600w, https:\/\/materlivres.org\/wp-content\/uploads\/2021\/08\/Herisson2-mascotte-couleur.png 1181w\" sizes=\"100vw\" \/>\t\t\t\t\t\t\t\t\t\t\t\t\t\t\t<\/div>\n\t\t\t\t<\/div>\n\t\t\t\t\t<\/div>\n\t\t<\/div>\n\t\t\t\t\t\t\t<\/div>\n\t\t<\/section>\n\t\t\t\t\t\t\t<\/div>\n\t\t","protected":false},"excerpt":{"rendered":"<p>3,2,1 Trions ! Aide Eug\u00e9nie et son ami le h\u00e9risson \u00e0 trouver les bonnes poubelles pour pouvoir trier les d\u00e9chets de la pioche ! 3,2,1 Trions est un jeu \u00e9labor\u00e9 pour promouvoir le tri selectif en maternelle. Il a \u00e9t\u00e9 test\u00e9 et mis au point \u00e0 la maternelles d&#8217;Audrieu dans le Calvados.\u00a0 La formule d\u00e9finitive &hellip; <\/p>\n<p class=\"link-more\"><a href=\"https:\/\/materlivres.org\/?page_id=2407\" class=\"more-link\">Continuer la lecture<span class=\"screen-reader-text\"> de &laquo;&nbsp;3 2 1 Trions !&nbsp;&raquo;<\/span><\/a><\/p>\n","protected":false},"author":2,"featured_media":0,"parent":0,"menu_order":0,"comment_status":"closed","ping_status":"closed","template":"","meta":{"footnotes":""},"_links":{"self":[{"href":"https:\/\/materlivres.org\/index.php?rest_route=\/wp\/v2\/pages\/2407"}],"collection":[{"href":"https:\/\/materlivres.org\/index.php?rest_route=\/wp\/v2\/pages"}],"about":[{"href":"https:\/\/materlivres.org\/index.php?rest_route=\/wp\/v2\/types\/page"}],"author":[{"embeddable":true,"href":"https:\/\/materlivres.org\/index.php?rest_route=\/wp\/v2\/users\/2"}],"replies":[{"embeddable":true,"href":"https:\/\/materlivres.org\/index.php?rest_route=%2Fwp%2Fv2%2Fcomments&post=2407"}],"version-history":[{"count":29,"href":"https:\/\/materlivres.org\/index.php?rest_route=\/wp\/v2\/pages\/2407\/revisions"}],"predecessor-version":[{"id":2568,"href":"https:\/\/materlivres.org\/index.php?rest_route=\/wp\/v2\/pages\/2407\/revisions\/2568"}],"wp:attachment":[{"href":"https:\/\/materlivres.org\/index.php?rest_route=%2Fwp%2Fv2%2Fmedia&parent=2407"}],"curies":[{"name":"wp","href":"https:\/\/api.w.org\/{rel}","templated":true}]}}