{"id":2281,"date":"2021-02-21T23:34:29","date_gmt":"2021-02-21T22:34:29","guid":{"rendered":"http:\/\/materlivres.org\/?page_id=2281"},"modified":"2021-06-20T18:04:22","modified_gmt":"2021-06-20T16:04:22","slug":"groupes-constitues-4","status":"publish","type":"page","link":"https:\/\/materlivres.org\/?page_id=2281","title":{"rendered":"Groupes Constitu\u00e9s"},"content":{"rendered":"\n<h4 class=\"wp-block-heading\"><code><a href=\"https:\/\/docs.google.com\/presentation\/d\/1mid6fEfgP_oVjkTXykNdXK_20SQ9MetqpjboVLC3PL4\/edit?usp=sharing\"><strong>Groupe 1 : Im\u00e9lo la chamelle   (Gar\u00e7on\/Fille)<\/strong><\/a><\/code><\/h4>\n\n\n\n<p> <strong>CLASSE A<\/strong> : GS\/ CP Breimeyer    Christelle      Melbourne                                               <br><strong> CLASSE B <\/strong> : GS Remirez    Amaya       Madrid                                              <br> <strong>CLASSE C<\/strong> : PODEVIN    Sandrine   Saint Aubin d&#8217;Arquenay   GS                                          <br> <strong>CLASSE D<\/strong> :   Ghariani    Matthieu        Varsovie      GS    <\/p>\n\n\n\n<p><a rel=\"noreferrer noopener\" aria-label=\"version imprimable  (s\u2019ouvre dans un nouvel onglet)\" href=\"https:\/\/materlivres.org\/wp-content\/uploads\/2021\/05\/S3-groupe-1-Im\u00e9lo-la-chamelle.pdf\" target=\"_blank\">version imprimable <\/a> \/  <a href=\"https:\/\/fr.calameo.com\/read\/0058890854692c333cbb9\" target=\"_blank\" rel=\"noreferrer noopener\" aria-label=\"version anim\u00e9e   (s\u2019ouvre dans un nouvel onglet)\">version anim\u00e9e  <\/a>                                <br>  <\/p>\n\n\n\n<h4 class=\"wp-block-heading\"><a href=\"https:\/\/docs.google.com\/presentation\/d\/1kfAJPXlv8bkRs2zoOlS2hdgHLVfnjhf8XtVvhpHTBoU\/edit?usp=sharing\"><strong>Groupe 2    :  Im\u00e9lo la chamelle   (Gar\u00e7on\/Fille)       <\/strong><\/a>                          <\/h4>\n\n\n\n<p><strong>CLASSE A<\/strong> :  Douge Emmanuelle Londres GS                                            <br><strong> CLASSE B <\/strong> : Szymakowski Sandrine      Madrid    GS                                             <br> <strong>CLASSE C<\/strong> : Floret Aline  Nicosie GS                                             <br> <strong>CLASSE D<\/strong> : Renaudin Marilyn  Saint Pierre et Miquelon GS        <\/p>\n\n\n\n<p><a href=\"https:\/\/materlivres.org\/wp-content\/uploads\/2021\/04\/S4-5-GR2-Im\u00e9lo-la-chamelle.pdf\">version imprimable <\/a> \/  <a href=\"https:\/\/fr.calameo.com\/read\/005889085a7fc85ebb7e0\">version anim\u00e9e <\/a><\/p>\n\n\n\n<h4 class=\"wp-block-heading\"><a href=\"https:\/\/docs.google.com\/presentation\/d\/1-Sv_K2Z3kxrZA7ckSyYbDtiQF5h6N8ATZJhkjxXCQB0\/edit?usp=sharing\"><strong>Groupe 3 : Colas le manchot   (handicap)<\/strong><\/a><\/h4>\n\n\n\n<p> <strong>CLASSE A<\/strong> :Monsec Fabienne   Madrid  MS\/GS                                         <br><strong> CLASSE B <\/strong> : Lager Fanny  Helsinky         GS                                             <br> <strong>CLASSE C<\/strong> : Moreau Nathalie Rome  MS                                            <br> <strong>CLASSE D<\/strong> : Mtsounga Lalanirina Antsirabe GS       <\/p>\n\n\n\n<p><a rel=\"noreferrer noopener\" aria-label=\"Version imprimable (s\u2019ouvre dans un nouvel onglet)\" href=\"https:\/\/materlivres.org\/wp-content\/uploads\/2021\/05\/Groupe03-Colas.pdf\" target=\"_blank\">Version imprimable<\/a>  \/  <a href=\"https:\/\/fr.calameo.com\/read\/00588908558ad189db0af\">version anim\u00e9e<\/a><\/p>\n\n\n\n<p><a rel=\"noreferrer noopener\" aria-label=\"Version Bilingue FR\/ I  &amp; mise en voix italienne (s\u2019ouvre dans un nouvel onglet)\" href=\"https:\/\/docs.google.com\/presentation\/d\/1sRj58aqVenjPm71ciJ2iYLsPkqvA3egg4QuXsjK-haI\/edit?usp=sharing\" target=\"_blank\">Version Bilingue FR\/ I  &amp; mise en voix italienne<\/a>  <a href=\"https:\/\/fr.calameo.com\/read\/005889085b822e5d3da9e\" target=\"_blank\" rel=\"noreferrer noopener\" aria-label=\"version anim\u00e9e (s\u2019ouvre dans un nouvel onglet)\">version anim\u00e9e<\/a><\/p>\n\n\n\n<h4 class=\"wp-block-heading\"><a href=\"https:\/\/docs.google.com\/presentation\/d\/1ORagPlKgueNR7Ld32z_LmJZLUD2AI1kRAULfm9KT3mg\/edit?usp=sharing\"><strong>Groupe 4  :  Colas le manchot   (handicap)<\/strong><\/a><\/h4>\n\n\n\n<p> <strong>CLASSE A<\/strong> : Rivoallan Karine  Madrid  MS\/GS                                         <br><strong> CLASSE B <\/strong> :  Jouanneau Martin 2 T\u00e9h\u00e9ran GS                                            <br> <strong>CLASSE C<\/strong> :  Pierre Gilles Audrieu GS                                         <br> <strong>CLASSE D<\/strong> : Razakanirina Perle Antsirabe MS        <\/p>\n\n\n\n<p><a rel=\"noreferrer noopener\" aria-label=\"version imprimable (s\u2019ouvre dans un nouvel onglet)\" href=\"https:\/\/materlivres.org\/wp-content\/uploads\/2021\/04\/Groupe-4-Colas.pdf\" target=\"_blank\">version imprimable<\/a>  \/  <a href=\"https:\/\/fr.calameo.com\/read\/005889085ed0bd8994bd8\">version anim\u00e9e<\/a><br><\/p>\n\n\n\n<h4 class=\"wp-block-heading\"><a href=\"https:\/\/docs.google.com\/presentation\/d\/1BgUghwLXajnDMWdBc-xUEkoJd5OYv0MjqR48ckWeJyI\/edit?usp=sharing\">Groupe 5    : Hell\u00e9l<strong>a, la petite chouette<\/strong><\/a><\/h4>\n\n\n\n<p> <strong>CLASSE A<\/strong> :   Guyot-Hiolet Chantal PS                              <br><strong> CLASSE B <\/strong> :   Rakotomalalal Sandrah Antsirabe PS                                             <br> <strong>CLASSE C<\/strong> : Lenormand  Clotilde  et   Urtizb\u00e9r\u00e9a  Myl\u00e8ne   St Pierre et Micquelon PS                                   <br> <strong>CLASSE D<\/strong> :   Falcioni Elodie Hanoi  PS           <\/p>\n\n\n\n<p><a rel=\"noreferrer noopener\" aria-label=\"Version imprimable (s\u2019ouvre dans un nouvel onglet)\" href=\"https:\/\/materlivres.org\/wp-content\/uploads\/2021\/06\/S5-groupe-5-hell\u00e9la.pdf\" target=\"_blank\">Version imprimable<\/a>  \/  <a rel=\"noreferrer noopener\" aria-label=\"Version anim\u00e9e   (s\u2019ouvre dans un nouvel onglet)\" href=\"https:\/\/fr.calameo.com\/read\/005889085cd0c2012c185\" target=\"_blank\">Version anim\u00e9e  <\/a>   <br> <a rel=\"noreferrer noopener\" href=\"https:\/\/materlivres.org\/wp-content\/uploads\/2021\/06\/traduis.pdf\" target=\"_blank\">version bilingue<\/a> \/ <a rel=\"noreferrer noopener\" href=\"https:\/\/fr.calameo.com\/read\/0058890852015b47cf2ad\" target=\"_blank\">versions bilingue anim\u00e9e<\/a> <\/p>\n\n\n\n<h4 class=\"wp-block-heading\"><a href=\"https:\/\/docs.google.com\/presentation\/d\/1ifUd-4rNZAL1EaxX0U4XA7-08sHY8hPRFlQAkDmQpm0\/edit?usp=sharing\"><strong>Groupe 6 : hell\u00e9la la petite chouette<\/strong><\/a><\/h4>\n\n\n\n<p><strong>CLASSE A<\/strong> :  Aurianne Brandely  CP                          <br><strong>CLASSE B <\/strong> :  PODEVIN    Sandrine   Saint Aubin d&#8217;Arquenay   CP                                     <br><strong>CLASSE C<\/strong> :   Marion J\u00e9z\u00e9quel  Saint-Pierre et Miquelon <br><strong>CLASSE D<\/strong> :   Ghariani    Matthieu        Varsovie       CP  <\/p>\n\n\n\n<p>(<a href=\"https:\/\/read.bookcreator.com\/mZ8w3IUq8DdLuPbGhVoZMFYWDgq1\/0iEUVqkdSPqz_dxtCqpSeg\" target=\"_blank\" rel=\"noreferrer noopener\" aria-label=\"Version lue par les \u00e9l\u00e8ves de la classe de Varsivie (s\u2019ouvre dans un nouvel onglet)\">Version lue par les \u00e9l\u00e8ves de la classe de Varsivie<\/a>)<br><a rel=\"noreferrer noopener\" aria-label=\" (s\u2019ouvre dans un nouvel onglet)\" href=\"https:\/\/fr.calameo.com\/read\/005889085ff285277c541\" target=\"_blank\">version anim\u00e9e<\/a> \/ <a rel=\"noreferrer noopener\" aria-label=\"version t\u00e9l\u00e9chargeable (s\u2019ouvre dans un nouvel onglet)\" href=\"https:\/\/materlivres.org\/wp-content\/uploads\/2021\/05\/provisoire-6-hell\u00e9la.pdf\" target=\"_blank\">version t\u00e9l\u00e9chargeable<\/a> \/ <a rel=\"noreferrer noopener\" aria-label=\"version pr\u00e9sentation (s\u2019ouvre dans un nouvel onglet)\" href=\"https:\/\/docs.google.com\/presentation\/d\/1GdOITOMY9wjf3jjrlvufFlyFozrbbeX4FqzdFxRYp0Y\/edit?usp=sharing\" target=\"_blank\">version pr\u00e9sentation<\/a><\/p>\n\n\n\n<p><\/p>\n\n\n\n<h4 class=\"wp-block-heading\"><strong><a href=\"https:\/\/docs.google.com\/presentation\/d\/1h4YAWVQSCPg8QQ_w6mMknjAnEuSvVaxYUFRDVSyYhO0\/edit#slide=id.gd3b6310d00_0_0\" target=\"_blank\" rel=\"noreferrer noopener\" aria-label=\"groupe 7  : Im\u00e9lo la chamelle (s\u2019ouvre dans un nouvel onglet)\">groupe 7  : Im\u00e9lo la chamelle<\/a><\/strong><\/h4>\n\n\n\n<p><strong>CLASSE A<\/strong> :   Bouhours Marl\u00e8ne Madrid MS                             <br><strong> CLASSE B <\/strong> :   Kariminejad Somayeh   T\u00e9h\u00e9ran  GS                                             <br><strong>CLASSE C<\/strong> : DRAKE    Virginie  Saint-Pierre et Miquelon  GS <br> <strong>CLASSE D<\/strong> :  Pierre Gilles Audrieu MS <\/p>\n\n\n\n<p><a href=\"https:\/\/materlivres.org\/wp-content\/uploads\/2021\/05\/groupe-0-7-Im\u00e9lo-la-chamelle.pdf\" target=\"_blank\" rel=\"noreferrer noopener\" aria-label=\" (s\u2019ouvre dans un nouvel onglet)\"> version imprimable<\/a>  \/  <a href=\"https:\/\/www.calameo.com\/read\/0058890859eee12f6f489\">version anim\u00e9e<\/a><\/p>\n\n\n\n<p><\/p>\n","protected":false},"excerpt":{"rendered":"<p>Groupe 1 : Im\u00e9lo la chamelle (Gar\u00e7on\/Fille) CLASSE A : GS\/ CP Breimeyer Christelle Melbourne CLASSE B : GS Remirez Amaya Madrid CLASSE C : PODEVIN Sandrine Saint Aubin d&#8217;Arquenay GS CLASSE D : Ghariani Matthieu Varsovie GS version imprimable \/ version anim\u00e9e Groupe 2 : Im\u00e9lo la chamelle (Gar\u00e7on\/Fille) CLASSE A : Douge Emmanuelle &hellip; <\/p>\n<p class=\"link-more\"><a href=\"https:\/\/materlivres.org\/?page_id=2281\" class=\"more-link\">Continuer la lecture<span class=\"screen-reader-text\"> de &laquo;&nbsp;Groupes Constitu\u00e9s&nbsp;&raquo;<\/span><\/a><\/p>\n","protected":false},"author":2,"featured_media":0,"parent":0,"menu_order":0,"comment_status":"closed","ping_status":"closed","template":"","meta":{"footnotes":""},"_links":{"self":[{"href":"https:\/\/materlivres.org\/index.php?rest_route=\/wp\/v2\/pages\/2281"}],"collection":[{"href":"https:\/\/materlivres.org\/index.php?rest_route=\/wp\/v2\/pages"}],"about":[{"href":"https:\/\/materlivres.org\/index.php?rest_route=\/wp\/v2\/types\/page"}],"author":[{"embeddable":true,"href":"https:\/\/materlivres.org\/index.php?rest_route=\/wp\/v2\/users\/2"}],"replies":[{"embeddable":true,"href":"https:\/\/materlivres.org\/index.php?rest_route=%2Fwp%2Fv2%2Fcomments&post=2281"}],"version-history":[{"count":66,"href":"https:\/\/materlivres.org\/index.php?rest_route=\/wp\/v2\/pages\/2281\/revisions"}],"predecessor-version":[{"id":2398,"href":"https:\/\/materlivres.org\/index.php?rest_route=\/wp\/v2\/pages\/2281\/revisions\/2398"}],"wp:attachment":[{"href":"https:\/\/materlivres.org\/index.php?rest_route=%2Fwp%2Fv2%2Fmedia&parent=2281"}],"curies":[{"name":"wp","href":"https:\/\/api.w.org\/{rel}","templated":true}]}}