{"id":2242,"date":"2020-11-18T10:13:25","date_gmt":"2020-11-18T09:13:25","guid":{"rendered":"http:\/\/materlivres.org\/?page_id=2242"},"modified":"2021-05-09T23:35:48","modified_gmt":"2021-05-09T21:35:48","slug":"classes-inscrites-3","status":"publish","type":"page","link":"https:\/\/materlivres.org\/?page_id=2242","title":{"rendered":"Classes inscrites  24"},"content":{"rendered":"\n<p style=\"text-align:center\"><strong><a href=\"https:\/\/docs.google.com\/presentation\/d\/141EjMu7mFh6_l56_fXACVq_sf-LZ0AsM0qzuvORe-z8\/edit#slide=id.g3326c8d371_0_0\">Qui sommes-nous?<\/a><\/strong>   <a rel=\"noreferrer noopener\" aria-label=\"version anim\u00e9e (s\u2019ouvre dans un nouvel onglet)\" href=\"https:\/\/fr.calameo.com\/read\/0058890858c48302157cd\" target=\"_blank\"><strong>version anim\u00e9e<\/strong><\/a><\/p>\n\n\n\n<figure class=\"wp-block-image\"><img loading=\"lazy\" decoding=\"async\" width=\"1011\" height=\"555\" src=\"https:\/\/materlivres.org\/wp-content\/uploads\/2021\/04\/carte00.jpg\" alt=\"\" class=\"wp-image-2334\" srcset=\"https:\/\/materlivres.org\/wp-content\/uploads\/2021\/04\/carte00.jpg 1011w, https:\/\/materlivres.org\/wp-content\/uploads\/2021\/04\/carte00-300x165.jpg 300w, https:\/\/materlivres.org\/wp-content\/uploads\/2021\/04\/carte00-768x422.jpg 768w, https:\/\/materlivres.org\/wp-content\/uploads\/2021\/04\/carte00-600x329.jpg 600w\" sizes=\"(max-width: 706px) 89vw, (max-width: 767px) 82vw, 740px\" \/><\/figure>\n\n\n\n<ol><li>DOUGE  Emmanuelle   <strong>GS<\/strong> <br> College francais Bilingue de Londres <br> Angleterre (Royaume-Uni)   <\/li><li> Monsec  Fabienne    <strong>MS \/ GS<\/strong> <br> Lyc\u00e9e fran\u00e7ais  <br> Madrid    (Espagne )<\/li><li>  Guyot-Hiolet   chantal   <strong>PS<\/strong> <br>  \u00eele aux enfants  <br> St pierre et miquelon  ( France)<\/li><li> Lenormand et Urtizb\u00e9r\u00e9a   Clotilde et Myl\u00e8ne   <strong>PS<\/strong> <br>   \u00eele aux enfants <br>  St pierre et miquelon  ( France) <\/li><li> Remirez   Amaya   <strong>GS <\/strong><br> Lyc\u00e9e Fran\u00e7ais <br>Madrid  (Espagne ) <\/li><li> Szymakowski   Sandrine  <strong>GS<\/strong> <br> Lyc\u00e9e fran\u00e7ais  <br> Madrid    (Espagne )  <\/li><li> Drake   Virginie   <strong>GS<\/strong> <br>   \u00eele aux enfants <br>  St pierre et miquelon  ( France)   <\/li><li> Podevin   Sandrine  <strong>GS\/ CP<\/strong> <br> Ecole primaire Cl\u00e9ment D\u00e9sir\u00e9 F\u00e9rard<br> Saint Aubin D&#8217;Arquenay  (France) <\/li><li>   Pierre  Gilles  <strong>MS \/ GS<\/strong> <br>Pablo Neruda<br>Audrieu (France)    <\/li><li> Breimeyer   Christelle  <strong>GS\/ CP<\/strong> <br> Ecole Franco-Australienne de Melbourne  <br> Melbourne   (Australie)<\/li><li>Moreau Nathalie   <strong>MS<\/strong> <br> lyc\u00e9e Chateaubriand<br>Rome ( Italie) <\/li><li> Rivoallan Karine <strong>MS \/ GS<\/strong><br> Lyc\u00e9e fran\u00e7ais de Madrid<br>Madrid (Espagne)<\/li><li>  Bouhours  Marl\u00e8ne <strong>MS<\/strong><br>  Lyc\u00e9e fran\u00e7ais de Madrid<br>Madrid (Espagne) <\/li><li> Lager Fanny  <strong>MS \/ GS<\/strong> <br> Ecole fran\u00e7aise Jules Verne<br> Helsinki (Finlande)<\/li><li>  Renaudin Marilyn  <strong>GS<\/strong> <br> Ile aux enfants <br> Saint-Pierre et Miquelon ( France )  <\/li><li> Ghariani Matthieu  <strong>GS\/ CP<\/strong> <br> Ecole Ren\u00e9 Goscinny<br> Varsovie (Pologne) <\/li><li> Falcioni Elodie  <strong>PS<\/strong>  <br> Lyc\u00e9e fran\u00e7ais Alexandre Yersin<br>Hanoi (Vietnam) <\/li><li> Floret Aline  <strong>GS<\/strong> <br> Ecole Franco Chypriote de Nicosie<br>  NICOSIE (Chypre) <\/li><li>   Mtsounga Lalanirina  <strong>MS\/GS<\/strong><br> Ecole Primaire Fran\u00e7aise Jules Verne<br> Antsirabe  (Madagascar)<\/li><li> Rakotomalala Sandrah  <strong>PS <\/strong><br> Ecole Primaire Fran\u00e7aise Jules Verne<br> Antsirabe (Madagascar)<\/li><li> RAZAKANIRINA Perle <strong>MS<\/strong><br>  Ecole Primaire Fran\u00e7aise Jules Verne<br> Ville: Antsirabe<br> Pays: MADAGASCAR <\/li><li> Aurianne Brandely <strong>CP<\/strong><br>   Ecole Franco-Australienne de Melbourne  <br> Melbourne   (Australie) <\/li><li>Jouanneau Martin<strong> GS<\/strong><br>Ecole fran\u00e7aise de T\u00e9h\u00e9ran<br>T\u00e9h\u00e9ran (Iran)<\/li><li>  Kariminejad Somayeh <strong>GS<\/strong><br> Ecole fran\u00e7aise de T\u00e9h\u00e9ran<br>T\u00e9h\u00e9ran (Iran) <\/li><\/ol>\n\n\n\n<p><\/p>\n\n\n\n<p><\/p>\n","protected":false},"excerpt":{"rendered":"<p>Qui sommes-nous? version anim\u00e9e DOUGE Emmanuelle GS College francais Bilingue de Londres Angleterre (Royaume-Uni) Monsec Fabienne MS \/ GS Lyc\u00e9e fran\u00e7ais Madrid (Espagne ) Guyot-Hiolet chantal PS \u00eele aux enfants St pierre et miquelon ( France) Lenormand et Urtizb\u00e9r\u00e9a Clotilde et Myl\u00e8ne PS \u00eele aux enfants St pierre et miquelon ( France) Remirez Amaya GS &hellip; <\/p>\n<p class=\"link-more\"><a href=\"https:\/\/materlivres.org\/?page_id=2242\" class=\"more-link\">Continuer la lecture<span class=\"screen-reader-text\"> de &laquo;&nbsp;Classes inscrites  24&nbsp;&raquo;<\/span><\/a><\/p>\n","protected":false},"author":2,"featured_media":0,"parent":0,"menu_order":0,"comment_status":"closed","ping_status":"closed","template":"","meta":{"footnotes":""},"_links":{"self":[{"href":"https:\/\/materlivres.org\/index.php?rest_route=\/wp\/v2\/pages\/2242"}],"collection":[{"href":"https:\/\/materlivres.org\/index.php?rest_route=\/wp\/v2\/pages"}],"about":[{"href":"https:\/\/materlivres.org\/index.php?rest_route=\/wp\/v2\/types\/page"}],"author":[{"embeddable":true,"href":"https:\/\/materlivres.org\/index.php?rest_route=\/wp\/v2\/users\/2"}],"replies":[{"embeddable":true,"href":"https:\/\/materlivres.org\/index.php?rest_route=%2Fwp%2Fv2%2Fcomments&post=2242"}],"version-history":[{"count":30,"href":"https:\/\/materlivres.org\/index.php?rest_route=\/wp\/v2\/pages\/2242\/revisions"}],"predecessor-version":[{"id":2370,"href":"https:\/\/materlivres.org\/index.php?rest_route=\/wp\/v2\/pages\/2242\/revisions\/2370"}],"wp:attachment":[{"href":"https:\/\/materlivres.org\/index.php?rest_route=%2Fwp%2Fv2%2Fmedia&parent=2242"}],"curies":[{"name":"wp","href":"https:\/\/api.w.org\/{rel}","templated":true}]}}