{"id":2160,"date":"2020-01-04T15:29:32","date_gmt":"2020-01-04T14:29:32","guid":{"rendered":"http:\/\/materlivres.org\/?page_id=2160"},"modified":"2020-01-04T15:37:33","modified_gmt":"2020-01-04T14:37:33","slug":"les-illustratrices","status":"publish","type":"page","link":"https:\/\/materlivres.org\/?page_id=2160","title":{"rendered":"Les illustratrices :"},"content":{"rendered":"\n<p><strong><a href=\"https:\/\/materlivres.org\/?page_id=2157\">Sandrine Epiard<\/a><\/strong><a href=\"https:\/\/materlivres.org\/?page_id=2157\">  <\/a>pour l&#8217;histoire de Colas le manchot&#8230;<\/p>\n\n\n\n<p><strong> Zoulette and Co <\/strong>r\u00e9alise une petite planche style BD pour la chouette H\u00e9ll\u00e9la&#8230;<\/p>\n","protected":false},"excerpt":{"rendered":"<p>Sandrine Epiard pour l&#8217;histoire de Colas le manchot&#8230; Zoulette and Co r\u00e9alise une petite planche style BD pour la chouette H\u00e9ll\u00e9la&#8230;<\/p>\n","protected":false},"author":2,"featured_media":0,"parent":0,"menu_order":0,"comment_status":"closed","ping_status":"closed","template":"","meta":{"footnotes":""},"_links":{"self":[{"href":"https:\/\/materlivres.org\/index.php?rest_route=\/wp\/v2\/pages\/2160"}],"collection":[{"href":"https:\/\/materlivres.org\/index.php?rest_route=\/wp\/v2\/pages"}],"about":[{"href":"https:\/\/materlivres.org\/index.php?rest_route=\/wp\/v2\/types\/page"}],"author":[{"embeddable":true,"href":"https:\/\/materlivres.org\/index.php?rest_route=\/wp\/v2\/users\/2"}],"replies":[{"embeddable":true,"href":"https:\/\/materlivres.org\/index.php?rest_route=%2Fwp%2Fv2%2Fcomments&post=2160"}],"version-history":[{"count":2,"href":"https:\/\/materlivres.org\/index.php?rest_route=\/wp\/v2\/pages\/2160\/revisions"}],"predecessor-version":[{"id":2166,"href":"https:\/\/materlivres.org\/index.php?rest_route=\/wp\/v2\/pages\/2160\/revisions\/2166"}],"wp:attachment":[{"href":"https:\/\/materlivres.org\/index.php?rest_route=%2Fwp%2Fv2%2Fmedia&parent=2160"}],"curies":[{"name":"wp","href":"https:\/\/api.w.org\/{rel}","templated":true}]}}