{"id":2058,"date":"2019-09-25T18:57:09","date_gmt":"2019-09-25T16:57:09","guid":{"rendered":"http:\/\/materlivres.org\/?page_id=2058"},"modified":"2020-10-31T11:55:02","modified_gmt":"2020-10-31T10:55:02","slug":"modalites-dinterventions","status":"publish","type":"page","link":"https:\/\/materlivres.org\/?page_id=2058","title":{"rendered":"Modalit\u00e9s d&#8217;interventions"},"content":{"rendered":"\n<p><strong>Calendrier : 6-7 semaines  d\u2019interventions<br> <\/strong><\/p>\n\n\n\n<p>du 8 MARS au 24 AVRIL <\/p>\n\n\n\n<div class=\"wp-block-image\"><figure class=\"alignright\"><a href=\"https:\/\/materlivres.org\/wp-content\/uploads\/2018\/08\/monde.jpg\"><img loading=\"lazy\" decoding=\"async\" width=\"300\" height=\"148\" src=\"https:\/\/materlivres.org\/wp-content\/uploads\/2018\/08\/monde-300x148.jpg\" alt=\"\" class=\"wp-image-1383\" srcset=\"https:\/\/materlivres.org\/wp-content\/uploads\/2018\/08\/monde-300x148.jpg 300w, https:\/\/materlivres.org\/wp-content\/uploads\/2018\/08\/monde-600x296.jpg 600w, https:\/\/materlivres.org\/wp-content\/uploads\/2018\/08\/monde.jpg 677w\" sizes=\"(max-width: 300px) 100vw, 300px\" \/><\/a><figcaption>\u00a9 Domaina \/ Wikimedia Commons<\/figcaption><\/figure><\/div>\n\n\n\n<p>\u00ab&nbsp;Matermonde&nbsp;\u00bb proposera aux classes de contribuer au d\u00e9veloppement \nde l\u2019histoire et de mutualiser les illustrations. Ainsi chaque classe \nfera progresser l\u2019histoire en tenant compte des productions pr\u00e9c\u00e9dentes \net r\u00e9alisera deux illustrations sur deux parties \u00e9crites par des autres \nclasses\u2026.<\/p>\n\n\n\n<h1 class=\"wp-block-heading\">Des groupes de 4 Classes ou 5 classes seront r\u00e9alis\u00e9s<\/h1>\n\n\n\n<h2 class=\"wp-block-heading\">Calendrier d\u2019intervention pour des groupes de 4 classes :<\/h2>\n\n\n\n<figure class=\"wp-block-image\"><img loading=\"lazy\" decoding=\"async\" width=\"1048\" height=\"241\" src=\"https:\/\/materlivres.org\/wp-content\/uploads\/2018\/08\/4-classes.jpg\" alt=\"\" class=\"wp-image-1562\" srcset=\"https:\/\/materlivres.org\/wp-content\/uploads\/2018\/08\/4-classes.jpg 1048w, https:\/\/materlivres.org\/wp-content\/uploads\/2018\/08\/4-classes-300x69.jpg 300w, https:\/\/materlivres.org\/wp-content\/uploads\/2018\/08\/4-classes-768x177.jpg 768w, https:\/\/materlivres.org\/wp-content\/uploads\/2018\/08\/4-classes-1024x235.jpg 1024w, https:\/\/materlivres.org\/wp-content\/uploads\/2018\/08\/4-classes-600x138.jpg 600w\" sizes=\"(max-width: 706px) 89vw, (max-width: 767px) 82vw, 740px\" \/><\/figure>\n\n\n\n<p>La premi\u00e8re semaine seule la <strong>classe A<\/strong> \u00e9crit la suite de l\u2019histoire parties 1 et 2.<\/p>\n\n\n\n<p>La deuxi\u00e8me semaine, c\u2019est la <strong>classe B<\/strong> qui continue \u00e0 \u00e9crire \u00e0 &nbsp;la suite de la classe A ( partie 3 et 4 )et simultan\u00e9ment, &nbsp;la&nbsp; <strong>classe C<\/strong> illustre la partie1 et la <strong>classe&nbsp; D<\/strong> la partie 2.<\/p>\n\n\n\n<p>La troisi\u00e8me semaine, la<strong> classe C<\/strong> \u00e9crit les parties 5 et 6 tandis que la <strong>Classe D<\/strong> illustre la partie 3 et la <strong>classe A<\/strong> la partie 4<\/p>\n\n\n\n<p>La quatri\u00e8me semaine, la <strong>classe D<\/strong> \u00e9crit les parties 7 et 8 tandis que la<strong> Classe A<\/strong> illustre la partie 5 et la <strong>classe B<\/strong> la partie 6<\/p>\n\n\n\n<p>La cinqui\u00e8me semaine aucune classe n\u2019\u00e9crit tandis que la <strong>Classe B<\/strong> illustre la partie 7 et la <strong>classe C<\/strong> la partie 8<\/p>\n\n\n\n<h2 class=\"wp-block-heading\">Calendrier d\u2019intervention pour des groupes de 5 classes :<\/h2>\n\n\n\n<figure class=\"wp-block-image\"><img loading=\"lazy\" decoding=\"async\" width=\"1050\" height=\"275\" src=\"https:\/\/materlivres.org\/wp-content\/uploads\/2018\/08\/5-classes.jpg\" alt=\"\" class=\"wp-image-1563\" srcset=\"https:\/\/materlivres.org\/wp-content\/uploads\/2018\/08\/5-classes.jpg 1050w, https:\/\/materlivres.org\/wp-content\/uploads\/2018\/08\/5-classes-300x79.jpg 300w, https:\/\/materlivres.org\/wp-content\/uploads\/2018\/08\/5-classes-768x201.jpg 768w, https:\/\/materlivres.org\/wp-content\/uploads\/2018\/08\/5-classes-1024x268.jpg 1024w, https:\/\/materlivres.org\/wp-content\/uploads\/2018\/08\/5-classes-600x157.jpg 600w\" sizes=\"(max-width: 706px) 89vw, (max-width: 767px) 82vw, 740px\" \/><\/figure>\n\n\n\n<p>La premi\u00e8re semaine seule la <strong>classe A<\/strong> \u00e9crit la suite de l\u2019histoire parties 1 et 2.<\/p>\n\n\n\n<p>La deuxi\u00e8me semaine, c\u2019est la <strong>classe B<\/strong> qui continue \u00e0 \u00e9crire \u00e0 &nbsp;la suite de la classe A ( partie 3 et 4 )et simultan\u00e9ment, &nbsp;la&nbsp; <strong>classe C<\/strong> illustre la partie 1 et la <strong>classe E<\/strong> la partie 2.<\/p>\n\n\n\n<p>La troisi\u00e8me semaine, la<strong> classe C<\/strong> \u00e9crit les parties 5 et 6 tandis que la <strong>Classe D<\/strong> illustre la partie 3 et la <strong>classe A<\/strong> la partie 4<\/p>\n\n\n\n<p>La quatri\u00e8me semaine, la <strong>classe D<\/strong> \u00e9crit les parties 7 et 8 tandis que la <strong>Classe E<\/strong> illustre la partie 5 et la <strong>classe B<\/strong> la partie 6<\/p>\n\n\n\n<p>La cinqui\u00e8me semaine, la<strong> classe E<\/strong> termine l\u2019histoire avec les parties 9 et 10 tandis que la <strong>Classe A<\/strong> illustre la partie 7 et la <strong>classe C<\/strong> la partie 8<\/p>\n\n\n\n<p>La sixi\u00e8me semaine, aucune classe n\u2019\u00e9crit tandis que la <strong>Classe B<\/strong> illustre la partie 9 et la <strong>classe D<\/strong> la partie 10<\/p>\n\n\n\n<p><strong>Le principe<\/strong> :<\/p>\n\n\n\n<p>En utilisant le principe du \u00ab&nbsp;roman baladeur&nbsp;\u00bb, les classes de \nmaternelle sont invit\u00e9es \u00e0 \u00e9crire, par groupe de 4 ou 5 classes, des \nlivres virtuels consultables sur internet. Nous proposons l\u2019amorce de \nl\u2019histoire. Une classe \u00e9crit la suite, en deux partie,&nbsp; puis c\u2019est au \ntour de la seconde de continuer l\u2019histoire pendant qu\u2019une autre classe \nr\u00e9alise l\u2019illustration de la premi\u00e8re partie d\u00e9j\u00e0 \u00e9crite et une seconde \nseconde classe illustre dans le m\u00eame temps&nbsp; la seconde partie d\u00e9j\u00e0 \n\u00e9crite. Le principe sera identique pour les classes suivantes\u2026 Ainsi, \nchaque classe \u00e9crit un \u00e9pisode de l\u2019histoire et r\u00e9alise deux \nillustrations sur des parties \u00e9crites par les autres.<\/p>\n","protected":false},"excerpt":{"rendered":"<p>Calendrier : 6-7 semaines d\u2019interventions du 8 MARS au 24 AVRIL \u00ab&nbsp;Matermonde&nbsp;\u00bb proposera aux classes de contribuer au d\u00e9veloppement de l\u2019histoire et de mutualiser les illustrations. Ainsi chaque classe fera progresser l\u2019histoire en tenant compte des productions pr\u00e9c\u00e9dentes et r\u00e9alisera deux illustrations sur deux parties \u00e9crites par des autres classes\u2026. Des groupes de 4 Classes &hellip; <\/p>\n<p class=\"link-more\"><a href=\"https:\/\/materlivres.org\/?page_id=2058\" class=\"more-link\">Continuer la lecture<span class=\"screen-reader-text\"> de &laquo;&nbsp;Modalit\u00e9s d&#8217;interventions&nbsp;&raquo;<\/span><\/a><\/p>\n","protected":false},"author":2,"featured_media":0,"parent":0,"menu_order":0,"comment_status":"closed","ping_status":"closed","template":"","meta":{"footnotes":""},"_links":{"self":[{"href":"https:\/\/materlivres.org\/index.php?rest_route=\/wp\/v2\/pages\/2058"}],"collection":[{"href":"https:\/\/materlivres.org\/index.php?rest_route=\/wp\/v2\/pages"}],"about":[{"href":"https:\/\/materlivres.org\/index.php?rest_route=\/wp\/v2\/types\/page"}],"author":[{"embeddable":true,"href":"https:\/\/materlivres.org\/index.php?rest_route=\/wp\/v2\/users\/2"}],"replies":[{"embeddable":true,"href":"https:\/\/materlivres.org\/index.php?rest_route=%2Fwp%2Fv2%2Fcomments&post=2058"}],"version-history":[{"count":2,"href":"https:\/\/materlivres.org\/index.php?rest_route=\/wp\/v2\/pages\/2058\/revisions"}],"predecessor-version":[{"id":2240,"href":"https:\/\/materlivres.org\/index.php?rest_route=\/wp\/v2\/pages\/2058\/revisions\/2240"}],"wp:attachment":[{"href":"https:\/\/materlivres.org\/index.php?rest_route=%2Fwp%2Fv2%2Fmedia&parent=2058"}],"curies":[{"name":"wp","href":"https:\/\/api.w.org\/{rel}","templated":true}]}}