{"id":2045,"date":"2019-09-18T10:34:06","date_gmt":"2019-09-18T08:34:06","guid":{"rendered":"http:\/\/materlivres.org\/?page_id=2045"},"modified":"2020-10-30T11:20:15","modified_gmt":"2020-10-30T10:20:15","slug":"calendrier-2020","status":"publish","type":"page","link":"https:\/\/materlivres.org\/?page_id=2045","title":{"rendered":"Calendrier 2021"},"content":{"rendered":"\n<p>Inscriptions :<strong> Jusqu&#8217;au 21 f\u00e9vrier 2021<\/strong><\/p>\n\n\n\n<p><strong>Du 21 f\u00e9vrier au 7 mars<\/strong><\/p>\n\n\n\n<ul><li>Constitution des groupes et transmission des modalit\u00e9s de publication<\/li><li> R\u00e9alisation des espaces de publication et obtentions des liens et mots de passe<\/li><li>V\u00e9rifications des Adresses mail de contact <\/li><\/ul>\n\n\n\n<p><\/p>\n\n\n\n<p><strong>Du 8 mars au 23 avril<\/strong><\/p>\n\n\n\n<p>Intervention des classes<\/p>\n\n\n\n<figure class=\"wp-block-image\"><img loading=\"lazy\" decoding=\"async\" width=\"1024\" height=\"586\" src=\"https:\/\/materlivres.org\/wp-content\/uploads\/2020\/10\/calendrier-1024x586.jpg\" alt=\"calendrier 2021\" class=\"wp-image-2232\" srcset=\"https:\/\/materlivres.org\/wp-content\/uploads\/2020\/10\/calendrier-1024x586.jpg 1024w, https:\/\/materlivres.org\/wp-content\/uploads\/2020\/10\/calendrier-300x172.jpg 300w, https:\/\/materlivres.org\/wp-content\/uploads\/2020\/10\/calendrier-768x440.jpg 768w, https:\/\/materlivres.org\/wp-content\/uploads\/2020\/10\/calendrier-600x343.jpg 600w, https:\/\/materlivres.org\/wp-content\/uploads\/2020\/10\/calendrier.jpg 1146w\" sizes=\"(max-width: 706px) 89vw, (max-width: 767px) 82vw, 740px\" \/><\/figure>\n\n\n\n<p><strong>A partir du 24 avril<\/strong><\/p>\n\n\n\n<p>Finalisation et publication des productions termin\u00e9es.<\/p>\n","protected":false},"excerpt":{"rendered":"<p>Inscriptions : Jusqu&#8217;au 21 f\u00e9vrier 2021 Du 21 f\u00e9vrier au 7 mars Constitution des groupes et transmission des modalit\u00e9s de publication R\u00e9alisation des espaces de publication et obtentions des liens et mots de passe V\u00e9rifications des Adresses mail de contact Du 8 mars au 23 avril Intervention des classes A partir du 24 avril Finalisation &hellip; <\/p>\n<p class=\"link-more\"><a href=\"https:\/\/materlivres.org\/?page_id=2045\" class=\"more-link\">Continuer la lecture<span class=\"screen-reader-text\"> de &laquo;&nbsp;Calendrier 2021&nbsp;&raquo;<\/span><\/a><\/p>\n","protected":false},"author":2,"featured_media":0,"parent":0,"menu_order":0,"comment_status":"closed","ping_status":"closed","template":"","meta":{"footnotes":""},"_links":{"self":[{"href":"https:\/\/materlivres.org\/index.php?rest_route=\/wp\/v2\/pages\/2045"}],"collection":[{"href":"https:\/\/materlivres.org\/index.php?rest_route=\/wp\/v2\/pages"}],"about":[{"href":"https:\/\/materlivres.org\/index.php?rest_route=\/wp\/v2\/types\/page"}],"author":[{"embeddable":true,"href":"https:\/\/materlivres.org\/index.php?rest_route=\/wp\/v2\/users\/2"}],"replies":[{"embeddable":true,"href":"https:\/\/materlivres.org\/index.php?rest_route=%2Fwp%2Fv2%2Fcomments&post=2045"}],"version-history":[{"count":9,"href":"https:\/\/materlivres.org\/index.php?rest_route=\/wp\/v2\/pages\/2045\/revisions"}],"predecessor-version":[{"id":2233,"href":"https:\/\/materlivres.org\/index.php?rest_route=\/wp\/v2\/pages\/2045\/revisions\/2233"}],"wp:attachment":[{"href":"https:\/\/materlivres.org\/index.php?rest_route=%2Fwp%2Fv2%2Fmedia&parent=2045"}],"curies":[{"name":"wp","href":"https:\/\/api.w.org\/{rel}","templated":true}]}}