{"id":2006,"date":"2019-06-10T17:53:26","date_gmt":"2019-06-10T15:53:26","guid":{"rendered":"http:\/\/materlivres.org\/?page_id=2006"},"modified":"2019-10-02T23:19:05","modified_gmt":"2019-10-02T21:19:05","slug":"les-lutins-ecrivain","status":"publish","type":"page","link":"https:\/\/materlivres.org\/?page_id=2006","title":{"rendered":"Les lutins \u00e9crivain"},"content":{"rendered":"\n<p>M@terlivres accueille les productions d&#8217;une association partenaire ayant mis un terme \u00e0 son activit\u00e9, afin de conserver une trace des superbes r\u00e9alisations des enfants&#8230; <\/p>\n\n\n\n<ul><li>Les vikings<\/li><li><a href=\"https:\/\/materlivres.org\/?p=1659\">Nils Holgersson<\/a><\/li><li><a href=\"https:\/\/materlivres.org\/?p=1646\">Changements climatiques<\/a><\/li><li><a href=\"https:\/\/materlivres.org\/?p=1642\"> biblioth\u00e8que  <\/a><\/li><\/ul>\n\n\n\n<p><\/p>\n","protected":false},"excerpt":{"rendered":"<p>M@terlivres accueille les productions d&#8217;une association partenaire ayant mis un terme \u00e0 son activit\u00e9, afin de conserver une trace des superbes r\u00e9alisations des enfants&#8230; Les vikings Nils Holgersson Changements climatiques biblioth\u00e8que<\/p>\n","protected":false},"author":2,"featured_media":0,"parent":0,"menu_order":0,"comment_status":"closed","ping_status":"closed","template":"","meta":{"footnotes":""},"_links":{"self":[{"href":"https:\/\/materlivres.org\/index.php?rest_route=\/wp\/v2\/pages\/2006"}],"collection":[{"href":"https:\/\/materlivres.org\/index.php?rest_route=\/wp\/v2\/pages"}],"about":[{"href":"https:\/\/materlivres.org\/index.php?rest_route=\/wp\/v2\/types\/page"}],"author":[{"embeddable":true,"href":"https:\/\/materlivres.org\/index.php?rest_route=\/wp\/v2\/users\/2"}],"replies":[{"embeddable":true,"href":"https:\/\/materlivres.org\/index.php?rest_route=%2Fwp%2Fv2%2Fcomments&post=2006"}],"version-history":[{"count":5,"href":"https:\/\/materlivres.org\/index.php?rest_route=\/wp\/v2\/pages\/2006\/revisions"}],"predecessor-version":[{"id":2068,"href":"https:\/\/materlivres.org\/index.php?rest_route=\/wp\/v2\/pages\/2006\/revisions\/2068"}],"wp:attachment":[{"href":"https:\/\/materlivres.org\/index.php?rest_route=%2Fwp%2Fv2%2Fmedia&parent=2006"}],"curies":[{"name":"wp","href":"https:\/\/api.w.org\/{rel}","templated":true}]}}