{"id":1670,"date":"2019-03-09T16:12:01","date_gmt":"2019-03-09T15:12:01","guid":{"rendered":"http:\/\/materlivres.org\/?page_id=1670"},"modified":"2019-06-24T20:52:08","modified_gmt":"2019-06-24T18:52:08","slug":"les-histoires","status":"publish","type":"page","link":"https:\/\/materlivres.org\/?page_id=1670","title":{"rendered":"Les histoires 2019"},"content":{"rendered":"<h1>TURALO LE LAPIN :<\/h1>\n<p><strong>Groupe 1<\/strong> :<a href=\"https:\/\/fr.calameo.com\/read\/005889085e35e0e935ba1\"> Version anim\u00e9e<\/a> \/ <a href=\"https:\/\/docs.google.com\/presentation\/d\/13k1vA1Rhxf2WpMOGazfZvLSfeeuhJzeXqGo7WcesI40\/present?token=AC4w5Vj_bhpMQ5grD9MCsaYhNWhMpOx6jQ%3A1553081811377&amp;includes_info_params=1&amp;eisi=CJmNs83QkOECFchVSgod6jABFA#slide=id.g34b15903e0_0_16\">version pr\u00e9sentation \/<\/a> <a href=\"https:\/\/materlivres.org\/wp-content\/uploads\/2019\/04\/1er-Groupe-.pdf\">Version t\u00e9l\u00e9chargeable<\/a><\/p>\n<p><strong>Groupe 2<\/strong> : <a href=\"https:\/\/www.calameo.com\/read\/00588908585f6acfd9656\">Version anim\u00e9e<\/a> \/ <a href=\"https:\/\/docs.google.com\/presentation\/d\/1YwkPYv64nl2gKXyjwmZK7ZxOYK7bcXkQiS3FWj0bGZQ\/present?token=AC4w5VigwGad9B7gPHnrUfoza1q9k-znqQ%3A1554038521925&amp;includes_info_params=1&amp;eisi=CLHsxNC8rOECFQtIVAodsHsAtg#slide=id.g34b15903e0_0_16\">Version pr\u00e9sentation <\/a><a href=\"https:\/\/materlivres.org\/wp-content\/uploads\/2019\/04\/2\u00e8me-Groupe-Turalo.pdf\">\/ Version t\u00e9l\u00e9chargeable<\/a><\/p>\n<p><strong> Groupe 3<\/strong> : <a href=\"https:\/\/www.calameo.com\/read\/005889085d3c20c9a247d\">Version anim\u00e9e<\/a> \/ <a href=\"https:\/\/docs.google.com\/presentation\/d\/1tE-MMKkqMJu0Q96z590I3Qcm_N-TtiLf33kAQnK8xiw\/present?token=AC4w5VhrGA9rCy1iAf-aicSDRBrl-3WyVg%3A1552839869422&amp;includes_info_params=1&amp;eisi=CInSvabLieECFUaqJAodTTgJ0g#slide=id.g34b15903e0_0_16\">Version pr\u00e9sentation \/<\/a> <a href=\"https:\/\/materlivres.org\/wp-content\/uploads\/2019\/03\/3\u00e8me-groupe.pdf\">Version imprimabl<\/a>e<\/p>\n<p><strong>Groupe 6<\/strong> : <a href=\"https:\/\/www.calameo.com\/read\/0058890856acf37cf6bd7\">Version anim\u00e9e<\/a> \/ <a href=\"https:\/\/docs.google.com\/presentation\/d\/1_p5m3JJOaLWVNEXQMO4S-bZyEFNR0vSlqPA0MKZ9bJU\/present?token=AC4w5VjUpGbf0v7nmrm224x8Utsx7KY3Ng%3A1553515023641&amp;includes_info_params=1&amp;eisi=CIyGjbmeneECFU6nJAodTv4EIA#slide=id.g34b15903e0_0_16\">Version pr\u00e9sentation <\/a>\/ <a href=\"https:\/\/materlivres.org\/wp-content\/uploads\/2019\/04\/6\u00e8me-groupe.pdf\">Version T\u00e9l\u00e9chargeable<\/a><\/p>\n<h1>DELOU LE DAUPHIN AMOUREUX<\/h1>\n<p><strong>Groupe 4<\/strong> : <a href=\"https:\/\/www.calameo.com\/read\/00588908506af546d83e2\">Version anim\u00e9e<\/a> \/<a href=\"https:\/\/docs.google.com\/presentation\/d\/1DLcAXPPFWp8Ui_Sh_jjebU-ue1cTB5xK9XxXzZ68x70\/present?token=AC4w5Vi_ZO32609Zn-3slA_qyZ9eOcnkGA%3A1552227124613&amp;includes_info_params=1&amp;eisi=CIC__tLg9-ACFQKsNwodf2sNuQ#slide=id.g34b15903e0_0_16\">version pr\u00e9sentation \/ <\/a><a href=\"https:\/\/materlivres.org\/wp-content\/uploads\/2019\/03\/4-\u00e8me-groupe.pdf\">Version t\u00e9l\u00e9chargeable<\/a><\/p>\n<p><strong>Groupe 5<\/strong> : <a href=\"https:\/\/www.calameo.com\/read\/0058890852406f95ea0b2\">Version anim\u00e9e<\/a> \/ <a href=\"https:\/\/docs.google.com\/presentation\/d\/1emh3_DHqBNTpPrteBnqUGq11-7_T41T0yRJa_2hCjxw\/present?token=AC4w5Vhgr3KUsFzLnZfkPdzP_6gle9wq2A%3A1552753717613&amp;includes_info_params=1&amp;eisi=CKGfja6Kh-ECFZRGVAod348JcA#slide=id.g34b15903e0_0_16\">Version pr\u00e9sentation<\/a> \/ <a href=\"https:\/\/materlivres.org\/wp-content\/uploads\/2019\/04\/5-\u00e8me-Groupe-Delou.pdf\">Version imprimable<\/a><\/p>\n<p><strong>Groupe 7<\/strong> : <a href=\"https:\/\/www.calameo.com\/read\/0058890856722ff671d06\">Version anim\u00e9e<\/a> \/ <a href=\"https:\/\/docs.google.com\/presentation\/d\/10kQjWEe6XjBtNbfLk_fykau1ioowwiigqMr9DKpVLWY\/present?token=AC4w5Vgn8o4rofWurhtl24dM0k6mLGWo_Q%3A1552753951600&amp;includes_info_params=1&amp;eisi=CPeo1p2Lh-ECFYYyHwodKPcPIg#slide=id.g34b15903e0_0_16\">Version pr\u00e9sentation\u00a0<\/a> \/ <a href=\"https:\/\/materlivres.org\/wp-content\/uploads\/2019\/03\/7\u00e8me-Groupe-Delou.pdf\">Version t\u00e9l\u00e9chargeable<\/a><\/p>\n<p><strong>Groupe 9<\/strong> :<a href=\"https:\/\/www.calameo.com\/read\/005889085813d4f87b327\"> version anim\u00e9e<\/a> \/ <a href=\"https:\/\/docs.google.com\/presentation\/d\/1_KCdbutlQC3d1Ov19R8DEX57jZgQXaRA70j_LeJeSH4\/present?token=AC4w5ViqYKO-raDdY6AktLAQ9pRFjPXskg%3A1552754188406&amp;includes_info_params=1&amp;eisi=CIbiy46Mh-ECFVaaHwodeVQAOA#slide=id.g34b15903e0_0_16\">Version pr\u00e9sentation <\/a>\/ <a href=\"https:\/\/materlivres.org\/wp-content\/uploads\/2019\/04\/9\u00e8me-groupe-Delou.pdf\">version t\u00e9l\u00e9chargeable<\/a><\/p>\n<h1>Dable la petite fourmi<\/h1>\n<p><img loading=\"lazy\" decoding=\"async\" class=\"size-medium wp-image-1673 alignleft\" src=\"https:\/\/materlivres.org\/wp-content\/uploads\/2019\/03\/Dable2-223x300.jpg\" alt=\"\" width=\"223\" height=\"300\" srcset=\"https:\/\/materlivres.org\/wp-content\/uploads\/2019\/03\/Dable2-223x300.jpg 223w, https:\/\/materlivres.org\/wp-content\/uploads\/2019\/03\/Dable2.jpg 252w\" sizes=\"(max-width: 223px) 100vw, 223px\" \/><\/p>\n<p><strong>Groupe 8<\/strong> : <a href=\"https:\/\/www.calameo.com\/read\/0058890854ba03d4bc65e\">Version anim\u00e9e<\/a> \/ <a href=\"https:\/\/docs.google.com\/presentation\/d\/1IF3pIBc2idXc9l1grI3BrRfzBqS9O0rIPJ0iZClwhSo\/edit?usp=sharing\">Version pr\u00e9sentation<\/a> \/ <a href=\"https:\/\/materlivres.org\/wp-content\/uploads\/2019\/06\/8-\u00e8me-groupe-Dable.pdf\">Version t\u00e9l\u00e9chargeable<\/a><\/p>\n","protected":false},"excerpt":{"rendered":"<p>TURALO LE LAPIN : Groupe 1 : Version anim\u00e9e \/ version pr\u00e9sentation \/ Version t\u00e9l\u00e9chargeable Groupe 2 : Version anim\u00e9e \/ Version pr\u00e9sentation \/ Version t\u00e9l\u00e9chargeable Groupe 3 : Version anim\u00e9e \/ Version pr\u00e9sentation \/ Version imprimable Groupe 6 : Version anim\u00e9e \/ Version pr\u00e9sentation \/ Version T\u00e9l\u00e9chargeable DELOU LE DAUPHIN AMOUREUX Groupe 4 : &hellip; <\/p>\n<p class=\"link-more\"><a href=\"https:\/\/materlivres.org\/?page_id=1670\" class=\"more-link\">Continuer la lecture<span class=\"screen-reader-text\"> de &laquo;&nbsp;Les histoires 2019&nbsp;&raquo;<\/span><\/a><\/p>\n","protected":false},"author":2,"featured_media":0,"parent":0,"menu_order":0,"comment_status":"closed","ping_status":"closed","template":"","meta":{"footnotes":""},"_links":{"self":[{"href":"https:\/\/materlivres.org\/index.php?rest_route=\/wp\/v2\/pages\/1670"}],"collection":[{"href":"https:\/\/materlivres.org\/index.php?rest_route=\/wp\/v2\/pages"}],"about":[{"href":"https:\/\/materlivres.org\/index.php?rest_route=\/wp\/v2\/types\/page"}],"author":[{"embeddable":true,"href":"https:\/\/materlivres.org\/index.php?rest_route=\/wp\/v2\/users\/2"}],"replies":[{"embeddable":true,"href":"https:\/\/materlivres.org\/index.php?rest_route=%2Fwp%2Fv2%2Fcomments&post=1670"}],"version-history":[{"count":65,"href":"https:\/\/materlivres.org\/index.php?rest_route=\/wp\/v2\/pages\/1670\/revisions"}],"predecessor-version":[{"id":2027,"href":"https:\/\/materlivres.org\/index.php?rest_route=\/wp\/v2\/pages\/1670\/revisions\/2027"}],"wp:attachment":[{"href":"https:\/\/materlivres.org\/index.php?rest_route=%2Fwp%2Fv2%2Fmedia&parent=1670"}],"curies":[{"name":"wp","href":"https:\/\/api.w.org\/{rel}","templated":true}]}}