{"id":1584,"date":"2019-02-17T10:18:15","date_gmt":"2019-02-17T09:18:15","guid":{"rendered":"http:\/\/materlivres.org\/?page_id=1584"},"modified":"2019-02-20T00:46:27","modified_gmt":"2019-02-19T23:46:27","slug":"groupes-constitues-2","status":"publish","type":"page","link":"https:\/\/materlivres.org\/?page_id=1584","title":{"rendered":"Groupes constitu\u00e9s (Matermonde)"},"content":{"rendered":"<p><strong><span style=\"color: #339966;\">ATTENTION,<\/span><\/strong> ces groupes peuvent encore \u00e9voluer en fonction des imp\u00e9ratifs de chacun (vacances, classe transplant\u00e9es, stage,etc&#8230;)<\/p>\n<p><span style=\"color: #993366;\"><strong>Groupe 1 =&gt; Turalo le lapin<\/strong><\/span><\/p>\n<p><strong>Pierre\u00a0 Gilles <\/strong>PS MS Audrieu France<br \/>\n<span style=\"color: #339966;\"><strong>Huard H\u00e9l\u00e8ne\u00a0<\/strong> PS MS Ouilly-le-Vicomte France<\/span><br \/>\n<strong>Urtizb\u00e9r\u00e9a Myl\u00e8ne <\/strong>TPS PS Saint-Pierre et Miquelon FRANCE<br \/>\n<span style=\"color: #339966;\"><strong>Jacquet Anne <\/strong>TPS PS Tirana lbanie<\/span><\/p>\n<p><span style=\"color: #993366;\"><strong>Groupe 2 =&gt; Turalo le lapin<br \/>\n<\/strong><\/span><\/p>\n<p><strong>Philippe Bonnemain PS MS AUDRIEU FRANCE<br \/>\n<\/strong><span style=\"color: #339966;\"><strong>Guyot Chanta<\/strong>l\u00a0 PS St PIERRE France<\/span><br \/>\n<span style=\"color: #339966;\"> <strong>Tiphaine Vuagnoux<\/strong>\u00a0 PS MS soumont St Quentin France<\/span><br \/>\n<span style=\"color: #339966;\"><strong>Jaffrezo Arnaud<\/strong>\u00a0 PS MS Tirana Albanie<\/span><\/p>\n<p><strong><span style=\"color: #993366;\">Groupe 3 =&gt; Turalo le lapin\u00a0\u00a0<span style=\"color: #339966;\"> d\u00e9but de l&#8217;intervention 4mars<\/span><\/span><br \/>\n<\/strong><\/p>\n<p><strong>Souchon Anne<\/strong> MS Luxembourg Luxembourg<br \/>\n<strong>\u00a0J\u00e9zquel Marion<\/strong>\u00a0 PS MS Saint Pierre et Miquelon France<br \/>\n<strong>Benadiba Kenza<\/strong> MS Bouskoura Maroc<br \/>\n<strong>Semail Khedidja<\/strong>\u00a0 MS Salmiya Koweit<br \/>\n<strong>Elsa Ricard\u00a0 MS<\/strong> Lusaka Zambie<\/p>\n<p><span style=\"color: #993366;\"><strong>Groupe 4 =&gt; Delou, le dauphin amoureux <span style=\"color: #339966;\">d\u00e9but de l&#8217;intervention 4mars<\/span><br \/>\n<\/strong><\/span><\/p>\n<p><strong>Brault Irina<\/strong> MS Bucarest Roumanie<br \/>\n<strong>Maison Am\u00e9lie<\/strong>\u00a0 AL JABR JUNIOR MS Bouskoura Maroc<br \/>\n<strong>Hericourt Marion<\/strong>\u00a0 MS kenitra Maroc<br \/>\n<strong>Clotilde Lenorman<\/strong>d\u00a0 MS Saint-Pierre et Miquelon France<\/p>\n<p><span style=\"color: #993366;\"><strong>Groupe 5 =&gt; Delou, le dauphin amoureux <span style=\"color: #339966;\">d\u00e9but de l&#8217;intervention 4mars<\/span><br \/>\n<\/strong><\/span><\/p>\n<p><strong>\u00a0Rasoamiaramanana Nalira<\/strong>\u00a0 MS Antananarivo Madagascar<br \/>\n<strong>Grosse No\u00ebmie<\/strong>\u00a0\u00a0 MS BOUSKOURA MAROC<br \/>\n<strong>Beauvarlet Anouck<\/strong>\u00a0 MS Saint Pierre (St Pierre et Miquelon) France<br \/>\n<strong>Fanny LAGER- Ghyslaine PIGNOT &#8211; Kristiina GUILLERMIN<\/strong>\u00a0 PS MS GS Helsinki FINLANDE<\/p>\n<p><span style=\"color: #993366;\"><strong>Groupe 6 =&gt;Turalo le lapin <span style=\"color: #339966;\">d\u00e9but de l&#8217;intervention 4mars<\/span><br \/>\n<\/strong><\/span><\/p>\n<p><span style=\"color: #339966;\"><strong>Racine Julie<\/strong> GS Gatineau Canada<\/span><br \/>\n<span style=\"color: #339966;\"><strong>Zerrouk Mariam<\/strong> GS Ville Verte Bouskoura Maroc<\/span><br \/>\n<strong>Ozlem TUGLU<\/strong> GS Istanbul Turquie<br \/>\n<strong>Charlotte Mbacke<\/strong>\u00a0 GS Muharraq Bahrein<\/p>\n<p><span style=\"color: #993366;\"><strong>Groupe 7 =&gt; <span style=\"color: #339966;\">Delou le dauphin<\/span><br \/>\n<\/strong><\/span><\/p>\n<p><strong>Gaelle Rots-Daigremont<\/strong> GS Audrieu France<br \/>\n<strong>Djabali Sonia<\/strong> GS BOUSKOURA MAROC<br \/>\n<strong>Chahdi Fatima Zohra<\/strong>\u00a0 GS K\u00e9nitra Maroc<br \/>\n<strong>Jarry V\u00e9ronique<\/strong>\u00a0 GS Koweit Koweit<\/p>\n<p><span style=\"color: #993366;\"><strong>Groupe 8 =&gt; Dable la petite fourmi <span style=\"color: #339966;\">d\u00e9but de l&#8217;intervention 4mars<\/span><br \/>\n<\/strong><\/span><\/p>\n<p><strong>Bachir Ghita<\/strong>\u00a0 MS GS K\u00e9nitra Maroc<br \/>\n<strong>Victorin Sabrina<\/strong> GS Tirana Albanie<br \/>\n<strong>Monsec Fabienne<\/strong> MS GS Madrid Espagne<br \/>\n<strong>ALGRAIN Anouk<\/strong>\u00a0 MS GS Chennai Inde<\/p>\n<p><span style=\"color: #993366;\"><strong>Groupe 9 =&gt; Delou, le dauphin amoureux <span style=\"color: #339966;\">d\u00e9but de l&#8217;intervention 4mars<\/span><br \/>\n<\/strong><\/span><\/p>\n<p><strong>\u00a0Johanna Faidherbe<\/strong>\u00a0 GS Salmiya Koweit<br \/>\n<strong>Renaudin Marylin<\/strong> GS Saint-Pierre France<br \/>\n<strong>Ana Alves et Yosel Calidonio<\/strong> GS Tegucigalpa Honduras<br \/>\n<strong>Theeten Patricia<\/strong> GS Bouskoura Maroc<\/p>\n<p>&nbsp;<\/p>\n<p>&nbsp;<\/p>\n<p>&nbsp;<\/p>\n","protected":false},"excerpt":{"rendered":"<p>ATTENTION, ces groupes peuvent encore \u00e9voluer en fonction des imp\u00e9ratifs de chacun (vacances, classe transplant\u00e9es, stage,etc&#8230;) Groupe 1 =&gt; Turalo le lapin Pierre\u00a0 Gilles PS MS Audrieu France Huard H\u00e9l\u00e8ne\u00a0 PS MS Ouilly-le-Vicomte France Urtizb\u00e9r\u00e9a Myl\u00e8ne TPS PS Saint-Pierre et Miquelon FRANCE Jacquet Anne TPS PS Tirana lbanie Groupe 2 =&gt; Turalo le lapin Philippe &hellip; <\/p>\n<p class=\"link-more\"><a href=\"https:\/\/materlivres.org\/?page_id=1584\" class=\"more-link\">Continuer la lecture<span class=\"screen-reader-text\"> de &laquo;&nbsp;Groupes constitu\u00e9s (Matermonde)&nbsp;&raquo;<\/span><\/a><\/p>\n","protected":false},"author":2,"featured_media":0,"parent":0,"menu_order":0,"comment_status":"closed","ping_status":"closed","template":"","meta":{"footnotes":""},"_links":{"self":[{"href":"https:\/\/materlivres.org\/index.php?rest_route=\/wp\/v2\/pages\/1584"}],"collection":[{"href":"https:\/\/materlivres.org\/index.php?rest_route=\/wp\/v2\/pages"}],"about":[{"href":"https:\/\/materlivres.org\/index.php?rest_route=\/wp\/v2\/types\/page"}],"author":[{"embeddable":true,"href":"https:\/\/materlivres.org\/index.php?rest_route=\/wp\/v2\/users\/2"}],"replies":[{"embeddable":true,"href":"https:\/\/materlivres.org\/index.php?rest_route=%2Fwp%2Fv2%2Fcomments&post=1584"}],"version-history":[{"count":18,"href":"https:\/\/materlivres.org\/index.php?rest_route=\/wp\/v2\/pages\/1584\/revisions"}],"predecessor-version":[{"id":1586,"href":"https:\/\/materlivres.org\/index.php?rest_route=\/wp\/v2\/pages\/1584\/revisions\/1586"}],"wp:attachment":[{"href":"https:\/\/materlivres.org\/index.php?rest_route=%2Fwp%2Fv2%2Fmedia&parent=1584"}],"curies":[{"name":"wp","href":"https:\/\/api.w.org\/{rel}","templated":true}]}}