{"id":1462,"date":"2018-11-04T11:35:53","date_gmt":"2018-11-04T10:35:53","guid":{"rendered":"http:\/\/materlivres.org\/?page_id=1462"},"modified":"2019-03-12T17:37:40","modified_gmt":"2019-03-12T16:37:40","slug":"classes-inscrites-2","status":"publish","type":"page","link":"https:\/\/materlivres.org\/?page_id=1462","title":{"rendered":"Classes inscrites"},"content":{"rendered":"<p><strong><img loading=\"lazy\" decoding=\"async\" class=\"alignnone wp-image-1574 size-full\" src=\"https:\/\/materlivres.org\/wp-content\/uploads\/2018\/11\/carte14.jpg\" alt=\"\" width=\"1011\" height=\"555\" srcset=\"https:\/\/materlivres.org\/wp-content\/uploads\/2018\/11\/carte14.jpg 1011w, https:\/\/materlivres.org\/wp-content\/uploads\/2018\/11\/carte14-300x165.jpg 300w, https:\/\/materlivres.org\/wp-content\/uploads\/2018\/11\/carte14-768x422.jpg 768w, https:\/\/materlivres.org\/wp-content\/uploads\/2018\/11\/carte14-600x329.jpg 600w\" sizes=\"(max-width: 706px) 89vw, (max-width: 767px) 82vw, 740px\" \/><\/strong><\/p>\n<p><a href=\"https:\/\/docs.google.com\/presentation\/d\/1V8ZIeHVbqWYYImB2ltnqYQOCP0Ez3YtOQ8v1ta79Yds\/present?token=AC4w5ViRVf1o0xMZxrBEujIJ9DnCLrmt7Q%3A1552408529409&amp;includes_info_params=1&amp;eisi=CK_IxLeE_eACFUO3ygod0UoIsg#slide=id.g3326c8d371_0_0\"><strong>La pr\u00e9sentation des classes <\/strong><strong> :<\/strong><\/a><\/p>\n<div class=\"form-item webform-component webform-component-display webform-component--nom-de-l-coleecole\"><strong>1 ) Philippe Bonnemains<\/strong><\/div>\n<div class=\"form-item webform-component webform-component-display webform-component--nom-de-l-coleecole\">Ecole maternelle PABLO NERUDA<\/div>\n<div class=\"form-item webform-component webform-component-display webform-component--nouveau-champ-boutons-radio-\">\u00a0PS \/\u00a0 MS\u00a0Audrieu (France)<\/div>\n<div>\n<div class=\"form-item webform-component webform-component-display webform-component--nom-de-l-coleecole\"><strong>2 ) Gilles PIERRE<\/strong><\/div>\n<div class=\"form-item webform-component webform-component-display webform-component--nom-de-l-coleecole\">Ecole maternelle PABLO NERUDA<\/div>\n<div class=\"form-item webform-component webform-component-display webform-component--nouveau-champ-boutons-radio-\">\u00a0PS \/\u00a0 MS\u00a0Audrieu (France)<\/div>\n<\/div>\n<div>\n<p><strong>3 ) Charlotte Mbacke<\/strong><br \/>\nMlf Bahrain<br \/>\nGS Muharraq ( Bahrein )<br \/>\n<strong>4) Gaelle Rot-Daigremont<\/strong><br \/>\nEcole maternelle PABLO NERUDA<br \/>\nGS\u00a0Audrieu (France)<br \/>\n<strong>5) Anouk Algrain<\/strong><br \/>\nEFIS Sishya<br \/>\nMS\/GS Chennai (Inde)<br \/>\n<strong>6) Ana Alves et Yosel Calidonio<\/strong><br \/>\nLyc\u00e9e franco-hondurien<br \/>\nGS Tegucigalpa ( Honduras )<br \/>\n<strong>7) Elsa Ricard<\/strong><br \/>\n\u00c9cole fran\u00e7aise de Lusaka<br \/>\nMS lusaka (Zambie)<br \/>\n<strong>8) H\u00e9l\u00e8ne Huard<\/strong><br \/>\nPS MS Ouilly-le-Vicomte<br \/>\n<strong>9) Souchon Anne<\/strong><br \/>\nLyc\u00e9e et \u00e9cole Vauban<br \/>\nMS Luxembourg (Luxembourg)<br \/>\n<strong>10) Rasoamiaramanana Nalira<\/strong><br \/>\nColl\u00e8ge de France<br \/>\nMS Antananarivo (Madagascar)<br \/>\n<strong>11) Clotilde Lenormand<\/strong><br \/>\nEcole maternelle \u00eele aux enfants<br \/>\nMS St Pierre et Miquelon France<br \/>\n<strong>12) Anouk Beauvarlet<\/strong><br \/>\nEcole maternelle \u00eele aux enfants<br \/>\nMS St Pierre et Miquelon France<br \/>\n<strong>13) Am\u00e9lie Maison<\/strong><br \/>\n<span class=\"im\">AL JABR JUNIOR<\/span><br \/>\nMS Bouskoura (Maroc)<br \/>\n<strong>14) Sonia Djabali<\/strong><br \/>\n<span class=\"im\">AL JABR JUNIOR<\/span><br \/>\nGS Bouskoura (Maroc)<br \/>\n<strong>15) Benadiba Kenza<\/strong><br \/>\n<span class=\"im\">AL JABR JUNIOR<\/span><br \/>\nMS Bouskoura (Maroc)<br \/>\n<strong>16) No\u00ebmie Grosse<\/strong><br \/>\n<span class=\"im\">AL JABR JUNIOR<\/span><br \/>\nMS Bouskoura (Maroc)<br \/>\n<strong>17) Paticia Theeten<\/strong><br \/>\n<span class=\"im\">AL JABR JUNIOR<\/span><br \/>\nMS Bouskoura (Maroc)<br \/>\n<strong>18) GUYOT HIOLET CHANTAL<\/strong><br \/>\nEcole maternelle \u00eele aux enfants<br \/>\nPS St Pierre et Miquelon (France)<br \/>\n<strong>19) URTIZBEREA Myl\u00e8ne<\/strong><br \/>\nEcole maternelle \u00eele aux enfants<br \/>\nTPS\/PS \u00a0 St Pierre et Miquelon (France)<br \/>\n<strong>20) JEZEQUEL Marion<\/strong><br \/>\nEcole maternelle \u00eele aux enfants<br \/>\nPS\/MS \u00a0 St Pierre et Miquelon (France)<br \/>\n<strong>21) Jarry V\u00e9ronique<\/strong><br \/>\nlyc\u00e9e fran\u00e7ais de Koweit<br \/>\nGS Koweit (Koweit)<br \/>\n<strong>22) BRAULT Irina<\/strong><br \/>\nLyc\u00e9e Fran\u00e7ais Anna de Noailles<br \/>\nMS\u00a0\u00a0 BUCAREST( Roumanie)<br \/>\n<strong>23) Hericourt Marion<\/strong><br \/>\nGroupe scolaire Honor\u00e9 de Balzac<br \/>\nMS\u00a0 Kenitra (Maroc)<span class=\"im\"><br \/>\n<strong>24) Semail Khedidja<\/strong><br \/>\nLyc\u00e9e Fran\u00e7ais de Kowe\u00eft<br \/>\nMS\u00a0\u00a0 Salmiya\u00a0\u00a0 ( Koweit)<br \/>\n<strong>25) Ozlem TUGLU<\/strong><br \/>\nLyc\u00e9e fran\u00e7ais Pierre Loti d&#8217;Istanbul<br \/>\nGS\u00a0\u00a0 Istanbul\u00a0 (Turquie)<br \/>\n<strong>26) Renaudin Marilyn<\/strong><br \/>\nEcole maternelle \u00eele aux enfants<br \/>\nGS St Pierre et Miquelon (France)<br \/>\n<strong>27) Bachir Ghita<\/strong><br \/>\n<\/span>GSU Balzac Niveau de classe: MS GS<br \/>\nK\u00e9nitra (Maroc)<br \/>\n<strong>28) Racine Julie<\/strong><br \/>\n\u00c9cole du Cheval-Blanc<br \/>\nGatineau (Canada)<br \/>\n<strong>29) Monsec Fabienne<\/strong><br \/>\nLyc\u00e9e fran\u00e7ais de Madrid<br \/>\nMS GS\u00a0 Madrid\u00a0 (Espagne)<br \/>\n<strong>30) JAFFREZO Arnaud<\/strong><br \/>\nEcole Fran\u00e7aise Internationale de Tirana<br \/>\nPS MS\u00a0 Tirana\u00a0 (Albanie)<br \/>\n<strong>31) JACQUET Anne<\/strong><br \/>\nEcole Fran\u00e7aise Internationale de Tirana<br \/>\nTPS PS\u00a0 Tirana\u00a0 (Albanie)<br \/>\n<strong>32) VICTORIN Sabrina<\/strong><br \/>\nEcole Fran\u00e7aise Internationale de Tirana<br \/>\nGS\u00a0 Tirana\u00a0 (Albanie)<br \/>\n<strong>33)\u00a0Johanna Faidherbe<\/strong><br \/>\nLyc\u00e9e Fran\u00e7ais de Koweit<br \/>\nGS\u00a0\u00a0 Salmiya\u00a0 Koweit<br \/>\n<strong>34) Tiphaine VUAGNOU<\/strong><br \/>\nEcole de Soumont St Quentin<br \/>\nPS MS Soumont St Quentin (France)<br \/>\n<strong>35) ZERROUK Mariam<\/strong><br \/>\nAl Jabr Junior<br \/>\nGS\u00a0 Bouskoura (Maroc)<br \/>\n<strong>36) Fanny LAGER- Ghyslaine PIGNOT &#8211; Kristiina GUILLERMIN<\/strong><br \/>\nEcole Fran\u00e7aise Jules Verne<br \/>\nPS MS GS<br \/>\nHelsinki ( Finlande)<br \/>\n<strong>37) CHAHDI Fatima Zohra<\/strong><br \/>\nGSU Balzac<br \/>\nGS K\u00e9nitra ( Maroc )<\/p>\n<p>&nbsp;<\/p>\n<p>&nbsp;<\/p>\n<p>&nbsp;<\/p>\n<p>&nbsp;<\/p>\n<p>&nbsp;<\/p>\n<\/div>\n","protected":false},"excerpt":{"rendered":"<p>La pr\u00e9sentation des classes : 1 ) Philippe Bonnemains Ecole maternelle PABLO NERUDA \u00a0PS \/\u00a0 MS\u00a0Audrieu (France) 2 ) Gilles PIERRE Ecole maternelle PABLO NERUDA \u00a0PS \/\u00a0 MS\u00a0Audrieu (France) 3 ) Charlotte Mbacke Mlf Bahrain GS Muharraq ( Bahrein ) 4) Gaelle Rot-Daigremont Ecole maternelle PABLO NERUDA GS\u00a0Audrieu (France) 5) Anouk Algrain EFIS Sishya MS\/GS &hellip; <\/p>\n<p class=\"link-more\"><a href=\"https:\/\/materlivres.org\/?page_id=1462\" class=\"more-link\">Continuer la lecture<span class=\"screen-reader-text\"> de &laquo;&nbsp;Classes inscrites&nbsp;&raquo;<\/span><\/a><\/p>\n","protected":false},"author":2,"featured_media":0,"parent":0,"menu_order":0,"comment_status":"closed","ping_status":"closed","template":"","meta":{"footnotes":""},"_links":{"self":[{"href":"https:\/\/materlivres.org\/index.php?rest_route=\/wp\/v2\/pages\/1462"}],"collection":[{"href":"https:\/\/materlivres.org\/index.php?rest_route=\/wp\/v2\/pages"}],"about":[{"href":"https:\/\/materlivres.org\/index.php?rest_route=\/wp\/v2\/types\/page"}],"author":[{"embeddable":true,"href":"https:\/\/materlivres.org\/index.php?rest_route=\/wp\/v2\/users\/2"}],"replies":[{"embeddable":true,"href":"https:\/\/materlivres.org\/index.php?rest_route=%2Fwp%2Fv2%2Fcomments&post=1462"}],"version-history":[{"count":45,"href":"https:\/\/materlivres.org\/index.php?rest_route=\/wp\/v2\/pages\/1462\/revisions"}],"predecessor-version":[{"id":1694,"href":"https:\/\/materlivres.org\/index.php?rest_route=\/wp\/v2\/pages\/1462\/revisions\/1694"}],"wp:attachment":[{"href":"https:\/\/materlivres.org\/index.php?rest_route=%2Fwp%2Fv2%2Fmedia&parent=1462"}],"curies":[{"name":"wp","href":"https:\/\/api.w.org\/{rel}","templated":true}]}}