{"id":1452,"date":"2018-10-19T12:08:42","date_gmt":"2018-10-19T10:08:42","guid":{"rendered":"http:\/\/materlivres.org\/?page_id=1452"},"modified":"2018-10-19T12:14:48","modified_gmt":"2018-10-19T10:14:48","slug":"auriane-laenger","status":"publish","type":"page","link":"https:\/\/materlivres.org\/?page_id=1452","title":{"rendered":"Auriane Laenger"},"content":{"rendered":"<p class=\"font_8\">\u00a0\u00a0\u00a0\u00a0 N\u00e9e un soir de pleine lune,<a href=\"http:\/\/laengerauriane.wixsite.com\/auriane-laenger\"> Auriane<\/a> a toujours regard\u00e9 les \u00e9toiles.<\/p>\n<p class=\"font_8\">Depuis toujours, elle cherche \u00e0 transmettre (son amour des lapins et) un peu de sa magie au monde.<img loading=\"lazy\" decoding=\"async\" class=\"size-medium wp-image-1456 alignright\" src=\"https:\/\/materlivres.org\/wp-content\/uploads\/2018\/10\/5-290x300.jpg\" alt=\"\" width=\"290\" height=\"300\" srcset=\"https:\/\/materlivres.org\/wp-content\/uploads\/2018\/10\/5-290x300.jpg 290w, https:\/\/materlivres.org\/wp-content\/uploads\/2018\/10\/5.jpg 533w\" sizes=\"(max-width: 290px) 100vw, 290px\" \/><\/p>\n<p class=\"font_8\">Jeune, elle \u00e9prouve d\u00e9j\u00e0 une affinit\u00e9 pour l\u2019art, et s\u2019int\u00e9resse \u00e0 la musique, la photographie et le dessin.<br \/>\nD\u00e9cidant de poursuivre dans cette voie, Auriane \u00e9tudie les techniques de dessins\u00a0 traditionnels et num\u00e9riques \u00e0 l\u2019\u00e9cole Pivaut. (Toujours en compagnie de son fid\u00e8le lapin &#8211; que vous pourrez d\u2019ailleurs observer\u00a0 \u00a0\u00a0dans plusieurs de ses illustrations.)<\/p>\n<p class=\"font_8\">Dipl\u00f4m\u00e9e depuis peu, elle travaille maintenant pour son compte (tout en &#8220;gagatisant&#8221; sur les lapins et en buvant des litres de th\u00e9).<br \/>\nAimant tenter diff\u00e9rentes choses, elle travaille pour de multiples projets : livre, BD,\u00a0 jeu de plateau, peinture, exposition&#8230;<img loading=\"lazy\" decoding=\"async\" class=\"size-medium wp-image-1447 alignright\" src=\"https:\/\/materlivres.org\/wp-content\/uploads\/2017\/04\/Auriane-Laenger-1-300x156.jpg\" alt=\"\" width=\"300\" height=\"156\" srcset=\"https:\/\/materlivres.org\/wp-content\/uploads\/2017\/04\/Auriane-Laenger-1-300x156.jpg 300w, https:\/\/materlivres.org\/wp-content\/uploads\/2017\/04\/Auriane-Laenger-1.jpg 374w\" sizes=\"(max-width: 300px) 100vw, 300px\" \/><\/p>\n<p class=\"font_8\"><span class=\"wixGuard\">\u200b<\/span>Cacher des lapins dans ses illustrations est sa grande passion !<\/p>\n<p>Merci \u00e0 elle de nous l&#8217;avoir montr\u00e9 sur son v\u00e9lo pour notre histoire de Turalo&#8230;<\/p>\n","protected":false},"excerpt":{"rendered":"<p>\u00a0\u00a0\u00a0\u00a0 N\u00e9e un soir de pleine lune, Auriane a toujours regard\u00e9 les \u00e9toiles. Depuis toujours, elle cherche \u00e0 transmettre (son amour des lapins et) un peu de sa magie au monde. Jeune, elle \u00e9prouve d\u00e9j\u00e0 une affinit\u00e9 pour l\u2019art, et s\u2019int\u00e9resse \u00e0 la musique, la photographie et le dessin. D\u00e9cidant de poursuivre dans cette voie, &hellip; <\/p>\n<p class=\"link-more\"><a href=\"https:\/\/materlivres.org\/?page_id=1452\" class=\"more-link\">Continuer la lecture<span class=\"screen-reader-text\"> de &laquo;&nbsp;Auriane Laenger&nbsp;&raquo;<\/span><\/a><\/p>\n","protected":false},"author":2,"featured_media":0,"parent":0,"menu_order":0,"comment_status":"closed","ping_status":"closed","template":"","meta":{"footnotes":""},"_links":{"self":[{"href":"https:\/\/materlivres.org\/index.php?rest_route=\/wp\/v2\/pages\/1452"}],"collection":[{"href":"https:\/\/materlivres.org\/index.php?rest_route=\/wp\/v2\/pages"}],"about":[{"href":"https:\/\/materlivres.org\/index.php?rest_route=\/wp\/v2\/types\/page"}],"author":[{"embeddable":true,"href":"https:\/\/materlivres.org\/index.php?rest_route=\/wp\/v2\/users\/2"}],"replies":[{"embeddable":true,"href":"https:\/\/materlivres.org\/index.php?rest_route=%2Fwp%2Fv2%2Fcomments&post=1452"}],"version-history":[{"count":3,"href":"https:\/\/materlivres.org\/index.php?rest_route=\/wp\/v2\/pages\/1452\/revisions"}],"predecessor-version":[{"id":1457,"href":"https:\/\/materlivres.org\/index.php?rest_route=\/wp\/v2\/pages\/1452\/revisions\/1457"}],"wp:attachment":[{"href":"https:\/\/materlivres.org\/index.php?rest_route=%2Fwp%2Fv2%2Fmedia&parent=1452"}],"curies":[{"name":"wp","href":"https:\/\/api.w.org\/{rel}","templated":true}]}}