{"id":1441,"date":"2018-10-19T11:38:24","date_gmt":"2018-10-19T09:38:24","guid":{"rendered":"http:\/\/materlivres.org\/?page_id=1441"},"modified":"2018-10-19T12:16:17","modified_gmt":"2018-10-19T10:16:17","slug":"les-illustarteurs","status":"publish","type":"page","link":"https:\/\/materlivres.org\/?page_id=1441","title":{"rendered":"Les illustratrices"},"content":{"rendered":"<p>Des illustratrices partagent nos valeurs.<\/p>\n<p>Elles nous accompagnent b\u00e9n\u00e9volement sur ce projet.<\/p>\n<p>Merci \u00e0 elles !<\/p>\n<p><a href=\"https:\/\/materlivres.org\/?page_id=1433\">Zazie B.<\/a><\/p>\n<p><a href=\"https:\/\/materlivres.org\/?page_id=1452\">Auriane Laenger<\/a><\/p>\n<p>&nbsp;<\/p>\n","protected":false},"excerpt":{"rendered":"<p>Des illustratrices partagent nos valeurs. Elles nous accompagnent b\u00e9n\u00e9volement sur ce projet. Merci \u00e0 elles ! Zazie B. Auriane Laenger &nbsp;<\/p>\n","protected":false},"author":2,"featured_media":0,"parent":0,"menu_order":0,"comment_status":"closed","ping_status":"closed","template":"","meta":{"footnotes":""},"_links":{"self":[{"href":"https:\/\/materlivres.org\/index.php?rest_route=\/wp\/v2\/pages\/1441"}],"collection":[{"href":"https:\/\/materlivres.org\/index.php?rest_route=\/wp\/v2\/pages"}],"about":[{"href":"https:\/\/materlivres.org\/index.php?rest_route=\/wp\/v2\/types\/page"}],"author":[{"embeddable":true,"href":"https:\/\/materlivres.org\/index.php?rest_route=\/wp\/v2\/users\/2"}],"replies":[{"embeddable":true,"href":"https:\/\/materlivres.org\/index.php?rest_route=%2Fwp%2Fv2%2Fcomments&post=1441"}],"version-history":[{"count":4,"href":"https:\/\/materlivres.org\/index.php?rest_route=\/wp\/v2\/pages\/1441\/revisions"}],"predecessor-version":[{"id":1458,"href":"https:\/\/materlivres.org\/index.php?rest_route=\/wp\/v2\/pages\/1441\/revisions\/1458"}],"wp:attachment":[{"href":"https:\/\/materlivres.org\/index.php?rest_route=%2Fwp%2Fv2%2Fmedia&parent=1441"}],"curies":[{"name":"wp","href":"https:\/\/api.w.org\/{rel}","templated":true}]}}