{"id":1426,"date":"2018-10-18T18:34:31","date_gmt":"2018-10-18T16:34:31","guid":{"rendered":"http:\/\/materlivres.org\/?page_id=1426"},"modified":"2019-02-17T09:23:39","modified_gmt":"2019-02-17T08:23:39","slug":"inscriptions-2","status":"publish","type":"page","link":"https:\/\/materlivres.org\/?page_id=1426","title":{"rendered":"Inscriptions 2019"},"content":{"rendered":"<p>Vous pouvez d\u00e8s maintenant vous inscrire \u00e0 la session 2019 en choisissant les histoires \u00e0 privil\u00e9gier&#8230;<\/p>\n<p><strong><a href=\"https:\/\/framaforms.org\/inscriptions-1538084508\/\">INSCRIPTIONS ( les derni\u00e8res inscriptions seront retenues sous r\u00e9serve de pouvoir former un nouveau groupe)<\/a><\/strong><\/p>\n<p>V\u00e9rifiez bien la validit\u00e9 de l&#8217;adresse mail inscrite dans le formulaire, ce qui permettra de communiquer plus tard.<\/p>\n<p>&nbsp;<\/p>\n<p><img loading=\"lazy\" decoding=\"async\" class=\"irc_mi alignright\" src=\"http:\/\/gafam.fr\/wp-content\/uploads\/2016\/12\/framaforms.png\" alt=\"R\u00e9sultat de recherche d'images pour &quot;framaform&quot;\" width=\"250\" height=\"100\" \/><\/p>\n<p><strong>Bon \u00e0 savoir<\/strong> : Vie priv\u00e9e garantie<\/p>\n<p>Framaforms est un service propos\u00e9 par Framasoft, association loi de 1901 d&#8217;int\u00e9r\u00eat g\u00e9n\u00e9ral dont un des objectifs est de r\u00e9sister aux atteintes \u00e0 la vie priv\u00e9e, notamment lorsqu&#8217;il s&#8217;agit de collectes massives telles que pratiqu\u00e9es par GAFAM (Google, Apple, Facebook, Amazon, Microsoft). Nous prenons l&#8217;engagement (lien CGU) de ne pas exploiter vos donn\u00e9es ou celles de vos utilisateurs.<\/p>\n","protected":false},"excerpt":{"rendered":"<p>Vous pouvez d\u00e8s maintenant vous inscrire \u00e0 la session 2019 en choisissant les histoires \u00e0 privil\u00e9gier&#8230; INSCRIPTIONS ( les derni\u00e8res inscriptions seront retenues sous r\u00e9serve de pouvoir former un nouveau groupe) V\u00e9rifiez bien la validit\u00e9 de l&#8217;adresse mail inscrite dans le formulaire, ce qui permettra de communiquer plus tard. &nbsp; Bon \u00e0 savoir : Vie &hellip; <\/p>\n<p class=\"link-more\"><a href=\"https:\/\/materlivres.org\/?page_id=1426\" class=\"more-link\">Continuer la lecture<span class=\"screen-reader-text\"> de &laquo;&nbsp;Inscriptions 2019&nbsp;&raquo;<\/span><\/a><\/p>\n","protected":false},"author":2,"featured_media":0,"parent":0,"menu_order":0,"comment_status":"closed","ping_status":"closed","template":"","meta":{"footnotes":""},"_links":{"self":[{"href":"https:\/\/materlivres.org\/index.php?rest_route=\/wp\/v2\/pages\/1426"}],"collection":[{"href":"https:\/\/materlivres.org\/index.php?rest_route=\/wp\/v2\/pages"}],"about":[{"href":"https:\/\/materlivres.org\/index.php?rest_route=\/wp\/v2\/types\/page"}],"author":[{"embeddable":true,"href":"https:\/\/materlivres.org\/index.php?rest_route=\/wp\/v2\/users\/2"}],"replies":[{"embeddable":true,"href":"https:\/\/materlivres.org\/index.php?rest_route=%2Fwp%2Fv2%2Fcomments&post=1426"}],"version-history":[{"count":7,"href":"https:\/\/materlivres.org\/index.php?rest_route=\/wp\/v2\/pages\/1426\/revisions"}],"predecessor-version":[{"id":1583,"href":"https:\/\/materlivres.org\/index.php?rest_route=\/wp\/v2\/pages\/1426\/revisions\/1583"}],"wp:attachment":[{"href":"https:\/\/materlivres.org\/index.php?rest_route=%2Fwp%2Fv2%2Fmedia&parent=1426"}],"curies":[{"name":"wp","href":"https:\/\/api.w.org\/{rel}","templated":true}]}}