{"id":1380,"date":"2018-08-11T16:15:56","date_gmt":"2018-08-11T14:15:56","guid":{"rendered":"http:\/\/materlivres.org\/?page_id=1380"},"modified":"2019-02-17T18:37:01","modified_gmt":"2019-02-17T17:37:01","slug":"matermonde","status":"publish","type":"page","link":"https:\/\/materlivres.org\/?page_id=1380","title":{"rendered":"Calendrier"},"content":{"rendered":"<p><strong>Calendrier :6 semaines <\/strong><strong> d&#8217;interventions<br \/>\n<\/strong><\/p>\n<p>du 25 f\u00e9vrier au 12 Avril<\/p>\n<figure id=\"attachment_1383\" aria-describedby=\"caption-attachment-1383\" style=\"width: 300px\" class=\"wp-caption alignright\"><a href=\"https:\/\/materlivres.org\/wp-content\/uploads\/2018\/08\/monde.jpg\"><img loading=\"lazy\" decoding=\"async\" class=\"wp-image-1383 size-medium\" src=\"https:\/\/materlivres.org\/wp-content\/uploads\/2018\/08\/monde-300x148.jpg\" alt=\"\" width=\"300\" height=\"148\" srcset=\"https:\/\/materlivres.org\/wp-content\/uploads\/2018\/08\/monde-300x148.jpg 300w, https:\/\/materlivres.org\/wp-content\/uploads\/2018\/08\/monde-600x296.jpg 600w, https:\/\/materlivres.org\/wp-content\/uploads\/2018\/08\/monde.jpg 677w\" sizes=\"(max-width: 300px) 100vw, 300px\" \/><\/a><figcaption id=\"caption-attachment-1383\" class=\"wp-caption-text\">\u00a9 Domaina \/ Wikimedia Commons<\/figcaption><\/figure>\n<p>&#8220;Matermonde&#8221; proposera aux classes de contribuer au d\u00e9veloppement de l&#8217;histoire et de mutualiser les illustrations. Ainsi chaque classe fera progresser l&#8217;histoire en tenant compte des productions pr\u00e9c\u00e9dentes et r\u00e9alisera deux illustrations sur deux parties \u00e9crites par des autres classes&#8230;.<\/p>\n<h1>Des groupes de 4 Classes ou 5 classes seront r\u00e9alis\u00e9s<\/h1>\n<h2>Calendrier d&#8217;intervention pour des groupes de 4 classes :<\/h2>\n<p><strong><img loading=\"lazy\" decoding=\"async\" class=\"alignnone wp-image-1562 size-full\" src=\"https:\/\/materlivres.org\/wp-content\/uploads\/2018\/08\/4-classes.jpg\" alt=\"\" width=\"1048\" height=\"241\" srcset=\"https:\/\/materlivres.org\/wp-content\/uploads\/2018\/08\/4-classes.jpg 1048w, https:\/\/materlivres.org\/wp-content\/uploads\/2018\/08\/4-classes-300x69.jpg 300w, https:\/\/materlivres.org\/wp-content\/uploads\/2018\/08\/4-classes-768x177.jpg 768w, https:\/\/materlivres.org\/wp-content\/uploads\/2018\/08\/4-classes-1024x235.jpg 1024w, https:\/\/materlivres.org\/wp-content\/uploads\/2018\/08\/4-classes-600x138.jpg 600w\" sizes=\"(max-width: 706px) 89vw, (max-width: 767px) 82vw, 740px\" \/><\/strong><\/p>\n<p><u>La premi\u00e8re semaine<\/u> seule la <strong>classe A<\/strong> \u00e9crit la suite de l&#8217;histoire parties 1 et 2.<\/p>\n<p><u>La deuxi\u00e8me semaine<\/u>, c&#8217;est la <strong>classe B<\/strong> qui continue \u00e0 \u00e9crire \u00e0 \u00a0la suite de la classe A ( partie 3 et 4 )et simultan\u00e9ment, \u00a0la\u00a0 <strong>classe C<\/strong> illustre la partie1 et la <strong>classe\u00a0 D<\/strong> la partie 2.<\/p>\n<p><u>La troisi\u00e8me semaine<\/u>, la<strong> classe C<\/strong> \u00e9crit les parties 5 et 6 tandis que la <strong>Classe D<\/strong> illustre la partie 3 et la <strong>classe A<\/strong> la partie 4<\/p>\n<p><u>La quatri\u00e8me semaine<\/u>, la <strong>classe D<\/strong> \u00e9crit les parties 7 et 8 tandis que la<strong> Classe A<\/strong> illustre la partie 5 et la <strong>classe B<\/strong> la partie 6<\/p>\n<p><u>La cinqui\u00e8me semaine<\/u> aucune classe n&#8217;\u00e9crit tandis que la <strong>Classe B<\/strong> illustre la partie 7 et la <strong>classe C<\/strong> la partie 8<\/p>\n<h2>Calendrier d&#8217;intervention pour des groupes de 5 classes :<\/h2>\n<p><img loading=\"lazy\" decoding=\"async\" class=\"alignnone wp-image-1563 size-full\" src=\"https:\/\/materlivres.org\/wp-content\/uploads\/2018\/08\/5-classes.jpg\" alt=\"\" width=\"1050\" height=\"275\" srcset=\"https:\/\/materlivres.org\/wp-content\/uploads\/2018\/08\/5-classes.jpg 1050w, https:\/\/materlivres.org\/wp-content\/uploads\/2018\/08\/5-classes-300x79.jpg 300w, https:\/\/materlivres.org\/wp-content\/uploads\/2018\/08\/5-classes-768x201.jpg 768w, https:\/\/materlivres.org\/wp-content\/uploads\/2018\/08\/5-classes-1024x268.jpg 1024w, https:\/\/materlivres.org\/wp-content\/uploads\/2018\/08\/5-classes-600x157.jpg 600w\" sizes=\"(max-width: 706px) 89vw, (max-width: 767px) 82vw, 740px\" \/><\/p>\n<p><u>La premi\u00e8re semaine<\/u> seule la <strong>classe A<\/strong> \u00e9crit la suite de l&#8217;histoire parties 1 et 2.<\/p>\n<p><u>La deuxi\u00e8me semaine<\/u>, c&#8217;est la <strong>classe B<\/strong> qui continue \u00e0 \u00e9crire \u00e0 \u00a0la suite de la classe A ( partie 3 et 4 )et simultan\u00e9ment, \u00a0la\u00a0 <strong>classe C<\/strong> illustre la partie 1 et la <strong>classe E<\/strong> la partie 2.<\/p>\n<p><u>La troisi\u00e8me semaine<\/u>, la<strong> classe C<\/strong> \u00e9crit les parties 5 et 6 tandis que la <strong>Classe D<\/strong> illustre la partie 3 et la <strong>classe A<\/strong> la partie 4<\/p>\n<p><u>La quatri\u00e8me semaine<\/u>, la <strong>classe D<\/strong> \u00e9crit les parties 7 et 8 tandis que la <strong>Classe E<\/strong> illustre la partie 5 et la <strong>classe B<\/strong> la partie 6<\/p>\n<p><u>La cinqui\u00e8me semaine<\/u>, la<strong> classe E<\/strong> termine l&#8217;histoire avec les parties 9 et 10 tandis que la <strong>Classe A<\/strong> illustre la partie 7 et la <strong>classe C<\/strong> la partie 8<\/p>\n<p><u>La sixi\u00e8me semaine<\/u>, aucune classe n&#8217;\u00e9crit tandis que la <strong>Classe B<\/strong> illustre la partie 9 et la <strong>classe D<\/strong> la partie 10<\/p>\n<p><strong>Le principe<\/strong> :<\/p>\n<p>En utilisant le principe du \u00ab\u00a0roman baladeur\u00a0\u00bb, les classes de maternelle sont invit\u00e9es \u00e0 \u00e9crire, par groupe de 4 ou 5 classes, des livres virtuels consultables sur internet. Nous proposons l\u2019amorce de l\u2019histoire. Une classe \u00e9crit la suite, en deux partie,\u00a0 puis c&#8217;est au tour de la seconde de continuer l&#8217;histoire pendant qu&#8217;une autre classe r\u00e9alise l&#8217;illustration de la premi\u00e8re partie d\u00e9j\u00e0 \u00e9crite et une seconde seconde classe illustre dans le m\u00eame temps\u00a0 la seconde partie d\u00e9j\u00e0 \u00e9crite. Le principe sera identique pour les classes suivantes&#8230; Ainsi, chaque classe \u00e9crit un \u00e9pisode de l\u2019histoire et r\u00e9alise deux illustrations sur des parties \u00e9crites par les autres.<\/p>\n","protected":false},"excerpt":{"rendered":"<p>Calendrier :6 semaines d&#8217;interventions du 25 f\u00e9vrier au 12 Avril &#8220;Matermonde&#8221; proposera aux classes de contribuer au d\u00e9veloppement de l&#8217;histoire et de mutualiser les illustrations. Ainsi chaque classe fera progresser l&#8217;histoire en tenant compte des productions pr\u00e9c\u00e9dentes et r\u00e9alisera deux illustrations sur deux parties \u00e9crites par des autres classes&#8230;. Des groupes de 4 Classes ou &hellip; <\/p>\n<p class=\"link-more\"><a href=\"https:\/\/materlivres.org\/?page_id=1380\" class=\"more-link\">Continuer la lecture<span class=\"screen-reader-text\"> de &laquo;&nbsp;Calendrier&nbsp;&raquo;<\/span><\/a><\/p>\n","protected":false},"author":2,"featured_media":0,"parent":1392,"menu_order":0,"comment_status":"closed","ping_status":"closed","template":"","meta":{"footnotes":""},"_links":{"self":[{"href":"https:\/\/materlivres.org\/index.php?rest_route=\/wp\/v2\/pages\/1380"}],"collection":[{"href":"https:\/\/materlivres.org\/index.php?rest_route=\/wp\/v2\/pages"}],"about":[{"href":"https:\/\/materlivres.org\/index.php?rest_route=\/wp\/v2\/types\/page"}],"author":[{"embeddable":true,"href":"https:\/\/materlivres.org\/index.php?rest_route=\/wp\/v2\/users\/2"}],"replies":[{"embeddable":true,"href":"https:\/\/materlivres.org\/index.php?rest_route=%2Fwp%2Fv2%2Fcomments&post=1380"}],"version-history":[{"count":17,"href":"https:\/\/materlivres.org\/index.php?rest_route=\/wp\/v2\/pages\/1380\/revisions"}],"predecessor-version":[{"id":1598,"href":"https:\/\/materlivres.org\/index.php?rest_route=\/wp\/v2\/pages\/1380\/revisions\/1598"}],"up":[{"embeddable":true,"href":"https:\/\/materlivres.org\/index.php?rest_route=\/wp\/v2\/pages\/1392"}],"wp:attachment":[{"href":"https:\/\/materlivres.org\/index.php?rest_route=%2Fwp%2Fv2%2Fmedia&parent=1380"}],"curies":[{"name":"wp","href":"https:\/\/api.w.org\/{rel}","templated":true}]}}