{"id":1130,"date":"2018-02-10T23:56:42","date_gmt":"2018-02-10T22:56:42","guid":{"rendered":"http:\/\/materlivres.org\/?page_id=1130"},"modified":"2018-02-10T23:56:42","modified_gmt":"2018-02-10T22:56:42","slug":"pedagogie-2","status":"publish","type":"page","link":"https:\/\/materlivres.org\/?page_id=1130","title":{"rendered":"P\u00e9dagogie"},"content":{"rendered":"<h3>\u00a0Les objectifs<\/h3>\n<p>Ce projet comporte de nombreux volets originaux et innovants, list\u00e9s du point de vue num\u00e9rique, citoyennet\u00e9 et disciplinaire.<\/p>\n<p><a href=\"https:\/\/materlivres.org\/?p=150\">Les domaines disciplinaires<\/a><\/p>\n<h3>La p\u00e9dagogie<\/h3>\n<p>Plusieurs \u00e9tapes importantes : l&#8217;avant projet, la r\u00e9alisation proprement dite et le partage. Quelques rep\u00e8res sont \u00e9nonc\u00e9es ci dessous<\/p>\n<p><a href=\"https:\/\/materlivres.org\/?p=153\">Avant l&#8217;intervention<\/a><br \/>\n<a href=\"https:\/\/materlivres.org\/?p=159\">La production<\/a><br \/>\n<a href=\"https:\/\/materlivres.org\/?p=165\">Apr\u00e8s L&#8217;intervention<\/a><\/p>\n","protected":false},"excerpt":{"rendered":"<p>\u00a0Les objectifs Ce projet comporte de nombreux volets originaux et innovants, list\u00e9s du point de vue num\u00e9rique, citoyennet\u00e9 et disciplinaire. Les domaines disciplinaires La p\u00e9dagogie Plusieurs \u00e9tapes importantes : l&#8217;avant projet, la r\u00e9alisation proprement dite et le partage. Quelques rep\u00e8res sont \u00e9nonc\u00e9es ci dessous Avant l&#8217;intervention La production Apr\u00e8s L&#8217;intervention<\/p>\n","protected":false},"author":2,"featured_media":0,"parent":0,"menu_order":0,"comment_status":"closed","ping_status":"closed","template":"","meta":{"footnotes":""},"_links":{"self":[{"href":"https:\/\/materlivres.org\/index.php?rest_route=\/wp\/v2\/pages\/1130"}],"collection":[{"href":"https:\/\/materlivres.org\/index.php?rest_route=\/wp\/v2\/pages"}],"about":[{"href":"https:\/\/materlivres.org\/index.php?rest_route=\/wp\/v2\/types\/page"}],"author":[{"embeddable":true,"href":"https:\/\/materlivres.org\/index.php?rest_route=\/wp\/v2\/users\/2"}],"replies":[{"embeddable":true,"href":"https:\/\/materlivres.org\/index.php?rest_route=%2Fwp%2Fv2%2Fcomments&post=1130"}],"version-history":[{"count":1,"href":"https:\/\/materlivres.org\/index.php?rest_route=\/wp\/v2\/pages\/1130\/revisions"}],"predecessor-version":[{"id":1131,"href":"https:\/\/materlivres.org\/index.php?rest_route=\/wp\/v2\/pages\/1130\/revisions\/1131"}],"wp:attachment":[{"href":"https:\/\/materlivres.org\/index.php?rest_route=%2Fwp%2Fv2%2Fmedia&parent=1130"}],"curies":[{"name":"wp","href":"https:\/\/api.w.org\/{rel}","templated":true}]}}