{"id":1072,"date":"2018-02-07T10:21:56","date_gmt":"2018-02-07T09:21:56","guid":{"rendered":"http:\/\/materlivres.org\/?page_id=1072"},"modified":"2018-03-21T19:28:31","modified_gmt":"2018-03-21T18:28:31","slug":"le-numerique","status":"publish","type":"page","link":"https:\/\/materlivres.org\/?page_id=1072","title":{"rendered":"Le num\u00e9rique"},"content":{"rendered":"<p><strong>La tablette de Tom<br \/>\n<\/strong><\/p>\n<!--[if lt IE 9]><script>document.createElement('audio');<\/script><![endif]-->\n<audio class=\"wp-audio-shortcode\" id=\"audio-1072-1\" preload=\"none\" style=\"width: 100%;\" controls=\"controls\"><source type=\"audio\/mpeg\" src=\"https:\/\/materlivres.org\/wp-content\/uploads\/2018\/02\/tablette0.mp3?_=1\" \/><a href=\"https:\/\/materlivres.org\/wp-content\/uploads\/2018\/02\/tablette0.mp3\">https:\/\/materlivres.org\/wp-content\/uploads\/2018\/02\/tablette0.mp3<\/a><\/audio>\n<p>_ Viens jouer avec moi Tom ! lui demande Lucia, sa petite s\u0153ur qui pleure car elle s\u2019ennuie.<\/p>\n<p>Mais \u00e0 chaque fois, Tom dit \u00ab non ! \u00bb Il pr\u00e9f\u00e8re jouer avec sa tablette, et jamais avec sa petite s\u0153ur. Lucia est triste. Elle doit avoir une id\u00e9e\u2026<img loading=\"lazy\" decoding=\"async\" class=\"alignnone wp-image-1073 size-full\" src=\"https:\/\/materlivres.org\/wp-content\/uploads\/2018\/02\/tablette.jpg\" alt=\"\" width=\"871\" height=\"665\" srcset=\"https:\/\/materlivres.org\/wp-content\/uploads\/2018\/02\/tablette.jpg 871w, https:\/\/materlivres.org\/wp-content\/uploads\/2018\/02\/tablette-300x229.jpg 300w, https:\/\/materlivres.org\/wp-content\/uploads\/2018\/02\/tablette-768x586.jpg 768w, https:\/\/materlivres.org\/wp-content\/uploads\/2018\/02\/tablette-600x458.jpg 600w\" sizes=\"(max-width: 706px) 89vw, (max-width: 767px) 82vw, 740px\" \/><\/p>\n<p><a href=\"https:\/\/docs.google.com\/presentation\/d\/16KQBMrKmJUXbCazvjKFm25lFBh88I9Ya-Vqg7P6RZY8\/present?token=AC4w5VjcrtdHG3aFZlR3b6U388_bGp_SDw%3A1521308934724&amp;includes_info_params=1#slide=id.p\">Pour retrouver la r\u00e9alisation des enfants <\/a><\/p>\n","protected":false},"excerpt":{"rendered":"<p>La tablette de Tom _ Viens jouer avec moi Tom ! lui demande Lucia, sa petite s\u0153ur qui pleure car elle s\u2019ennuie. Mais \u00e0 chaque fois, Tom dit \u00ab non ! \u00bb Il pr\u00e9f\u00e8re jouer avec sa tablette, et jamais avec sa petite s\u0153ur. Lucia est triste. Elle doit avoir une id\u00e9e\u2026 Pour retrouver la &hellip; <\/p>\n<p class=\"link-more\"><a href=\"https:\/\/materlivres.org\/?page_id=1072\" class=\"more-link\">Continuer la lecture<span class=\"screen-reader-text\"> de &laquo;&nbsp;Le num\u00e9rique&nbsp;&raquo;<\/span><\/a><\/p>\n","protected":false},"author":2,"featured_media":0,"parent":0,"menu_order":0,"comment_status":"closed","ping_status":"closed","template":"","meta":{"footnotes":""},"_links":{"self":[{"href":"https:\/\/materlivres.org\/index.php?rest_route=\/wp\/v2\/pages\/1072"}],"collection":[{"href":"https:\/\/materlivres.org\/index.php?rest_route=\/wp\/v2\/pages"}],"about":[{"href":"https:\/\/materlivres.org\/index.php?rest_route=\/wp\/v2\/types\/page"}],"author":[{"embeddable":true,"href":"https:\/\/materlivres.org\/index.php?rest_route=\/wp\/v2\/users\/2"}],"replies":[{"embeddable":true,"href":"https:\/\/materlivres.org\/index.php?rest_route=%2Fwp%2Fv2%2Fcomments&post=1072"}],"version-history":[{"count":4,"href":"https:\/\/materlivres.org\/index.php?rest_route=\/wp\/v2\/pages\/1072\/revisions"}],"predecessor-version":[{"id":1270,"href":"https:\/\/materlivres.org\/index.php?rest_route=\/wp\/v2\/pages\/1072\/revisions\/1270"}],"wp:attachment":[{"href":"https:\/\/materlivres.org\/index.php?rest_route=%2Fwp%2Fv2%2Fmedia&parent=1072"}],"curies":[{"name":"wp","href":"https:\/\/api.w.org\/{rel}","templated":true}]}}